{"id":2,"date":"2021-07-21T18:32:36","date_gmt":"2021-07-21T15:32:36","guid":{"rendered":"http:\/\/visapro.com.pl\/?page_id=2"},"modified":"2022-11-04T10:44:58","modified_gmt":"2022-11-04T08:44:58","slug":"sample-page","status":"publish","type":"page","link":"https:\/\/visapro.com.pl\/pl\/sample-page\/","title":{"rendered":"Grecia"},"content":{"rendered":"<p>[vc_section enable_inner=&#8221;yes&#8221; parallax=&#8221;content-moving-fade&#8221; inner_padding_top=&#8221;pt-0&#8243; bg_class=&#8221;bg-tra&#8221; parallax_image_attachment=&#8221;inherit&#8221; padding_class=&#8221;&#8221; parallax_image_repeat=&#8221;&#8221; parallax_image_position=&#8221;50% 0&#8243; section_engine=&#8221;hero&#8221; css=&#8221;.vc_custom_1627637612329{background-image: url(http:\/\/visapro.com.pl\/wp-content\/uploads\/2021\/07\/santorini1_mibs.jpg?id=2931) !important;}&#8221;][vc_row parallax_image_attachment=&#8221;inherit&#8221;][vc_column width=&#8221;7\/12&#8243;]\n        <div > \n        \t\n                     \n            <h3 class=\"white-color h3-xl none\">Wiza do Grecji od 90 \u20ac<\/h3>\n            <p class=\"white-color p-lg none\">Zapewniamy pomoc w uzyskaniu wiz turystycznych do Grecji z gwarancj\u0105 do 1 roku<\/p> \n             \n            \n                        \n                        \n            \n             \n                       \n                        \n                  \n        <\/div>[\/vc_column][vc_column width=&#8221;5\/12&#8243;]\n<div class=\"wpcf7 no-js\" id=\"wpcf7-f3679-o1\" lang=\"en-US\" dir=\"ltr\" data-wpcf7-id=\"3679\">\n<div class=\"screen-reader-response\"><p role=\"status\" aria-live=\"polite\" aria-atomic=\"true\"><\/p> <ul><\/ul><\/div>\n<form action=\"\/pl\/wp-json\/wp\/v2\/pages\/2#wpcf7-f3679-o1\" method=\"post\" class=\"wpcf7-form init\" aria-label=\"Contact form\" novalidate=\"novalidate\" data-status=\"init\">\n<fieldset class=\"hidden-fields-container\"><input type=\"hidden\" name=\"_wpcf7\" value=\"3679\" \/><input type=\"hidden\" name=\"_wpcf7_version\" value=\"6.1.4\" \/><input type=\"hidden\" name=\"_wpcf7_locale\" value=\"en_US\" \/><input type=\"hidden\" name=\"_wpcf7_unit_tag\" value=\"wpcf7-f3679-o1\" \/><input type=\"hidden\" name=\"_wpcf7_container_post\" value=\"0\" \/><input type=\"hidden\" name=\"_wpcf7_posted_data_hash\" value=\"\" \/><input type=\"hidden\" name=\"lang\" value=\"pl\" \/>\n<\/fieldset>\n<div id=\"hero-form\" class=\"text-center mb-40\">\n\t<div class=\"row hero-request-form bg-darkblue\">\n\t\t<div class=\"col-md-12 white-color\">\n\t\t\t<h5 class=\"h5-lg\">Popro\u015b o telefon\n\t\t\t<\/h5>\n\t\t<\/div>\n\t\t<div id=\"input-name\" class=\"col-md-12\">\n\t\t\t<p><span class=\"wpcf7-form-control-wrap\" data-name=\"your-name\"><input size=\"40\" maxlength=\"400\" class=\"wpcf7-form-control wpcf7-text wpcf7-validates-as-required form-control name\" aria-required=\"true\" aria-invalid=\"false\" placeholder=\"Twoje imi\u0119\" value=\"\" type=\"text\" name=\"your-name\" \/><\/span>\n\t\t\t<\/p>\n\t\t<\/div>\n\t\t<div id=\"input-email\" class=\"col-md-12\">\n\t\t\t<p><span class=\"wpcf7-form-control-wrap\" data-name=\"your-email\"><input size=\"40\" maxlength=\"400\" class=\"wpcf7-form-control wpcf7-email wpcf7-validates-as-required wpcf7-text wpcf7-validates-as-email form-control email\" aria-required=\"true\" aria-invalid=\"false\" placeholder=\"Tw\u00f3j email\" value=\"\" type=\"email\" name=\"your-email\" \/><\/span>\n\t\t\t<\/p>\n\t\t<\/div>\n\t\t<div id=\"input-email\" class=\"col-md-12\">\n\t\t\t<p><span class=\"wpcf7-form-control-wrap\" data-name=\"tel-449\"><input size=\"40\" maxlength=\"400\" class=\"wpcf7-form-control wpcf7-tel wpcf7-validates-as-required wpcf7-text wpcf7-validates-as-tel form-control email\" aria-required=\"true\" aria-invalid=\"false\" placeholder=\"Tw\u00f3j numer telefonu\" value=\"\" type=\"tel\" name=\"tel-449\" \/><\/span>\n\t\t\t<\/p>\n\t\t<\/div>\n\t\t<div id=\"input-visa\" class=\"col-md-12 input-visa\">\n\t\t\t<p><span class=\"wpcf7-form-control-wrap visa\"><select class=\"wpcf7-form-control wpcf7-select wpcf7-validates-as-required custom-select visa\" name=\"visa\"><option value=\"W\u0119gry\">W\u0119gry<\/option><option value=\"Australia\">Australia<\/option><option value=\"Kanada\">Kanada<\/option><option value=\"Wielka Brytania\">Wielka Brytania<\/option><option value=\"USA\">USA<\/option><option value=\"Niemcy\">Niemcy<\/option><option value=\"Grecja\">Grecja<\/option><option value=\"Litwa\">Litwa<\/option><option value=\"S\u0142owacja\">S\u0142owacja<\/option><option value=\"W\u0142ochy\">W\u0142ochy<\/option><option value=\"Polska\">Polska<\/option><option value=\"Estonia\">Estonia<\/option><option value=\"Czechy\">Czechy<\/option><option value=\"Hiszpania\">Hiszpania<\/option><option value=\"Francja\">Francja<\/option><option value=\"Meksyk\">Meksyk<\/option><option value=\"Japonia\">Japonia<\/option><option value=\"Chiny\">Chiny<\/option><option value=\"RPA\">RPA<\/option><option value=\"Nowa Zelandia\">Nowa Zelandia<\/option><option value=\"Indonezja\">Indonezja<\/option><option value=\"Rumunia\">Rumunia<\/option><option value=\"Bu\u0142garia\">Bu\u0142garia<\/option><option value=\"Holandia\">Holandia<\/option><\/select><\/span>\n\t\t\t<\/p>\n\t\t<\/div>\n\t\t<div class=\"col-md-12 form-btn\">\n\t\t\t<p><input class=\"wpcf7-form-control wpcf7-submit has-spinner btn btn-primary tra-white-hover submit\" type=\"submit\" value=\"Wy\u015blij zapytanie\" \/>\n\t\t\t<\/p>\n\t\t\t<div class=\"white-color\">\n\t\t\t<div class=\"wpcf7-response-output\" aria-hidden=\"true\"><\/div>\n\t\t\t<\/div>\n\t\t<\/div>\n\t<\/div>\n<\/div>\n<\/form>\n<\/div>\n[\/vc_column][\/vc_row][\/vc_section][vc_section parallax_image_attachment=&#8221;inherit&#8221; padding_class=&#8221;&#8221;][vc_row enable_outer_container=&#8221;yes&#8221; parallax_image_attachment=&#8221;inherit&#8221;][vc_column][vc_column_text]<\/p>\n<h1 class=\"h2-xs darkblue-color\" style=\"text-align: center;\"><strong><span style=\"color: #1d437b;\">Koszt rejestracji <\/span><\/strong><strong><span style=\"color: #1d437b;\">Wiza Schengen <\/span><\/strong><\/h1>\n<h1 class=\"h2-xs darkblue-color\" style=\"text-align: center;\"><strong><span style=\"color: #1d437b;\">do <\/span><\/strong><strong><span style=\"color: #1d437b;\">Grecja<\/span><\/strong><\/h1>\n<p>[\/vc_column_text][\/vc_column][\/vc_row][vc_row parallax_image_attachment=&#8221;inherit&#8221;][vc_column width=&#8221;7\/12&#8243;][vc_column_text]<\/p>\n<table class=\"table-price template2\">\n<thead>\n<tr>\n<th>D\u0142ugo\u015b\u0107 pobytu<\/th>\n<th align=\"center\">Cena<\/th>\n<th>Czas przetwarzania<\/th>\n<\/tr>\n<\/thead>\n<tbody>\n<tr class=\"odd\">\n<td>34\/20<\/td>\n<td class=\"highlight\">od 90 \u20ac<\/td>\n<td>7 dni<\/td>\n<\/tr>\n<tr class=\"even\">\n<td>45\/30<\/td>\n<td>od 110 \u20ac<\/td>\n<td>7 dni<\/td>\n<\/tr>\n<tr class=\"odd\">\n<td>90\/45<\/td>\n<td>od 130 \u20ac<\/td>\n<td>7 dni<\/td>\n<\/tr>\n<tr class=\"even\">\n<td>180\/90<\/td>\n<td>od 150 \u20ac<\/td>\n<td>7 dni<\/td>\n<\/tr>\n<tr class=\"odd\">\n<td>365\/90\/90<\/td>\n<td>od 200 \u20ac<\/td>\n<td>7 dni<\/td>\n<\/tr>\n<\/tbody>\n<\/table>\n<p>[\/vc_column_text][\/vc_column][vc_column width=&#8221;5\/12&#8243;][vc_column_text]<strong>Wliczone w cen\u0119:<\/strong><br \/>\n\u2013 konsultacje do\u015bwiadczonego managera,<br \/>\n\u2013 rejestracja sk\u0142adania dokument\u00f3w,<br \/>\n\u2013 profesjonalne wype\u0142nienie ankiety,<br \/>\n\u2013 rejestracja ubezpieczenia medycznego,<br \/>\n\u2013 z\u0142o\u017cenie dokument\u00f3w lub pe\u0142ne wsparcie,<br \/>\n\u2013 konsultacje przy przekraczaniu granicy,<br \/>\n\u2013 stworzenie kompletnego pakietu dokument\u00f3w.[\/vc_column_text][\/vc_column][\/vc_row][\/vc_section][vc_section section_type=&#8221;hero&#8221; parallax_image_attachment=&#8221;inherit&#8221; padding_class=&#8221;&#8221;][vc_row content_placement=&#8221;top&#8221; parallax_image_attachment=&#8221;inherit&#8221;][vc_column][vc_column_text]<\/p>\n<h1 style=\"text-align: center;\"><span style=\"color: #1d437b;\"><strong>Ubieganie si\u0119 o wiz\u0119 turystyczn\u0105 <\/strong><\/span><\/h1>\n<h1 style=\"text-align: center;\"><span style=\"color: #1d437b;\"><strong>do Grecji<\/strong><\/span><\/h1>\n<p>W Grecji musisz cieszy\u0107 si\u0119 wszystkim: pysznym jedzeniem i tradycyjnymi winami, ciep\u0142ym morzem i po\u0142udniowym upa\u0142em, komunikacj\u0105 z mieszka\u0144cami i przyrod\u0105, antykami i spokojem, dyskotekami i rozrywk\u0105. Wszystko na raz &#8211; raczej nie oka\u017ce si\u0119 inaczej.<\/p>\n<p>W ka\u017cdej cz\u0119\u015bci Grecji jest grill, kawiarnia, cukiernia, bar lub bar z przek\u0105skami. Porcje w restauracjach kuchni greckiej czy mi\u0119dzynarodowej nie obra\u017c\u0105 nawet nienasyconego turyst\u0119. \u017baden inny kraj na \u015bwiecie nie jest tak dumny ze swojego sera i nie spo\u017cywa go w takich ilo\u015bciach. Mo\u017cesz wypr\u00f3bowa\u0107 inn\u0105 odmian\u0119 w ka\u017cdym regionie.<\/p>\n<p>Grecja to jeden z najpopularniejszych kraj\u00f3w turystycznych, zw\u0142aszcza latem. Z tego powodu do kraju jest wiele regularnych i czarterowych lot\u00f3w.<\/p>\n<p>Je\u015bli chcesz terminowo ubiega\u0107 si\u0119 o wiz\u0119 Schengen do Grecji i bez wysi\u0142ku wjecha\u0107 i podr\u00f3\u017cowa\u0107 po kraju, cieszy\u0107 si\u0119 niesamowitym pi\u0119knem m\u00f3rz i pal\u0105cym s\u0142o\u0144cem, radzimy skontaktowa\u0107 si\u0119 z nasz\u0105 agencj\u0105 wizow\u0105. Poniewa\u017c uzyskanie wizy wymaga jasnych umiej\u0119tno\u015bci, kontaktuj\u0105c si\u0119 z naszymi specjalistami, mo\u017cesz mie\u0107 pewno\u015b\u0107, \u017ce unikniesz niepotrzebnych b\u0142\u0119d\u00f3w.[\/vc_column_text][\/vc_column][\/vc_row][\/vc_section][vc_section parallax_image_attachment=&#8221;inherit&#8221; padding_class=&#8221;&#8221;][vc_row parallax_image_attachment=&#8221;inherit&#8221;][vc_column][vc_column_text]<\/p>\n<h1 class=\"h2-xs darkblue-color\" style=\"text-align: center;\"><strong><span style=\"color: #1d437b;\">Dokumenty dla Greckiej wizy<\/span><\/strong><\/h1>\n<div>\n<p>&#8211; orygina\u0142 wa\u017cnego paszportu zagranicznego,<br \/>\n&#8211; kopie wszystkich stron paszportu,<br \/>\n&#8211; kopi\u0119 kodu identyfikacyjnego,<br \/>\n&#8211; \u015bwie\u017ce zdj\u0119cia 3,5 x 4,5,<br \/>\n&#8211; bon turystyczny wystawiony zgodnie z wymaganiami konsulatu,<br \/>\n&#8211; za\u015bwiadczenie z miejsca pracy\/instytucji edukacyjnej,<br \/>\n&#8211; za\u015bwiadczenie finansowe z banku z ruchem na konto.<\/p>\n<\/div>\n<p>[\/vc_column_text][\/vc_column][\/vc_row][vc_row parallax_image_attachment=&#8221;inherit&#8221;][vc_column][vc_column_text]<\/p>\n<h1 class=\"h2-xs darkblue-color\" style=\"text-align: center;\"><strong><span style=\"color: #1d437b;\">Ciekawe <\/span><\/strong><\/h1>\n<h1 class=\"h2-xs darkblue-color\" style=\"text-align: center;\"><strong><span style=\"color: #1d437b;\">o Grecji<\/span><\/strong><\/h1>\n<p>[\/vc_column_text][\/vc_column][\/vc_row][vc_row parallax_image_attachment=&#8221;inherit&#8221;][vc_column][vc_basic_grid post_type=&#8221;post&#8221; max_items=&#8221;3&#8243; initial_loading_animation=&#8221;none&#8221; grid_id=&#8221;vc_gid:1664282416006-4415fc11-8a45-6&#8243; taxonomies=&#8221;41&#8243;][\/vc_column][\/vc_row][\/vc_section]<\/p>\n","protected":false},"excerpt":{"rendered":"<p>[vc_section enable_inner=&#8221;yes&#8221; parallax=&#8221;content-moving-fade&#8221; inner_padding_top=&#8221;pt-0&#8243; bg_class=&#8221;bg-tra&#8221; parallax_image_attachment=&#8221;inherit&#8221; padding_class=&#8221;&#8221; parallax_image_repeat=&#8221;&#8221; parallax_image_position=&#8221;50% 0&#8243; section_engine=&#8221;hero&#8221; css=&#8221;.vc_custom_1627637612329{background-image: url(http:\/\/visapro.com.pl\/wp-content\/uploads\/2021\/07\/santorini1_mibs.jpg?id=2931) !important;}&#8221;][vc_row parallax_image_attachment=&#8221;inherit&#8221;][vc_column width=&#8221;7\/12&#8243;][\/vc_column][vc_column width=&#8221;5\/12&#8243;][\/vc_column][\/vc_row][\/vc_section][vc_section parallax_image_attachment=&#8221;inherit&#8221; padding_class=&#8221;&#8221;][vc_row enable_outer_container=&#8221;yes&#8221; parallax_image_attachment=&#8221;inherit&#8221;][vc_column][vc_column_text] Koszt rejestracji Wiza Schengen do Grecja [\/vc_column_text][\/vc_column][\/vc_row][vc_row parallax_image_attachment=&#8221;inherit&#8221;][vc_column width=&#8221;7\/12&#8243;][vc_column_text] D\u0142ugo\u015b\u0107 pobytu Cena Czas przetwarzania 34\/20 od 90 \u20ac 7&#8230;<\/p>\n","protected":false},"author":1,"featured_media":0,"parent":0,"menu_order":0,"comment_status":"closed","ping_status":"open","template":"","meta":{"footnotes":""},"class_list":["post-2","page","type-page","status-publish","hentry","no-post-thumbnail"],"post_mailing_queue_ids":[],"_links":{"self":[{"href":"https:\/\/visapro.com.pl\/pl\/wp-json\/wp\/v2\/pages\/2","targetHints":{"allow":["GET"]}}],"collection":[{"href":"https:\/\/visapro.com.pl\/pl\/wp-json\/wp\/v2\/pages"}],"about":[{"href":"https:\/\/visapro.com.pl\/pl\/wp-json\/wp\/v2\/types\/page"}],"author":[{"embeddable":true,"href":"https:\/\/visapro.com.pl\/pl\/wp-json\/wp\/v2\/users\/1"}],"replies":[{"embeddable":true,"href":"https:\/\/visapro.com.pl\/pl\/wp-json\/wp\/v2\/comments?post=2"}],"version-history":[{"count":90,"href":"https:\/\/visapro.com.pl\/pl\/wp-json\/wp\/v2\/pages\/2\/revisions"}],"predecessor-version":[{"id":6305,"href":"https:\/\/visapro.com.pl\/pl\/wp-json\/wp\/v2\/pages\/2\/revisions\/6305"}],"wp:attachment":[{"href":"https:\/\/visapro.com.pl\/pl\/wp-json\/wp\/v2\/media?parent=2"}],"curies":[{"name":"wp","href":"https:\/\/api.w.org\/{rel}","templated":true}]}}