{"id":2344,"date":"2020-06-09T05:15:48","date_gmt":"2020-06-09T05:15:48","guid":{"rendered":"http:\/\/jthemes.org\/wp\/immiex\/unittest\/?page_id=2344"},"modified":"2022-11-04T10:50:23","modified_gmt":"2022-11-04T08:50:23","slug":"hungary","status":"publish","type":"page","link":"https:\/\/visapro.com.pl\/pl\/hungary\/","title":{"rendered":"W\u0119gry"},"content":{"rendered":"<p>[vc_section enable_inner=&#8221;yes&#8221; parallax_image=&#8221;&#8221; section_type=&#8221;hero&#8221; parallax=&#8221;content-moving-fade&#8221; content_placement=&#8221;top&#8221; inner_bg_class=&#8221;bg-lightgrey&#8221; bg_class=&#8221;bg-lightgrey&#8221; parallax_image_attachment=&#8221;inherit&#8221; padding_class=&#8221;wide-0&#8243; parallax_image_repeat=&#8221;&#8221; parallax_image_position=&#8221;50% 0&#8243; css=&#8221;.vc_custom_1629289942654{background-image: url(http:\/\/visapro.com.pl\/wp-content\/uploads\/2021\/07\/budapesht-dostoprimechatelnosti.jpg?id=2881) !important;background-position: center !important;background-repeat: no-repeat !important;background-size: cover !important;}&#8221;][vc_row][vc_column width=&#8221;7\/12&#8243;]\n        <div > \n        \t\n                     \n            <h2 class=\"white-color h2-xl none\">Wiza na W\u0119gry od 80 \u20ac<\/h2>\n            <p class=\"white-color p-lg none\">Zapewniamy pomoc w otwarciu wiz na W\u0119gry z gwarancj\u0105<\/p> \n             \n            \n                        \n                        \n            \n             \n                       \n                        \n                  \n        <\/div>[\/vc_column][vc_column width=&#8221;5\/12&#8243;]\n<div class=\"wpcf7 no-js\" id=\"wpcf7-f3679-o1\" lang=\"en-US\" dir=\"ltr\" data-wpcf7-id=\"3679\">\n<div class=\"screen-reader-response\"><p role=\"status\" aria-live=\"polite\" aria-atomic=\"true\"><\/p> <ul><\/ul><\/div>\n<form action=\"\/pl\/wp-json\/wp\/v2\/pages\/2344#wpcf7-f3679-o1\" method=\"post\" class=\"wpcf7-form init\" aria-label=\"Contact form\" novalidate=\"novalidate\" data-status=\"init\">\n<fieldset class=\"hidden-fields-container\"><input type=\"hidden\" name=\"_wpcf7\" value=\"3679\" \/><input type=\"hidden\" name=\"_wpcf7_version\" value=\"6.1.4\" \/><input type=\"hidden\" name=\"_wpcf7_locale\" value=\"en_US\" \/><input type=\"hidden\" name=\"_wpcf7_unit_tag\" value=\"wpcf7-f3679-o1\" \/><input type=\"hidden\" name=\"_wpcf7_container_post\" value=\"0\" \/><input type=\"hidden\" name=\"_wpcf7_posted_data_hash\" value=\"\" \/><input type=\"hidden\" name=\"lang\" value=\"pl\" \/>\n<\/fieldset>\n<div id=\"hero-form\" class=\"text-center mb-40\">\n\t<div class=\"row hero-request-form bg-darkblue\">\n\t\t<div class=\"col-md-12 white-color\">\n\t\t\t<h5 class=\"h5-lg\">Popro\u015b o telefon\n\t\t\t<\/h5>\n\t\t<\/div>\n\t\t<div id=\"input-name\" class=\"col-md-12\">\n\t\t\t<p><span class=\"wpcf7-form-control-wrap\" data-name=\"your-name\"><input size=\"40\" maxlength=\"400\" class=\"wpcf7-form-control wpcf7-text wpcf7-validates-as-required form-control name\" aria-required=\"true\" aria-invalid=\"false\" placeholder=\"Twoje imi\u0119\" value=\"\" type=\"text\" name=\"your-name\" \/><\/span>\n\t\t\t<\/p>\n\t\t<\/div>\n\t\t<div id=\"input-email\" class=\"col-md-12\">\n\t\t\t<p><span class=\"wpcf7-form-control-wrap\" data-name=\"your-email\"><input size=\"40\" maxlength=\"400\" class=\"wpcf7-form-control wpcf7-email wpcf7-validates-as-required wpcf7-text wpcf7-validates-as-email form-control email\" aria-required=\"true\" aria-invalid=\"false\" placeholder=\"Tw\u00f3j email\" value=\"\" type=\"email\" name=\"your-email\" \/><\/span>\n\t\t\t<\/p>\n\t\t<\/div>\n\t\t<div id=\"input-email\" class=\"col-md-12\">\n\t\t\t<p><span class=\"wpcf7-form-control-wrap\" data-name=\"tel-449\"><input size=\"40\" maxlength=\"400\" class=\"wpcf7-form-control wpcf7-tel wpcf7-validates-as-required wpcf7-text wpcf7-validates-as-tel form-control email\" aria-required=\"true\" aria-invalid=\"false\" placeholder=\"Tw\u00f3j numer telefonu\" value=\"\" type=\"tel\" name=\"tel-449\" \/><\/span>\n\t\t\t<\/p>\n\t\t<\/div>\n\t\t<div id=\"input-visa\" class=\"col-md-12 input-visa\">\n\t\t\t<p><span class=\"wpcf7-form-control-wrap visa\"><select class=\"wpcf7-form-control wpcf7-select wpcf7-validates-as-required custom-select visa\" name=\"visa\"><option value=\"W\u0119gry\">W\u0119gry<\/option><option value=\"Australia\">Australia<\/option><option value=\"Kanada\">Kanada<\/option><option value=\"Wielka Brytania\">Wielka Brytania<\/option><option value=\"USA\">USA<\/option><option value=\"Niemcy\">Niemcy<\/option><option value=\"Grecja\">Grecja<\/option><option value=\"Litwa\">Litwa<\/option><option value=\"S\u0142owacja\">S\u0142owacja<\/option><option value=\"W\u0142ochy\">W\u0142ochy<\/option><option value=\"Polska\">Polska<\/option><option value=\"Estonia\">Estonia<\/option><option value=\"Czechy\">Czechy<\/option><option value=\"Hiszpania\">Hiszpania<\/option><option value=\"Francja\">Francja<\/option><option value=\"Meksyk\">Meksyk<\/option><option value=\"Japonia\">Japonia<\/option><option value=\"Chiny\">Chiny<\/option><option value=\"RPA\">RPA<\/option><option value=\"Nowa Zelandia\">Nowa Zelandia<\/option><option value=\"Indonezja\">Indonezja<\/option><option value=\"Rumunia\">Rumunia<\/option><option value=\"Bu\u0142garia\">Bu\u0142garia<\/option><option value=\"Holandia\">Holandia<\/option><\/select><\/span>\n\t\t\t<\/p>\n\t\t<\/div>\n\t\t<div class=\"col-md-12 form-btn\">\n\t\t\t<p><input class=\"wpcf7-form-control wpcf7-submit has-spinner btn btn-primary tra-white-hover submit\" type=\"submit\" value=\"Wy\u015blij zapytanie\" \/>\n\t\t\t<\/p>\n\t\t\t<div class=\"white-color\">\n\t\t\t<div class=\"wpcf7-response-output\" aria-hidden=\"true\"><\/div>\n\t\t\t<\/div>\n\t\t<\/div>\n\t<\/div>\n<\/div>\n<\/form>\n<\/div>\n[\/vc_column][\/vc_row][\/vc_section][vc_section enable_inner=&#8221;yes&#8221; section_type=&#8221;hero&#8221; content_placement=&#8221;top&#8221; inner_bg_class=&#8221;bg-lightgrey&#8221; parallax_image_attachment=&#8221;inherit&#8221; padding_class=&#8221;wide-10&#8243; css=&#8221;.vc_custom_1633424134732{background-color: #ffffff !important;}&#8221;][vc_row bg_class=&#8221;bg-white&#8221; parallax_image_attachment=&#8221;inherit&#8221;][vc_column column_bg_class=&#8221;bg-white&#8221; css=&#8221;.vc_custom_1633424084298{background-color: #ffffff !important;}&#8221;][vc_column_text]<\/p>\n<h1 class=\"h2-xs darkblue-color\" style=\"text-align: center;\"><strong><span style=\"color: #1d437b;\">Cena <\/span><\/strong><strong><span style=\"color: #1d437b;\">rejestracja wizy Schengen<\/span><\/strong><br \/>\n<strong><span style=\"color: #1d437b;\">na W\u0119gry<\/span><\/strong><\/h1>\n<p>[\/vc_column_text][\/vc_column][\/vc_row][\/vc_section][vc_section parallax_image_attachment=&#8221;inherit&#8221; padding_class=&#8221;wide-10&#8243;][vc_row bg_class=&#8221;bg-white&#8221; parallax_image_attachment=&#8221;inherit&#8221;][vc_column width=&#8221;7\/12&#8243;][vc_column_text]<\/p>\n<table class=\"table-price template2\">\n<thead>\n<tr>\n<th>D\u0142ugo\u015b\u0107 pobytu<\/th>\n<th align=\"center\">Cena<\/th>\n<th>Czas przetwarzania<\/th>\n<\/tr>\n<\/thead>\n<tbody>\n<tr class=\"odd\">\n<td>30\/15<\/td>\n<td class=\"highlight\">\u043ed 80 \u20ac<\/td>\n<td>7-10 dni<\/td>\n<\/tr>\n<tr class=\"even\">\n<td>90\/45<\/td>\n<td>\u043ed 110 \u20ac<\/td>\n<td>7-10 dni<\/td>\n<\/tr>\n<tr class=\"odd\">\n<td>180\/90<\/td>\n<td>\u043ed 150 \u20ac<\/td>\n<td>7-10 dni<\/td>\n<\/tr>\n<tr class=\"even\">\n<td>365\/90\/90<\/td>\n<td>\u043ed 200 \u20ac<\/td>\n<td>7-10 dni<\/td>\n<\/tr>\n<\/tbody>\n<\/table>\n<p>[\/vc_column_text][\/vc_column][vc_column width=&#8221;5\/12&#8243;][vc_column_text]<strong>Wliczone w cen\u0119:<\/strong><br \/>\n&#8211; konsultacje do\u015bwiadczonego managera,<br \/>\n&#8211; rejestracja sk\u0142adania dokument\u00f3w,<br \/>\n&#8211; profesjonalne wype\u0142nienie ankiety,<br \/>\n&#8211; rejestracja ubezpieczenia medycznego,<br \/>\n&#8211; z\u0142o\u017cenie dokument\u00f3w lub pe\u0142ne wsparcie,<br \/>\n&#8211; konsultacje przy przekraczaniu granicy,<br \/>\n&#8211; stworzenie kompletnego pakietu dokument\u00f3w.[\/vc_column_text][\/vc_column][\/vc_row][\/vc_section][vc_section parallax_image_attachment=&#8221;inherit&#8221; padding_class=&#8221;wide-10&#8243;][vc_row bg_class=&#8221;bg-white&#8221; parallax_image_attachment=&#8221;inherit&#8221;][vc_column][vc_column_text]<\/p>\n<h1 style=\"text-align: center;\"><span style=\"color: #1d437b;\"><strong>Ubieganie si\u0119 o wiz\u0119 turystyczn\u0105 <\/strong><\/span><\/h1>\n<h1 style=\"text-align: center;\"><span style=\"color: #1d437b;\"><strong>do<\/strong><strong> W\u0119gry<\/strong><\/span><\/h1>\n<p>W\u0119gry fascynuj\u0105 turyst\u00f3w nie tylko zabytkami, ale tak\u017ce pi\u0119knem przyrody &#8211; majestatycznym Dunajem, na kt\u00f3rym w sercu Budapesztu znajduje si\u0119 kolorowa wyspa Ma\u0142gorzaty; sady nad brzegiem malowniczego jeziora Boloton. Odpoczniesz i poprawisz swoje zdrowie w uzdrowiskach z leczniczymi \u017ar\u00f3d\u0142ami termalnymi, kt\u00f3rych jest wiele w kraju. Mi\u0142ym dodatkiem b\u0119d\u0105 r\u00f3wnie\u017c wina o najszerszej gamie smak\u00f3w. Bior\u0105c pod uwag\u0119 stosunkowo niskie ceny hoteli, restauracji i sklep\u00f3w, liczba turyst\u00f3w ukrai\u0144skich oraz turyst\u00f3w z kraj\u00f3w WNP znacz\u0105co wzrasta. Wiza Schengen jest wymagana do podr\u00f3\u017cy na W\u0119gry, poniewa\u017c znajduje si\u0119 ona na li\u015bcie kraj\u00f3w Schengen. Stara\u0107 si\u0119 mo\u017cna o wiz\u0119 na okres podr\u00f3\u017cy, zar\u00f3wno jak i na multi wize. Otwieraj\u0105c multi wize, masz mo\u017cliwo\u015b\u0107 podr\u00f3\u017cowa\u0107 do innych kraj\u00f3w Schengen. Aby uzyska\u0107 wiz\u0119 w\u0119giersk\u0105, radzimy skontaktowa\u0107 si\u0119 z nasz\u0105 agencj\u0105 wizow\u0105. Pomo\u017cemy Ci sporz\u0105dzi\u0107 i prawid\u0142owo sporz\u0105dzi\u0107 wszystkie niezb\u0119dne dokumenty, aby spe\u0142ni\u0107 wszystkie wymagania wydzia\u0142u wizowego Ambasady W\u0119gier.[\/vc_column_text][\/vc_column][\/vc_row][\/vc_section][vc_section parallax_image_attachment=&#8221;inherit&#8221; padding_class=&#8221;wide-10&#8243;][vc_row][vc_column][vc_column_text]<\/p>\n<h1 class=\"h2-xs darkblue-color\" style=\"text-align: center;\"><strong><span style=\"color: #1d437b;\">Wymagane dokumenty <\/span><\/strong><strong><span style=\"color: #1d437b;\">do rozpatrzenia wizy w<\/span><\/strong><br \/>\n<strong><span style=\"color: #1d437b;\">W\u0119gry:<\/span><\/strong><\/h1>\n<p class=\"h2-xs darkblue-color\" style=\"text-align: left;\"><span style=\"color: #000000;\">&#8211; orygina\u0142 wa\u017cnego paszportu zagranicznego;<\/span><br \/>\n<span style=\"color: #000000;\">&#8211; kopie wszystkich stron paszportu;<\/span><br \/>\n<span style=\"color: #000000;\">&#8211; kopi\u0119 kodu identyfikacyjnego;<\/span><br \/>\n<span style=\"color: #000000;\">&#8211; \u015bwie\u017ce zdj\u0119cia 3,5 x 4,5;<\/span><br \/>\n<span style=\"color: #000000;\">&#8211; bon turystyczny wystawiony zgodnie z wymaganiami konsulatu;<\/span><br \/>\n<span style=\"color: #000000;\">&#8211; za\u015bwiadczenie z miejsca pracy\/instytucji edukacyjnej;<\/span><br \/>\n<span style=\"color: #000000;\">&#8211; za\u015bwiadczenie finansowe z banku z ruchem na konto.<\/span><\/p>\n<p>[\/vc_column_text][\/vc_column][\/vc_row][vc_row][vc_column][vc_column_text]<\/p>\n<h1 class=\"h2-xs darkblue-color\" style=\"text-align: center;\"><strong><span style=\"color: #1d437b;\">Ciekawe <\/span><\/strong><\/h1>\n<h1 class=\"h2-xs darkblue-color\" style=\"text-align: center;\"><strong><span style=\"color: #1d437b;\">o W\u0119grzech<\/span><\/strong><\/h1>\n<p>[\/vc_column_text][\/vc_column][\/vc_row][vc_row parallax_image_attachment=&#8221;inherit&#8221;][vc_column][vc_basic_grid post_type=&#8221;post&#8221; max_items=&#8221;3&#8243; initial_loading_animation=&#8221;none&#8221; grid_id=&#8221;vc_gid:1665059637620-e31a8c91-5858-10&#8243; taxonomies=&#8221;42&#8243;][\/vc_column][\/vc_row][\/vc_section][vc_section parallax_image_attachment=&#8221;inherit&#8221; padding_class=&#8221;wide-10&#8243;][\/vc_section]<\/p>\n","protected":false},"excerpt":{"rendered":"<p>[vc_section enable_inner=&#8221;yes&#8221; parallax_image=&#8221;&#8221; section_type=&#8221;hero&#8221; parallax=&#8221;content-moving-fade&#8221; content_placement=&#8221;top&#8221; inner_bg_class=&#8221;bg-lightgrey&#8221; bg_class=&#8221;bg-lightgrey&#8221; parallax_image_attachment=&#8221;inherit&#8221; padding_class=&#8221;wide-0&#8243; parallax_image_repeat=&#8221;&#8221; parallax_image_position=&#8221;50% 0&#8243; css=&#8221;.vc_custom_1629289942654{background-image: url(http:\/\/visapro.com.pl\/wp-content\/uploads\/2021\/07\/budapesht-dostoprimechatelnosti.jpg?id=2881) !important;background-position: center !important;background-repeat: no-repeat !important;background-size: cover !important;}&#8221;][vc_row][vc_column width=&#8221;7\/12&#8243;][\/vc_column][vc_column width=&#8221;5\/12&#8243;][\/vc_column][\/vc_row][\/vc_section][vc_section enable_inner=&#8221;yes&#8221; section_type=&#8221;hero&#8221; content_placement=&#8221;top&#8221; inner_bg_class=&#8221;bg-lightgrey&#8221; parallax_image_attachment=&#8221;inherit&#8221; padding_class=&#8221;wide-10&#8243; css=&#8221;.vc_custom_1633424134732{background-color: #ffffff !important;}&#8221;][vc_row bg_class=&#8221;bg-white&#8221; parallax_image_attachment=&#8221;inherit&#8221;][vc_column column_bg_class=&#8221;bg-white&#8221; css=&#8221;.vc_custom_1633424084298{background-color: #ffffff !important;}&#8221;][vc_column_text] Cena&#8230;<\/p>\n","protected":false},"author":1,"featured_media":0,"parent":0,"menu_order":0,"comment_status":"closed","ping_status":"closed","template":"","meta":{"footnotes":""},"class_list":["post-2344","page","type-page","status-publish","hentry","no-post-thumbnail"],"post_mailing_queue_ids":[],"_links":{"self":[{"href":"https:\/\/visapro.com.pl\/pl\/wp-json\/wp\/v2\/pages\/2344","targetHints":{"allow":["GET"]}}],"collection":[{"href":"https:\/\/visapro.com.pl\/pl\/wp-json\/wp\/v2\/pages"}],"about":[{"href":"https:\/\/visapro.com.pl\/pl\/wp-json\/wp\/v2\/types\/page"}],"author":[{"embeddable":true,"href":"https:\/\/visapro.com.pl\/pl\/wp-json\/wp\/v2\/users\/1"}],"replies":[{"embeddable":true,"href":"https:\/\/visapro.com.pl\/pl\/wp-json\/wp\/v2\/comments?post=2344"}],"version-history":[{"count":235,"href":"https:\/\/visapro.com.pl\/pl\/wp-json\/wp\/v2\/pages\/2344\/revisions"}],"predecessor-version":[{"id":6366,"href":"https:\/\/visapro.com.pl\/pl\/wp-json\/wp\/v2\/pages\/2344\/revisions\/6366"}],"wp:attachment":[{"href":"https:\/\/visapro.com.pl\/pl\/wp-json\/wp\/v2\/media?parent=2344"}],"curies":[{"name":"wp","href":"https:\/\/api.w.org\/{rel}","templated":true}]}}