{"id":2378,"date":"2020-06-09T07:41:39","date_gmt":"2020-06-09T04:41:39","guid":{"rendered":"http:\/\/jthemes.org\/wp\/immiex\/unittest\/?page_id=2378"},"modified":"2022-11-04T10:43:52","modified_gmt":"2022-11-04T08:43:52","slug":"germany","status":"publish","type":"page","link":"https:\/\/visapro.com.pl\/pl\/germany\/","title":{"rendered":"Niemcy"},"content":{"rendered":"<p>[vc_section enable_inner=&#8221;yes&#8221; parallax_image=&#8221;&#8221; section_type=&#8221;hero&#8221; parallax=&#8221;content-moving-fade&#8221; content_placement=&#8221;middle&#8221; bg_class=&#8221;bg-tra&#8221; parallax_image_attachment=&#8221;inherit&#8221; padding_class=&#8221;wide-0&#8243; parallax_image_repeat=&#8221;&#8221; parallax_image_position=&#8221;50% 0&#8243; css=&#8221;.vc_custom_1627655227951{background-image: url(http:\/\/visapro.com.pl\/wp-content\/uploads\/2021\/07\/250-puteshestviya-v-voprosax-i-otvetax.jpg?id=2904) !important;}&#8221;][vc_row][vc_column width=&#8221;7\/12&#8243;]\n        <div > \n        \t\n                     \n            <h3 class=\"white-color h3-xl none\">Wiza do Niemiec od 80 \u20ac<\/h3>\n            <p class=\"white-color p-lg none\">Zapewniamy wiz\u0119 turystyczn\u0105 do Niemiec z gwarancj\u0105 do 1 roku bez odmowy w 10 dni<\/p> \n             \n            \n                        \n                        \n            \n             \n                       \n                        \n                  \n        <\/div>[\/vc_column][vc_column width=&#8221;5\/12&#8243;]\n<div class=\"wpcf7 no-js\" id=\"wpcf7-f3679-o1\" lang=\"en-US\" dir=\"ltr\" data-wpcf7-id=\"3679\">\n<div class=\"screen-reader-response\"><p role=\"status\" aria-live=\"polite\" aria-atomic=\"true\"><\/p> <ul><\/ul><\/div>\n<form action=\"\/pl\/wp-json\/wp\/v2\/pages\/2378#wpcf7-f3679-o1\" method=\"post\" class=\"wpcf7-form init\" aria-label=\"Contact form\" novalidate=\"novalidate\" data-status=\"init\">\n<fieldset class=\"hidden-fields-container\"><input type=\"hidden\" name=\"_wpcf7\" value=\"3679\" \/><input type=\"hidden\" name=\"_wpcf7_version\" value=\"6.1.4\" \/><input type=\"hidden\" name=\"_wpcf7_locale\" value=\"en_US\" \/><input type=\"hidden\" name=\"_wpcf7_unit_tag\" value=\"wpcf7-f3679-o1\" \/><input type=\"hidden\" name=\"_wpcf7_container_post\" value=\"0\" \/><input type=\"hidden\" name=\"_wpcf7_posted_data_hash\" value=\"\" \/><input type=\"hidden\" name=\"lang\" value=\"pl\" \/>\n<\/fieldset>\n<div id=\"hero-form\" class=\"text-center mb-40\">\n\t<div class=\"row hero-request-form bg-darkblue\">\n\t\t<div class=\"col-md-12 white-color\">\n\t\t\t<h5 class=\"h5-lg\">Popro\u015b o telefon\n\t\t\t<\/h5>\n\t\t<\/div>\n\t\t<div id=\"input-name\" class=\"col-md-12\">\n\t\t\t<p><span class=\"wpcf7-form-control-wrap\" data-name=\"your-name\"><input size=\"40\" maxlength=\"400\" class=\"wpcf7-form-control wpcf7-text wpcf7-validates-as-required form-control name\" aria-required=\"true\" aria-invalid=\"false\" placeholder=\"Twoje imi\u0119\" value=\"\" type=\"text\" name=\"your-name\" \/><\/span>\n\t\t\t<\/p>\n\t\t<\/div>\n\t\t<div id=\"input-email\" class=\"col-md-12\">\n\t\t\t<p><span class=\"wpcf7-form-control-wrap\" data-name=\"your-email\"><input size=\"40\" maxlength=\"400\" class=\"wpcf7-form-control wpcf7-email wpcf7-validates-as-required wpcf7-text wpcf7-validates-as-email form-control email\" aria-required=\"true\" aria-invalid=\"false\" placeholder=\"Tw\u00f3j email\" value=\"\" type=\"email\" name=\"your-email\" \/><\/span>\n\t\t\t<\/p>\n\t\t<\/div>\n\t\t<div id=\"input-email\" class=\"col-md-12\">\n\t\t\t<p><span class=\"wpcf7-form-control-wrap\" data-name=\"tel-449\"><input size=\"40\" maxlength=\"400\" class=\"wpcf7-form-control wpcf7-tel wpcf7-validates-as-required wpcf7-text wpcf7-validates-as-tel form-control email\" aria-required=\"true\" aria-invalid=\"false\" placeholder=\"Tw\u00f3j numer telefonu\" value=\"\" type=\"tel\" name=\"tel-449\" \/><\/span>\n\t\t\t<\/p>\n\t\t<\/div>\n\t\t<div id=\"input-visa\" class=\"col-md-12 input-visa\">\n\t\t\t<p><span class=\"wpcf7-form-control-wrap visa\"><select class=\"wpcf7-form-control wpcf7-select wpcf7-validates-as-required custom-select visa\" name=\"visa\"><option value=\"W\u0119gry\">W\u0119gry<\/option><option value=\"Australia\">Australia<\/option><option value=\"Kanada\">Kanada<\/option><option value=\"Wielka Brytania\">Wielka Brytania<\/option><option value=\"USA\">USA<\/option><option value=\"Niemcy\">Niemcy<\/option><option value=\"Grecja\">Grecja<\/option><option value=\"Litwa\">Litwa<\/option><option value=\"S\u0142owacja\">S\u0142owacja<\/option><option value=\"W\u0142ochy\">W\u0142ochy<\/option><option value=\"Polska\">Polska<\/option><option value=\"Estonia\">Estonia<\/option><option value=\"Czechy\">Czechy<\/option><option value=\"Hiszpania\">Hiszpania<\/option><option value=\"Francja\">Francja<\/option><option value=\"Meksyk\">Meksyk<\/option><option value=\"Japonia\">Japonia<\/option><option value=\"Chiny\">Chiny<\/option><option value=\"RPA\">RPA<\/option><option value=\"Nowa Zelandia\">Nowa Zelandia<\/option><option value=\"Indonezja\">Indonezja<\/option><option value=\"Rumunia\">Rumunia<\/option><option value=\"Bu\u0142garia\">Bu\u0142garia<\/option><option value=\"Holandia\">Holandia<\/option><\/select><\/span>\n\t\t\t<\/p>\n\t\t<\/div>\n\t\t<div class=\"col-md-12 form-btn\">\n\t\t\t<p><input class=\"wpcf7-form-control wpcf7-submit has-spinner btn btn-primary tra-white-hover submit\" type=\"submit\" value=\"Wy\u015blij zapytanie\" \/>\n\t\t\t<\/p>\n\t\t\t<div class=\"white-color\">\n\t\t\t<div class=\"wpcf7-response-output\" aria-hidden=\"true\"><\/div>\n\t\t\t<\/div>\n\t\t<\/div>\n\t<\/div>\n<\/div>\n<\/form>\n<\/div>\n[\/vc_column][\/vc_row][\/vc_section][vc_section section_type=&#8221;faqs&#8221; content_placement=&#8221;middle&#8221; faqs_type=&#8221;1&#8243; parallax_image_attachment=&#8221;inherit&#8221; padding_class=&#8221;&#8221;][vc_row][vc_column][vc_column_text]<\/p>\n<h1 class=\"h2-xs darkblue-color\" style=\"text-align: center;\"><strong><span style=\"color: #1d437b;\">Koszt rejestracji <\/span><\/strong><strong><span style=\"color: #1d437b;\">Wiza Schengen do<\/span><\/strong><br \/>\n<strong><span style=\"color: #1d437b;\">Niemcy<\/span><\/strong><\/h1>\n<p>[\/vc_column_text][\/vc_column][\/vc_row][vc_row parallax_image_attachment=&#8221;inherit&#8221;][vc_column width=&#8221;7\/12&#8243;][vc_column_text]<\/p>\n<h3 style=\"text-align: center;\"><\/h3>\n<table class=\"table-price template2 table\">\n<thead>\n<tr>\n<th>D\u0142ugo\u015b\u0107 pobytu<\/th>\n<th align=\"center\">Cena<\/th>\n<th>Czas przetwarzania<\/th>\n<\/tr>\n<\/thead>\n<tbody>\n<tr class=\"odd\">\n<td>30\/14<\/td>\n<td class=\"highlight\">od 80 \u20ac<\/td>\n<td>7-10 dni<\/td>\n<\/tr>\n<tr class=\"even\">\n<td>90\/45<\/td>\n<td>od 110 \u20ac<\/td>\n<td>7-10 dni<\/td>\n<\/tr>\n<tr class=\"odd\">\n<td>180\/90<\/td>\n<td>od 150 \u20ac<\/td>\n<td>7-10 dni<\/td>\n<\/tr>\n<tr class=\"even\">\n<td>365\/90\/90<\/td>\n<td>od 200 \u20ac<\/td>\n<td>7-10 dni<\/td>\n<\/tr>\n<\/tbody>\n<\/table>\n<p>[\/vc_column_text][\/vc_column][vc_column width=&#8221;5\/12&#8243;][vc_column_text]<strong>Wliczone w cen\u0119:<\/strong><br \/>\n\u2013 konsultacje do\u015bwiadczonego managera,<br \/>\n\u2013 rejestracja sk\u0142adania dokument\u00f3w,<br \/>\n\u2013 profesjonalne wype\u0142nienie ankiety,<br \/>\n\u2013 rejestracja ubezpieczenia medycznego,<br \/>\n\u2013 z\u0142o\u017cenie dokument\u00f3w lub pe\u0142ne wsparcie,<br \/>\n\u2013 konsultacje przy przekraczaniu granicy,<br \/>\n\u2013 stworzenie kompletnego pakietu dokument\u00f3w.[\/vc_column_text][\/vc_column][\/vc_row][\/vc_section][vc_section parallax_image_attachment=&#8221;inherit&#8221; padding_class=&#8221;wide-10&#8243;][vc_row row_class=&#8221;content-txt&#8221; parallax_image_attachment=&#8221;inherit&#8221;][vc_column][vc_column_text]<\/p>\n<h1 style=\"text-align: center;\"><span style=\"color: #1d437b;\"><strong>Ubieganie si\u0119 o wiz\u0119 turystyczn\u0105 do <\/strong><\/span><\/h1>\n<h1 style=\"text-align: center;\"><span style=\"color: #1d437b;\"><strong>Niemiec<\/strong><\/span><\/h1>\n<p>Niemcy s\u0105 do\u015b\u0107 zr\u00f3\u017cnicowane pod wzgl\u0119dem turystycznym: od wybrze\u017ca Ba\u0142tyku o umiarkowanym klimacie i b\u0142\u0119kitnych jezior Bawarii u podn\u00f3\u017ca Alp po o\u015brodki narciarskie z dobrze przygotowanymi stokami i niezawodnym sprz\u0119tem narciarskim. Ze wzgl\u0119du na to, \u017ce trudnych zjazd\u00f3w prawie nie ma, mo\u017cna tam spotka\u0107 zar\u00f3wno do\u015bwiadczonych narciarzy, jak i tych, kt\u00f3rzy dopiero zaczynaj\u0105.<\/p>\n<p>Na p\u00f3\u0142nocy kraju znajduje si\u0119 Hamburg &#8211; centrum kulturalne z ponad 40 teatrami i historyczne miasto, kt\u00f3re wci\u0105\u017c ma wiele twierdz i zamk\u00f3w. Na po\u0142udniu Bawaria jest popularna w\u015br\u00f3d turyst\u00f3w ze s\u0142ynnym festiwalem piwa &#8211; Oktoberfest. Do Niemiec przyje\u017cd\u017caj\u0105 ludzie nie tylko z ca\u0142ej Europy, ale tak\u017ce z ca\u0142ego \u015bwiata, zw\u0142aszcza podczas wyprzeda\u017cy.<\/p>\n<p>S\u0142ynny zoo w centrum Berlina, kt\u00f3ry zajmuje pierwsze miejsce na \u015bwiecie pod wzgl\u0119dem liczby wyst\u0119puj\u0105cych tam gatunk\u00f3w zwierz\u0105t. Ta kolekcja gatunk\u00f3w obejmuje oko\u0142o 1380 r\u00f3\u017cnych gatunk\u00f3w, z kt\u00f3rych ponad 19400 to wszystkie zwierz\u0119ta.<\/p>\n<p>Niemcy s\u0105 jednym z kraj\u00f3w strefy Schengen. Aby zobaczy\u0107 ca\u0142e pi\u0119kno r\u00f3\u017cnorodnych Niemiec, oferujemy us\u0142ugi naszej firmy. Indywidualne podej\u015bcie do ka\u017cdego klienta i prawid\u0142owo sporz\u0105dzone dokumenty do wizy Schengen nie potrwaj\u0105 d\u0142ugo, aby uzgodni\u0107 z wydzia\u0142em wizowym Ambasady Niemiec.[\/vc_column_text][\/vc_column][\/vc_row][\/vc_section][vc_section parallax_image_attachment=&#8221;inherit&#8221; padding_class=&#8221;wide-10&#8243;][vc_row parallax_image_attachment=&#8221;inherit&#8221;][vc_column][vc_column_text]<\/p>\n<h1 class=\"h2-xs darkblue-color\" style=\"text-align: center;\"><strong><span style=\"color: #1d437b;\">Wymagane dokumenty <\/span><\/strong><strong><span style=\"color: #1d437b;\">do rozpatrzenia wizy w<\/span><\/strong><br \/>\n<strong><span style=\"color: #1d437b;\">Niemcy<\/span><\/strong><\/h1>\n<div>\n<p>&#8211; orygina\u0142 wa\u017cnego paszportu zagranicznego,<br \/>\n&#8211; kopie wszystkich stron paszportu,<br \/>\n&#8211; kopi\u0119 kodu identyfikacyjnego,<br \/>\n&#8211; \u015bwie\u017ce zdj\u0119cia 3,5 x 4,5,<br \/>\n&#8211; bon turystyczny wystawiony zgodnie z wymaganiami konsulatu,<br \/>\n&#8211; za\u015bwiadczenie z miejsca pracy\/instytucji edukacyjnej,<br \/>\n&#8211; za\u015bwiadczenie finansowe z banku z ruchem na konto.<\/p>\n<\/div>\n<p>[\/vc_column_text][\/vc_column][\/vc_row][vc_row parallax_image_attachment=&#8221;inherit&#8221;][vc_column][vc_column_text]<\/p>\n<h1 class=\"h2-xs darkblue-color\" style=\"text-align: center;\"><strong><span style=\"color: #1d437b;\">Ciekawe <\/span><\/strong><\/h1>\n<h1 class=\"h2-xs darkblue-color\" style=\"text-align: center;\"><strong><span style=\"color: #1d437b;\">o Niemczech<\/span><\/strong><\/h1>\n<p>[\/vc_column_text][\/vc_column][\/vc_row][vc_row parallax_image_attachment=&#8221;inherit&#8221;][vc_column][vc_basic_grid post_type=&#8221;post&#8221; max_items=&#8221;3&#8243; initial_loading_animation=&#8221;none&#8221; grid_id=&#8221;vc_gid:1663850416502-2f03ef81-f9ce-2&#8243; taxonomies=&#8221;40&#8243;][\/vc_column][\/vc_row][\/vc_section][vc_section parallax_image_attachment=&#8221;inherit&#8221; padding_class=&#8221;wide-10&#8243;][\/vc_section]<\/p>\n","protected":false},"excerpt":{"rendered":"<p>[vc_section enable_inner=&#8221;yes&#8221; parallax_image=&#8221;&#8221; section_type=&#8221;hero&#8221; parallax=&#8221;content-moving-fade&#8221; content_placement=&#8221;middle&#8221; bg_class=&#8221;bg-tra&#8221; parallax_image_attachment=&#8221;inherit&#8221; padding_class=&#8221;wide-0&#8243; parallax_image_repeat=&#8221;&#8221; parallax_image_position=&#8221;50% 0&#8243; css=&#8221;.vc_custom_1627655227951{background-image: url(http:\/\/visapro.com.pl\/wp-content\/uploads\/2021\/07\/250-puteshestviya-v-voprosax-i-otvetax.jpg?id=2904) !important;}&#8221;][vc_row][vc_column width=&#8221;7\/12&#8243;][\/vc_column][vc_column width=&#8221;5\/12&#8243;][\/vc_column][\/vc_row][\/vc_section][vc_section section_type=&#8221;faqs&#8221; content_placement=&#8221;middle&#8221; faqs_type=&#8221;1&#8243; parallax_image_attachment=&#8221;inherit&#8221; padding_class=&#8221;&#8221;][vc_row][vc_column][vc_column_text] Koszt rejestracji Wiza Schengen do Niemcy [\/vc_column_text][\/vc_column][\/vc_row][vc_row parallax_image_attachment=&#8221;inherit&#8221;][vc_column width=&#8221;7\/12&#8243;][vc_column_text] D\u0142ugo\u015b\u0107 pobytu Cena Czas przetwarzania 30\/14 od 80 \u20ac&#8230;<\/p>\n","protected":false},"author":1,"featured_media":0,"parent":0,"menu_order":0,"comment_status":"closed","ping_status":"closed","template":"","meta":{"footnotes":""},"class_list":["post-2378","page","type-page","status-publish","hentry","no-post-thumbnail"],"post_mailing_queue_ids":[],"_links":{"self":[{"href":"https:\/\/visapro.com.pl\/pl\/wp-json\/wp\/v2\/pages\/2378","targetHints":{"allow":["GET"]}}],"collection":[{"href":"https:\/\/visapro.com.pl\/pl\/wp-json\/wp\/v2\/pages"}],"about":[{"href":"https:\/\/visapro.com.pl\/pl\/wp-json\/wp\/v2\/types\/page"}],"author":[{"embeddable":true,"href":"https:\/\/visapro.com.pl\/pl\/wp-json\/wp\/v2\/users\/1"}],"replies":[{"embeddable":true,"href":"https:\/\/visapro.com.pl\/pl\/wp-json\/wp\/v2\/comments?post=2378"}],"version-history":[{"count":147,"href":"https:\/\/visapro.com.pl\/pl\/wp-json\/wp\/v2\/pages\/2378\/revisions"}],"predecessor-version":[{"id":6270,"href":"https:\/\/visapro.com.pl\/pl\/wp-json\/wp\/v2\/pages\/2378\/revisions\/6270"}],"wp:attachment":[{"href":"https:\/\/visapro.com.pl\/pl\/wp-json\/wp\/v2\/media?parent=2378"}],"curies":[{"name":"wp","href":"https:\/\/api.w.org\/{rel}","templated":true}]}}