{"id":2385,"date":"2020-06-09T08:00:05","date_gmt":"2020-06-09T08:00:05","guid":{"rendered":"http:\/\/jthemes.org\/wp\/immiex\/unittest\/?page_id=2385"},"modified":"2022-11-04T10:48:30","modified_gmt":"2022-11-04T08:48:30","slug":"partners-colleges-page","status":"publish","type":"page","link":"https:\/\/visapro.com.pl\/pl\/partners-colleges-page\/","title":{"rendered":"Wlochy"},"content":{"rendered":"<p>[vc_section enable_inner=&#8221;yes&#8221; parallax_image=&#8221;&#8221; section_type=&#8221;about&#8221; parallax=&#8221;content-moving-fade&#8221; content_placement=&#8221;top&#8221; about_type=&#8221;6&#8243; bg_class=&#8221;bg-tra&#8221; parallax_image_attachment=&#8221;inherit&#8221; padding_class=&#8221;&#8221; parallax_image_repeat=&#8221;&#8221; parallax_image_position=&#8221;50% 0&#8243; css=&#8221;.vc_custom_1629216712678{background-image: url(http:\/\/visapro.com.pl\/wp-content\/uploads\/2021\/07\/0-02-05-9bf4d5685a90d62727842ef3f0a78bea17207ff0ed673a40786f600d5c2132bf_b53f8c4597687030.jpg?id=2940) !important;}&#8221;][vc_row][vc_column width=&#8221;7\/12&#8243;]\n        <div > \n        \t\n                     \n            <h3 class=\"white-color h3-xl none\">Wiza do W\u0142och od 90 \u20ac<\/h3>\n            <p class=\"white-color p-lg none\">Zapewniamy pomoc w uzyskaniu wiz turystycznych do W\u0142och z gwarancj\u0105 do 1 roku<\/p> \n             \n            \n                        \n                        \n            \n             \n                       \n                        \n                  \n        <\/div>[\/vc_column][vc_column width=&#8221;5\/12&#8243;]\n<div class=\"wpcf7 no-js\" id=\"wpcf7-f3679-o1\" lang=\"en-US\" dir=\"ltr\" data-wpcf7-id=\"3679\">\n<div class=\"screen-reader-response\"><p role=\"status\" aria-live=\"polite\" aria-atomic=\"true\"><\/p> <ul><\/ul><\/div>\n<form action=\"\/pl\/wp-json\/wp\/v2\/pages\/2385#wpcf7-f3679-o1\" method=\"post\" class=\"wpcf7-form init\" aria-label=\"Contact form\" novalidate=\"novalidate\" data-status=\"init\">\n<fieldset class=\"hidden-fields-container\"><input type=\"hidden\" name=\"_wpcf7\" value=\"3679\" \/><input type=\"hidden\" name=\"_wpcf7_version\" value=\"6.1.4\" \/><input type=\"hidden\" name=\"_wpcf7_locale\" value=\"en_US\" \/><input type=\"hidden\" name=\"_wpcf7_unit_tag\" value=\"wpcf7-f3679-o1\" \/><input type=\"hidden\" name=\"_wpcf7_container_post\" value=\"0\" \/><input type=\"hidden\" name=\"_wpcf7_posted_data_hash\" value=\"\" \/><input type=\"hidden\" name=\"lang\" value=\"pl\" \/>\n<\/fieldset>\n<div id=\"hero-form\" class=\"text-center mb-40\">\n\t<div class=\"row hero-request-form bg-darkblue\">\n\t\t<div class=\"col-md-12 white-color\">\n\t\t\t<h5 class=\"h5-lg\">Popro\u015b o telefon\n\t\t\t<\/h5>\n\t\t<\/div>\n\t\t<div id=\"input-name\" class=\"col-md-12\">\n\t\t\t<p><span class=\"wpcf7-form-control-wrap\" data-name=\"your-name\"><input size=\"40\" maxlength=\"400\" class=\"wpcf7-form-control wpcf7-text wpcf7-validates-as-required form-control name\" aria-required=\"true\" aria-invalid=\"false\" placeholder=\"Twoje imi\u0119\" value=\"\" type=\"text\" name=\"your-name\" \/><\/span>\n\t\t\t<\/p>\n\t\t<\/div>\n\t\t<div id=\"input-email\" class=\"col-md-12\">\n\t\t\t<p><span class=\"wpcf7-form-control-wrap\" data-name=\"your-email\"><input size=\"40\" maxlength=\"400\" class=\"wpcf7-form-control wpcf7-email wpcf7-validates-as-required wpcf7-text wpcf7-validates-as-email form-control email\" aria-required=\"true\" aria-invalid=\"false\" placeholder=\"Tw\u00f3j email\" value=\"\" type=\"email\" name=\"your-email\" \/><\/span>\n\t\t\t<\/p>\n\t\t<\/div>\n\t\t<div id=\"input-email\" class=\"col-md-12\">\n\t\t\t<p><span class=\"wpcf7-form-control-wrap\" data-name=\"tel-449\"><input size=\"40\" maxlength=\"400\" class=\"wpcf7-form-control wpcf7-tel wpcf7-validates-as-required wpcf7-text wpcf7-validates-as-tel form-control email\" aria-required=\"true\" aria-invalid=\"false\" placeholder=\"Tw\u00f3j numer telefonu\" value=\"\" type=\"tel\" name=\"tel-449\" \/><\/span>\n\t\t\t<\/p>\n\t\t<\/div>\n\t\t<div id=\"input-visa\" class=\"col-md-12 input-visa\">\n\t\t\t<p><span class=\"wpcf7-form-control-wrap visa\"><select class=\"wpcf7-form-control wpcf7-select wpcf7-validates-as-required custom-select visa\" name=\"visa\"><option value=\"W\u0119gry\">W\u0119gry<\/option><option value=\"Australia\">Australia<\/option><option value=\"Kanada\">Kanada<\/option><option value=\"Wielka Brytania\">Wielka Brytania<\/option><option value=\"USA\">USA<\/option><option value=\"Niemcy\">Niemcy<\/option><option value=\"Grecja\">Grecja<\/option><option value=\"Litwa\">Litwa<\/option><option value=\"S\u0142owacja\">S\u0142owacja<\/option><option value=\"W\u0142ochy\">W\u0142ochy<\/option><option value=\"Polska\">Polska<\/option><option value=\"Estonia\">Estonia<\/option><option value=\"Czechy\">Czechy<\/option><option value=\"Hiszpania\">Hiszpania<\/option><option value=\"Francja\">Francja<\/option><option value=\"Meksyk\">Meksyk<\/option><option value=\"Japonia\">Japonia<\/option><option value=\"Chiny\">Chiny<\/option><option value=\"RPA\">RPA<\/option><option value=\"Nowa Zelandia\">Nowa Zelandia<\/option><option value=\"Indonezja\">Indonezja<\/option><option value=\"Rumunia\">Rumunia<\/option><option value=\"Bu\u0142garia\">Bu\u0142garia<\/option><option value=\"Holandia\">Holandia<\/option><\/select><\/span>\n\t\t\t<\/p>\n\t\t<\/div>\n\t\t<div class=\"col-md-12 form-btn\">\n\t\t\t<p><input class=\"wpcf7-form-control wpcf7-submit has-spinner btn btn-primary tra-white-hover submit\" type=\"submit\" value=\"Wy\u015blij zapytanie\" \/>\n\t\t\t<\/p>\n\t\t\t<div class=\"white-color\">\n\t\t\t<div class=\"wpcf7-response-output\" aria-hidden=\"true\"><\/div>\n\t\t\t<\/div>\n\t\t<\/div>\n\t<\/div>\n<\/div>\n<\/form>\n<\/div>\n[\/vc_column][\/vc_row][\/vc_section][vc_section parallax_image_attachment=&#8221;inherit&#8221; padding_class=&#8221;&#8221;][vc_row parallax_image_attachment=&#8221;inherit&#8221;][vc_column][vc_column_text]<\/p>\n<h1 class=\"h2-xs darkblue-color\" style=\"text-align: center;\"><strong><span style=\"color: #1d437b;\">Koszt rejestracji <\/span><\/strong><strong><span style=\"color: #1d437b;\">Wiza Schengen <\/span><\/strong><\/h1>\n<h1 class=\"h2-xs darkblue-color\" style=\"text-align: center;\"><strong><span style=\"color: #1d437b;\">do <\/span><\/strong><strong><span style=\"color: #1d437b;\">W\u0142och<\/span><\/strong><\/h1>\n<p>[\/vc_column_text][\/vc_column][\/vc_row][vc_row content_placement=&#8221;&#8221; parallax_image_attachment=&#8221;inherit&#8221;][vc_column width=&#8221;7\/12&#8243;][vc_column_text]<\/p>\n<h3 style=\"text-align: center;\"><\/h3>\n<table class=\"table-price template2\">\n<thead>\n<tr>\n<th>D\u0142ugo\u015b\u0107 pobytu<\/th>\n<th align=\"center\">Cena<\/th>\n<th>Czas przetwarzania<\/th>\n<\/tr>\n<\/thead>\n<tbody>\n<tr class=\"odd\">\n<td>14<\/td>\n<td class=\"highlight\">od 90 \u20ac<\/td>\n<td>7 dni<\/td>\n<\/tr>\n<tr class=\"even\">\n<td>45\/30<\/td>\n<td>od 110 \u20ac<\/td>\n<td>7 dni<\/td>\n<\/tr>\n<tr class=\"odd\">\n<td>90\/45<\/td>\n<td>od 130 \u20ac<\/td>\n<td>7 dni<\/td>\n<\/tr>\n<tr class=\"even\">\n<td>180\/90<\/td>\n<td>od 150 \u20ac<\/td>\n<td>7 dni<\/td>\n<\/tr>\n<tr class=\"odd\">\n<td>365\/90\/90<\/td>\n<td>od 200 \u20ac<\/td>\n<td>7 dni<\/td>\n<\/tr>\n<\/tbody>\n<\/table>\n<p>[\/vc_column_text][\/vc_column][vc_column width=&#8221;5\/12&#8243;][vc_column_text]<strong>Wliczone w cen\u0119:<\/strong><br \/>\n\u2013 konsultacje do\u015bwiadczonego managera,<br \/>\n\u2013 rejestracja sk\u0142adania dokument\u00f3w,<br \/>\n\u2013 profesjonalne wype\u0142nienie ankiety,<br \/>\n\u2013 rejestracja ubezpieczenia medycznego,<br \/>\n\u2013 z\u0142o\u017cenie dokument\u00f3w lub pe\u0142ne wsparcie,<br \/>\n\u2013 konsultacje przy przekraczaniu granicy,<br \/>\n\u2013 stworzenie kompletnego pakietu dokument\u00f3w.[\/vc_column_text][\/vc_column][\/vc_row][\/vc_section][vc_section parallax_image_attachment=&#8221;inherit&#8221; padding_class=&#8221;wide-10&#8243;][vc_row parallax_image_attachment=&#8221;inherit&#8221;][vc_column][vc_column_text]<\/p>\n<h1 style=\"text-align: center;\"><span style=\"color: #1d437b;\"><strong>Ubieganie si\u0119 o wiz\u0119 turystyczn\u0105 <\/strong><\/span><\/h1>\n<h1 style=\"text-align: center;\"><span style=\"color: #1d437b;\"><strong>do W\u0142och<\/strong><\/span><\/h1>\n<p>W\u0142ochy to kraj wysokiej\u00a0kultury, gigantyczny skansen, kt\u00f3ry \u0142\u0105czy w sobie pi\u0119kno niesamowitej przyrody, od pla\u017c Morza \u015ar\u00f3dziemnego po alpejskie zbocza, oraz rz\u0105dy pot\u0119\u017cnej staro\u017cytnej cywilizacji, kt\u00f3ra pozostawi\u0142a po sobie zabytki kultury i architektury , galerie i muzea. Staro\u017cytny Rzym z kultur\u0105 bizantyjsk\u0105, staro\u017cytny rzymski amfiteatr, Panteon z pewno\u015bci\u0105 zadowoli mi\u0142o\u015bnik\u00f3w historii, a tak\u017ce Dolin\u0119 \u015awi\u0105ty\u0144 w Agrigento i miasto \u015bw. Antoniego Padewskiego.<\/p>\n<p>Po\u0142udnie przyci\u0105ga najwi\u0119cej turyst\u00f3w: bujne, spokojne, jasne i najgor\u0119tsze W\u0142ochy. Prawie ca\u0142y kraj obmywaj\u0105 morza, kt\u00f3rych brzegi maj\u0105 \u0142agodne wej\u015bcie, co jest plusem w planowaniu rodzinnego wyjazdu.<\/p>\n<p>Wszystko to uczyni\u0142o z W\u0142och \u015bwiatowej klasy centrum turystyczne.<\/p>\n<p>Aby nie tylko pozna\u0107 histori\u0119 antycznej, bizantyjskiej i \u015bredniowiecznej Italii, ale tak\u017ce m\u00f3c dotkn\u0105\u0107 i zwiedzi\u0107 w\u015br\u00f3d wybitnych zabytk\u00f3w architektury nasza firma oferuje swoje us\u0142ugi. Bior\u0105c pod uwag\u0119, \u017ce pa\u0144stwo znajduje si\u0119 na li\u015bcie kraj\u00f3w Schengen, konieczne jest uzyskanie wizy Schengen. Nasi specjali\u015bci pomog\u0105 Ci zrealizowa\u0107 Twoje marzenie w ci\u0105gu kilku dni, dzi\u0119ki jasnym umiej\u0119tno\u015bciom i prawid\u0142owo wykonanym dokumentom.[\/vc_column_text][\/vc_column][\/vc_row][\/vc_section][vc_section parallax_image_attachment=&#8221;inherit&#8221; padding_class=&#8221;wide-10&#8243;][vc_row parallax_image_attachment=&#8221;inherit&#8221;][vc_column][vc_row_inner][vc_column_inner][vc_column_text]<\/p>\n<h1 class=\"h2-xs darkblue-color\" style=\"text-align: center;\"><strong><span style=\"color: #1d437b;\">Dokumenty wymagane dla wizy <\/span><\/strong><\/h1>\n<h1 class=\"h2-xs darkblue-color\" style=\"text-align: center;\"><strong><span style=\"color: #1d437b;\">do W\u0142och<\/span><\/strong><\/h1>\n<div>\n<p>&#8211; orygina\u0142 wa\u017cnego paszportu zagranicznego,<br \/>\n&#8211; kopie wszystkich stron paszportu,<br \/>\n&#8211; kopi\u0119 kodu identyfikacyjnego,<br \/>\n&#8211; \u015bwie\u017ce zdj\u0119cia 3,5 x 4,5,<br \/>\n&#8211; bon turystyczny wystawiony zgodnie z wymaganiami konsulatu,<br \/>\n&#8211; za\u015bwiadczenie z miejsca pracy\/instytucji edukacyjnej,<br \/>\n&#8211; za\u015bwiadczenie finansowe z banku z ruchem na konto.<\/p>\n<\/div>\n<p>[\/vc_column_text][\/vc_column_inner][\/vc_row_inner][\/vc_column][\/vc_row][vc_row parallax_image_attachment=&#8221;inherit&#8221;][vc_column][vc_row_inner][vc_column_inner][vc_column_text]<\/p>\n<h1 class=\"h2-xs darkblue-color\" style=\"text-align: center;\"><strong><span style=\"color: #1d437b;\">Ciekawe <\/span><\/strong><\/h1>\n<h1 class=\"h2-xs darkblue-color\" style=\"text-align: center;\"><strong><span style=\"color: #1d437b;\">o W\u0142oszech<\/span><\/strong><\/h1>\n<p>[\/vc_column_text][\/vc_column_inner][\/vc_row_inner][\/vc_column][\/vc_row][vc_row parallax_image_attachment=&#8221;inherit&#8221;][vc_column][vc_basic_grid post_type=&#8221;post&#8221; max_items=&#8221;3&#8243; initial_loading_animation=&#8221;none&#8221; grid_id=&#8221;vc_gid:1662553392497-c038db99-3cc9-2&#8243; taxonomies=&#8221;34&#8243;][\/vc_column][\/vc_row][\/vc_section][vc_section parallax_image_attachment=&#8221;inherit&#8221; padding_class=&#8221;wide-10&#8243;][\/vc_section]<\/p>\n","protected":false},"excerpt":{"rendered":"<p>[vc_section enable_inner=&#8221;yes&#8221; parallax_image=&#8221;&#8221; section_type=&#8221;about&#8221; parallax=&#8221;content-moving-fade&#8221; content_placement=&#8221;top&#8221; about_type=&#8221;6&#8243; bg_class=&#8221;bg-tra&#8221; parallax_image_attachment=&#8221;inherit&#8221; padding_class=&#8221;&#8221; parallax_image_repeat=&#8221;&#8221; parallax_image_position=&#8221;50% 0&#8243; css=&#8221;.vc_custom_1629216712678{background-image: url(http:\/\/visapro.com.pl\/wp-content\/uploads\/2021\/07\/0-02-05-9bf4d5685a90d62727842ef3f0a78bea17207ff0ed673a40786f600d5c2132bf_b53f8c4597687030.jpg?id=2940) !important;}&#8221;][vc_row][vc_column width=&#8221;7\/12&#8243;][\/vc_column][vc_column width=&#8221;5\/12&#8243;][\/vc_column][\/vc_row][\/vc_section][vc_section parallax_image_attachment=&#8221;inherit&#8221; padding_class=&#8221;&#8221;][vc_row parallax_image_attachment=&#8221;inherit&#8221;][vc_column][vc_column_text] Koszt rejestracji Wiza Schengen do W\u0142och [\/vc_column_text][\/vc_column][\/vc_row][vc_row content_placement=&#8221;&#8221; parallax_image_attachment=&#8221;inherit&#8221;][vc_column width=&#8221;7\/12&#8243;][vc_column_text] D\u0142ugo\u015b\u0107 pobytu Cena Czas przetwarzania 14 od 90 \u20ac&#8230;<\/p>\n","protected":false},"author":1,"featured_media":0,"parent":0,"menu_order":0,"comment_status":"closed","ping_status":"closed","template":"","meta":{"footnotes":""},"class_list":["post-2385","page","type-page","status-publish","hentry","no-post-thumbnail"],"post_mailing_queue_ids":[],"_links":{"self":[{"href":"https:\/\/visapro.com.pl\/pl\/wp-json\/wp\/v2\/pages\/2385","targetHints":{"allow":["GET"]}}],"collection":[{"href":"https:\/\/visapro.com.pl\/pl\/wp-json\/wp\/v2\/pages"}],"about":[{"href":"https:\/\/visapro.com.pl\/pl\/wp-json\/wp\/v2\/types\/page"}],"author":[{"embeddable":true,"href":"https:\/\/visapro.com.pl\/pl\/wp-json\/wp\/v2\/users\/1"}],"replies":[{"embeddable":true,"href":"https:\/\/visapro.com.pl\/pl\/wp-json\/wp\/v2\/comments?post=2385"}],"version-history":[{"count":96,"href":"https:\/\/visapro.com.pl\/pl\/wp-json\/wp\/v2\/pages\/2385\/revisions"}],"predecessor-version":[{"id":6158,"href":"https:\/\/visapro.com.pl\/pl\/wp-json\/wp\/v2\/pages\/2385\/revisions\/6158"}],"wp:attachment":[{"href":"https:\/\/visapro.com.pl\/pl\/wp-json\/wp\/v2\/media?parent=2385"}],"curies":[{"name":"wp","href":"https:\/\/api.w.org\/{rel}","templated":true}]}}