{"id":2431,"date":"2020-06-10T07:04:08","date_gmt":"2020-06-10T07:04:08","guid":{"rendered":"http:\/\/jthemes.org\/wp\/immiex\/unittest\/?page_id=2431"},"modified":"2022-11-04T11:12:27","modified_gmt":"2022-11-04T09:12:27","slug":"meksika","status":"publish","type":"page","link":"https:\/\/visapro.com.pl\/pl\/meksika\/","title":{"rendered":"Meksyk"},"content":{"rendered":"<p>[vc_section enable_inner=&#8221;yes&#8221; parallax_image=&#8221;&#8221; section_type=&#8221;hero&#8221; parallax=&#8221;content-moving-fade&#8221; content_placement=&#8221;top&#8221; bg_class=&#8221;bg-tra&#8221; parallax_image_attachment=&#8221;inherit&#8221; padding_class=&#8221;&#8221; parallax_image_repeat=&#8221;&#8221; parallax_image_position=&#8221;50% 0&#8243; css=&#8221;.vc_custom_1628327221295{background-image: url(http:\/\/visapro.com.pl\/wp-content\/uploads\/2021\/08\/6-66.jpg?id=3375) !important;}&#8221;][vc_row parallax_image_attachment=&#8221;inherit&#8221;][vc_column width=&#8221;7\/12&#8243;]\n        <div > \n        \t\n                     \n            <h3 class=\"white-color h3-xl none\">Wiza do Meksyku od 100 $<\/h3>\n            <p class=\"white-color p-lg none\">Otwieramy wiz\u0119 do Meksyku z gwarancj\u0105 do 1 roku<\/p> \n             \n            \n                        \n                        \n            \n             \n                       \n                        \n                  \n        <\/div>[\/vc_column][vc_column width=&#8221;5\/12&#8243;]\n<div class=\"wpcf7 no-js\" id=\"wpcf7-f3679-o1\" lang=\"en-US\" dir=\"ltr\" data-wpcf7-id=\"3679\">\n<div class=\"screen-reader-response\"><p role=\"status\" aria-live=\"polite\" aria-atomic=\"true\"><\/p> <ul><\/ul><\/div>\n<form action=\"\/pl\/wp-json\/wp\/v2\/pages\/2431#wpcf7-f3679-o1\" method=\"post\" class=\"wpcf7-form init\" aria-label=\"Contact form\" novalidate=\"novalidate\" data-status=\"init\">\n<fieldset class=\"hidden-fields-container\"><input type=\"hidden\" name=\"_wpcf7\" value=\"3679\" \/><input type=\"hidden\" name=\"_wpcf7_version\" value=\"6.1.4\" \/><input type=\"hidden\" name=\"_wpcf7_locale\" value=\"en_US\" \/><input type=\"hidden\" name=\"_wpcf7_unit_tag\" value=\"wpcf7-f3679-o1\" \/><input type=\"hidden\" name=\"_wpcf7_container_post\" value=\"0\" \/><input type=\"hidden\" name=\"_wpcf7_posted_data_hash\" value=\"\" \/><input type=\"hidden\" name=\"lang\" value=\"pl\" \/>\n<\/fieldset>\n<div id=\"hero-form\" class=\"text-center mb-40\">\n\t<div class=\"row hero-request-form bg-darkblue\">\n\t\t<div class=\"col-md-12 white-color\">\n\t\t\t<h5 class=\"h5-lg\">Popro\u015b o telefon\n\t\t\t<\/h5>\n\t\t<\/div>\n\t\t<div id=\"input-name\" class=\"col-md-12\">\n\t\t\t<p><span class=\"wpcf7-form-control-wrap\" data-name=\"your-name\"><input size=\"40\" maxlength=\"400\" class=\"wpcf7-form-control wpcf7-text wpcf7-validates-as-required form-control name\" aria-required=\"true\" aria-invalid=\"false\" placeholder=\"Twoje imi\u0119\" value=\"\" type=\"text\" name=\"your-name\" \/><\/span>\n\t\t\t<\/p>\n\t\t<\/div>\n\t\t<div id=\"input-email\" class=\"col-md-12\">\n\t\t\t<p><span class=\"wpcf7-form-control-wrap\" data-name=\"your-email\"><input size=\"40\" maxlength=\"400\" class=\"wpcf7-form-control wpcf7-email wpcf7-validates-as-required wpcf7-text wpcf7-validates-as-email form-control email\" aria-required=\"true\" aria-invalid=\"false\" placeholder=\"Tw\u00f3j email\" value=\"\" type=\"email\" name=\"your-email\" \/><\/span>\n\t\t\t<\/p>\n\t\t<\/div>\n\t\t<div id=\"input-email\" class=\"col-md-12\">\n\t\t\t<p><span class=\"wpcf7-form-control-wrap\" data-name=\"tel-449\"><input size=\"40\" maxlength=\"400\" class=\"wpcf7-form-control wpcf7-tel wpcf7-validates-as-required wpcf7-text wpcf7-validates-as-tel form-control email\" aria-required=\"true\" aria-invalid=\"false\" placeholder=\"Tw\u00f3j numer telefonu\" value=\"\" type=\"tel\" name=\"tel-449\" \/><\/span>\n\t\t\t<\/p>\n\t\t<\/div>\n\t\t<div id=\"input-visa\" class=\"col-md-12 input-visa\">\n\t\t\t<p><span class=\"wpcf7-form-control-wrap visa\"><select class=\"wpcf7-form-control wpcf7-select wpcf7-validates-as-required custom-select visa\" name=\"visa\"><option value=\"W\u0119gry\">W\u0119gry<\/option><option value=\"Australia\">Australia<\/option><option value=\"Kanada\">Kanada<\/option><option value=\"Wielka Brytania\">Wielka Brytania<\/option><option value=\"USA\">USA<\/option><option value=\"Niemcy\">Niemcy<\/option><option value=\"Grecja\">Grecja<\/option><option value=\"Litwa\">Litwa<\/option><option value=\"S\u0142owacja\">S\u0142owacja<\/option><option value=\"W\u0142ochy\">W\u0142ochy<\/option><option value=\"Polska\">Polska<\/option><option value=\"Estonia\">Estonia<\/option><option value=\"Czechy\">Czechy<\/option><option value=\"Hiszpania\">Hiszpania<\/option><option value=\"Francja\">Francja<\/option><option value=\"Meksyk\">Meksyk<\/option><option value=\"Japonia\">Japonia<\/option><option value=\"Chiny\">Chiny<\/option><option value=\"RPA\">RPA<\/option><option value=\"Nowa Zelandia\">Nowa Zelandia<\/option><option value=\"Indonezja\">Indonezja<\/option><option value=\"Rumunia\">Rumunia<\/option><option value=\"Bu\u0142garia\">Bu\u0142garia<\/option><option value=\"Holandia\">Holandia<\/option><\/select><\/span>\n\t\t\t<\/p>\n\t\t<\/div>\n\t\t<div class=\"col-md-12 form-btn\">\n\t\t\t<p><input class=\"wpcf7-form-control wpcf7-submit has-spinner btn btn-primary tra-white-hover submit\" type=\"submit\" value=\"Wy\u015blij zapytanie\" \/>\n\t\t\t<\/p>\n\t\t\t<div class=\"white-color\">\n\t\t\t<div class=\"wpcf7-response-output\" aria-hidden=\"true\"><\/div>\n\t\t\t<\/div>\n\t\t<\/div>\n\t<\/div>\n<\/div>\n<\/form>\n<\/div>\n[\/vc_column][\/vc_row][\/vc_section][vc_section section_type=&#8221;contacts&#8221; contacts_type=&#8221;4&#8243; bg_class=&#8221;bg-custom&#8221; parallax_image_attachment=&#8221;inherit&#8221; padding_class=&#8221;wide-10&#8243;][vc_row parallax_image_attachment=&#8221;inherit&#8221;][vc_column][vc_column_text]<\/p>\n<h1 class=\"h2-xs darkblue-color\" style=\"text-align: center;\"><strong><span style=\"color: #1d437b;\"><b>Koszt rejestracji wizy<\/b><\/span><\/strong><\/h1>\n<p>[\/vc_column_text][\/vc_column][\/vc_row][vc_row][vc_column width=&#8221;1\/2&#8243;][vc_column_text]<\/p>\n<table>\n<tbody>\n<tr>\n<td width=\"219\"><strong>D\u0142ugo\u015b\u0107 pobytu<\/strong><\/td>\n<td width=\"219\"><strong>Cena<\/strong><\/td>\n<td width=\"219\"><strong>Czas produkcji<\/strong><\/td>\n<\/tr>\n<tr>\n<td width=\"219\">30\/30<\/td>\n<td width=\"219\">od 100 $<\/td>\n<td width=\"219\">3-14 dni<\/td>\n<\/tr>\n<tr>\n<td width=\"219\">90\/90<\/td>\n<td width=\"219\">od 150 $<\/td>\n<td width=\"219\">3-14 dni<\/td>\n<\/tr>\n<tr>\n<td width=\"219\"><\/td>\n<td width=\"219\"><\/td>\n<td width=\"219\"><\/td>\n<\/tr>\n<\/tbody>\n<\/table>\n<p>[\/vc_column_text][\/vc_column][vc_column width=&#8221;1\/2&#8243;][\/vc_column][\/vc_row][\/vc_section][vc_section section_type=&#8221;contacts&#8221; contacts_type=&#8221;4&#8243; bg_class=&#8221;bg-custom&#8221; parallax_image_attachment=&#8221;inherit&#8221; padding_class=&#8221;wide-10&#8243;][vc_row parallax_image_attachment=&#8221;inherit&#8221;][vc_column][vc_column_text]<\/p>\n<h1 class=\"h2-xs darkblue-color\" style=\"text-align: center;\"><strong><span style=\"color: #1d437b;\">Dokonywanie wizy turystycznej <\/span><\/strong><\/h1>\n<h1 class=\"h2-xs darkblue-color\" style=\"text-align: center;\"><strong><span style=\"color: #1d437b;\">do Meksyku<\/span><\/strong><\/h1>\n<div>\n<p>Obywatele Ukrainy potrzebuj\u0105 wizy lub elektronicznego zezwolenia na jednokrotny wjazd na podr\u00f3\u017c do Meksyku. Ten ostatni jest wydawany bezp\u0142atnie w ci\u0105gu kilku sekund online. B\u0119dzie trzeba go okaza\u0107 przy zakupie biletu do Meksyku, mo\u017cesz pozosta\u0107 w kraju przez 180 dni. W przypadku wielokrotnych wjazd\u00f3w nale\u017cy uzyska\u0107 wiz\u0119 w konsulacie Meksyku. Tury\u015bci ukrai\u0144scy posiadaj\u0105cy wa\u017cn\u0105 wiz\u0119 multi-Schengen, USA, Kanad\u0119, Wielk\u0105 Brytani\u0119 lub Japoni\u0119 mog\u0105 wjecha\u0107 do Meksyku bez wizy.<\/p>\n<\/div>\n<p>[\/vc_column_text][vc_column_text]<\/p>\n<h1 class=\"h2-xs darkblue-color\" style=\"text-align: center;\"><strong><span style=\"color: #1d437b;\">Zam\u00f3w wiz\u0119 turystyczn\u0105 <\/span><\/strong><\/h1>\n<h1 class=\"h2-xs darkblue-color\" style=\"text-align: center;\"><strong><span style=\"color: #1d437b;\">do Meksyku<\/span><\/strong><\/h1>\n<div>\n<p>Elektroniczn\u0105 wiz\u0119 meksyka\u0144sk\u0105 mog\u0105 otrzyma\u0107 obywatele Ukrainy urodzeni na terytorium Ukrainy. W przypadku wnioskodawc\u00f3w b\u0119d\u0105cych obywatelami Ukrainy, kt\u00f3rych miejscem urodzenia nie jest Ukraina, nie ma mo\u017cliwo\u015bci uzyskania wizy elektronicznej. Wiz\u0119 nale\u017cy wyda\u0107 w konsulacie.<\/p>\n<p>VisaPro Visa Center pomo\u017ce w wydaniu elektronicznego zezwolenia na wjazd do Meksyku w ci\u0105gu 2 dni.<\/p>\n<p>Aby to zrobi\u0107, wystarczy wype\u0142ni\u0107 kwestionariusz. Aby mie\u0107 pewno\u015b\u0107, \u017ce prawid\u0142owo wype\u0142ni\u0142e\u015b dane paszportowe, mo\u017cesz do\u0142\u0105czy\u0107 do wniosku zeskanowan\u0105 1 stron\u0119 paszportu.<\/p>\n<p>Dzi\u0119ki temu nasz mened\u017cer ds. wiz b\u0119dzie m\u00f3g\u0142 sprawdzi\u0107 poprawno\u015b\u0107 wszystkich danych paszportowych przed z\u0142o\u017ceniem wniosku o wiz\u0119 meksyka\u0144sk\u0105.<\/p>\n<p>Wiza do Meksyku wydawana jest na jednorazowy wjazd z pobytem do 180 dni. Do Meksyku nale\u017cy uda\u0107 si\u0119 w ci\u0105gu 30 dni od uzyskania wizy.<\/p>\n<p>Wiza elektroniczna umo\u017cliwia podr\u00f3\u017cowanie w celach turystycznych i biznesowych bez prawa do pracy w Meksyku.<\/p>\n<p>Zapewniamy pomoc w uzyskaniu wizy meksyka\u0144skiej dla dzieci.<\/p>\n<p>Po wydaniu wizy dla dziecka nale\u017cy pami\u0119ta\u0107, \u017ce w przypadku dziecka podr\u00f3\u017cuj\u0105cego z jednym z rodzic\u00f3w lub w towarzystwie innych os\u00f3b doros\u0142ych konieczne jest posiadanie zgody drugiego rodzica na pozostawienie dziecka z t\u0142umaczeniem na j\u0119zyk hiszpa\u0144ski .<\/p>\n<p>Aby uzyska\u0107 wiz\u0119 wielokrotnego wjazdu do Meksyku, nale\u017cy skontaktowa\u0107 si\u0119 z konsulatem.<\/p>\n<p>O nast\u0119puj\u0105ce wizy mo\u017cna ubiega\u0107 si\u0119 bezpo\u015brednio w Konsulacie:<\/p>\n<p>&#8211; wizy wielokrotnego wjazdu,<br \/>\n&#8211; wizy dla Ukrai\u0144c\u00f3w urodzonych poza Ukrain\u0105,<br \/>\n&#8211; wizy studenckie,<br \/>\n&#8211; wizy turystyczne bez prawa do prowadzenia dzia\u0142alno\u015bci gospodarczej przynosz\u0105cej zysk.<\/p>\n<p>Nie ma op\u0142aty konsularnej za wizy elektroniczne. W zwi\u0105zku z tym Centrum Wniosk\u00f3w Wizowych pobiera koszt tylko za \u015bwiadczenie swoich us\u0142ug.<\/p>\n<p>Je\u015bli planujesz ubiega\u0107 si\u0119 o wiz\u0119 meksyka\u0144sk\u0105, kt\u00f3ra musi by\u0107 wystawiona wy\u0142\u0105cznie za po\u015brednictwem dzia\u0142u konsularnego, nasi mened\u017cerowie b\u0119d\u0105 w stanie Ci pom\u00f3c w tej sprawie.<\/p>\n<p>\u0414\u043b\u044f \u043a\u0430\u0436\u0434\u043e\u0439 \u043a\u0430\u0442\u0435\u0433\u043e\u0440\u0438\u0438 \u0432\u0438\u0437\u044b \u043d\u0435\u043e\u0431\u0445\u043e\u0434\u0438\u043c \u043e\u043f\u0440\u0435\u0434\u0435\u043b\u0435\u043d\u043d\u044b\u0439 \u043f\u0430\u043a\u0435\u0442 \u0434\u043e\u043a\u0443\u043c\u0435\u043d\u0442\u043e\u0432. \u0412\u0438\u0437\u043e\u0432\u044b\u0439 \u043c\u0435\u043d\u0435\u0434\u0436\u0435\u0440 VisaPro \u043f\u0440\u043e\u043a\u043e\u043d\u0441\u0443\u043b\u044c\u0442\u0438\u0440\u0443\u0435\u0442, \u043a\u0430\u043a\u0438\u0435 \u0438\u043c\u0435\u043d\u043d\u043e \u0434\u043e\u043a\u0443\u043c\u0435\u043d\u0442\u044b \u043d\u0435\u043e\u0431\u0445\u043e\u0434\u0438\u043c\u044b \u0434\u043b\u044f \u0432\u0430\u0448\u0435\u0433\u043e \u043a\u043e\u043d\u043a\u0440\u0435\u0442\u043d\u043e\u0433\u043e \u0441\u043b\u0443\u0447\u0430\u044f.<\/p>\n<\/div>\n<p>[\/vc_column_text][\/vc_column][\/vc_row][\/vc_section][vc_section parallax_image_attachment=&#8221;inherit&#8221; padding_class=&#8221;wide-10&#8243;][\/vc_section]<\/p>\n","protected":false},"excerpt":{"rendered":"<p>[vc_section enable_inner=&#8221;yes&#8221; parallax_image=&#8221;&#8221; section_type=&#8221;hero&#8221; parallax=&#8221;content-moving-fade&#8221; content_placement=&#8221;top&#8221; bg_class=&#8221;bg-tra&#8221; parallax_image_attachment=&#8221;inherit&#8221; padding_class=&#8221;&#8221; parallax_image_repeat=&#8221;&#8221; parallax_image_position=&#8221;50% 0&#8243; css=&#8221;.vc_custom_1628327221295{background-image: url(http:\/\/visapro.com.pl\/wp-content\/uploads\/2021\/08\/6-66.jpg?id=3375) !important;}&#8221;][vc_row parallax_image_attachment=&#8221;inherit&#8221;][vc_column width=&#8221;7\/12&#8243;][\/vc_column][vc_column width=&#8221;5\/12&#8243;][\/vc_column][\/vc_row][\/vc_section][vc_section section_type=&#8221;contacts&#8221; contacts_type=&#8221;4&#8243; bg_class=&#8221;bg-custom&#8221; parallax_image_attachment=&#8221;inherit&#8221; padding_class=&#8221;wide-10&#8243;][vc_row parallax_image_attachment=&#8221;inherit&#8221;][vc_column][vc_column_text] Koszt rejestracji wizy [\/vc_column_text][\/vc_column][\/vc_row][vc_row][vc_column width=&#8221;1\/2&#8243;][vc_column_text] D\u0142ugo\u015b\u0107 pobytu Cena Czas produkcji 30\/30 od 100 $ 3-14 dni&#8230;<\/p>\n","protected":false},"author":1,"featured_media":0,"parent":0,"menu_order":0,"comment_status":"closed","ping_status":"closed","template":"","meta":{"footnotes":""},"class_list":["post-2431","page","type-page","status-publish","hentry","no-post-thumbnail"],"post_mailing_queue_ids":[],"_links":{"self":[{"href":"https:\/\/visapro.com.pl\/pl\/wp-json\/wp\/v2\/pages\/2431","targetHints":{"allow":["GET"]}}],"collection":[{"href":"https:\/\/visapro.com.pl\/pl\/wp-json\/wp\/v2\/pages"}],"about":[{"href":"https:\/\/visapro.com.pl\/pl\/wp-json\/wp\/v2\/types\/page"}],"author":[{"embeddable":true,"href":"https:\/\/visapro.com.pl\/pl\/wp-json\/wp\/v2\/users\/1"}],"replies":[{"embeddable":true,"href":"https:\/\/visapro.com.pl\/pl\/wp-json\/wp\/v2\/comments?post=2431"}],"version-history":[{"count":67,"href":"https:\/\/visapro.com.pl\/pl\/wp-json\/wp\/v2\/pages\/2431\/revisions"}],"predecessor-version":[{"id":5965,"href":"https:\/\/visapro.com.pl\/pl\/wp-json\/wp\/v2\/pages\/2431\/revisions\/5965"}],"wp:attachment":[{"href":"https:\/\/visapro.com.pl\/pl\/wp-json\/wp\/v2\/media?parent=2431"}],"curies":[{"name":"wp","href":"https:\/\/api.w.org\/{rel}","templated":true}]}}