{"id":2444,"date":"2020-06-10T10:13:18","date_gmt":"2020-06-10T10:13:18","guid":{"rendered":"http:\/\/jthemes.org\/wp\/immiex\/unittest\/?page_id=2444"},"modified":"2022-11-21T13:33:44","modified_gmt":"2022-11-21T11:33:44","slug":"kanada","status":"publish","type":"page","link":"https:\/\/visapro.com.pl\/pl\/kanada\/","title":{"rendered":"Kanada"},"content":{"rendered":"<p>[vc_section enable_inner=&#8221;yes&#8221; parallax_image=&#8221;&#8221; section_type=&#8221;hero&#8221; parallax=&#8221;content-moving-fade&#8221; content_placement=&#8221;top&#8221; bg_class=&#8221;bg-tra&#8221; parallax_image_attachment=&#8221;inherit&#8221; padding_class=&#8221;&#8221; parallax_image_repeat=&#8221;&#8221; parallax_image_position=&#8221;50% 0&#8243; css=&#8221;.vc_custom_1628327671123{background-image: url(http:\/\/visapro.com.pl\/wp-content\/uploads\/2021\/08\/kanada-visa.jpg?id=3381) !important;}&#8221;][vc_row parallax_image_attachment=&#8221;inherit&#8221;][vc_column width=&#8221;7\/12&#8243;]\n        <div > \n        \t\n                     \n            <h3 class=\"white-color h3-xl none\">Wiza do Kanady od 200 $<\/h3>\n            <p class=\"white-color p-lg none\">Otwieramy wiz\u0119 do Kanady z gwarancj\u0105 do 1 roku<\/p> \n             \n            \n                        \n                        \n            \n             \n                       \n                        \n                  \n        <\/div>[\/vc_column][vc_column width=&#8221;5\/12&#8243;]\n<div class=\"wpcf7 no-js\" id=\"wpcf7-f3679-o1\" lang=\"en-US\" dir=\"ltr\" data-wpcf7-id=\"3679\">\n<div class=\"screen-reader-response\"><p role=\"status\" aria-live=\"polite\" aria-atomic=\"true\"><\/p> <ul><\/ul><\/div>\n<form action=\"\/pl\/wp-json\/wp\/v2\/pages\/2444#wpcf7-f3679-o1\" method=\"post\" class=\"wpcf7-form init\" aria-label=\"Contact form\" novalidate=\"novalidate\" data-status=\"init\">\n<fieldset class=\"hidden-fields-container\"><input type=\"hidden\" name=\"_wpcf7\" value=\"3679\" \/><input type=\"hidden\" name=\"_wpcf7_version\" value=\"6.1.4\" \/><input type=\"hidden\" name=\"_wpcf7_locale\" value=\"en_US\" \/><input type=\"hidden\" name=\"_wpcf7_unit_tag\" value=\"wpcf7-f3679-o1\" \/><input type=\"hidden\" name=\"_wpcf7_container_post\" value=\"0\" \/><input type=\"hidden\" name=\"_wpcf7_posted_data_hash\" value=\"\" \/><input type=\"hidden\" name=\"lang\" value=\"pl\" \/>\n<\/fieldset>\n<div id=\"hero-form\" class=\"text-center mb-40\">\n\t<div class=\"row hero-request-form bg-darkblue\">\n\t\t<div class=\"col-md-12 white-color\">\n\t\t\t<h5 class=\"h5-lg\">Popro\u015b o telefon\n\t\t\t<\/h5>\n\t\t<\/div>\n\t\t<div id=\"input-name\" class=\"col-md-12\">\n\t\t\t<p><span class=\"wpcf7-form-control-wrap\" data-name=\"your-name\"><input size=\"40\" maxlength=\"400\" class=\"wpcf7-form-control wpcf7-text wpcf7-validates-as-required form-control name\" aria-required=\"true\" aria-invalid=\"false\" placeholder=\"Twoje imi\u0119\" value=\"\" type=\"text\" name=\"your-name\" \/><\/span>\n\t\t\t<\/p>\n\t\t<\/div>\n\t\t<div id=\"input-email\" class=\"col-md-12\">\n\t\t\t<p><span class=\"wpcf7-form-control-wrap\" data-name=\"your-email\"><input size=\"40\" maxlength=\"400\" class=\"wpcf7-form-control wpcf7-email wpcf7-validates-as-required wpcf7-text wpcf7-validates-as-email form-control email\" aria-required=\"true\" aria-invalid=\"false\" placeholder=\"Tw\u00f3j email\" value=\"\" type=\"email\" name=\"your-email\" \/><\/span>\n\t\t\t<\/p>\n\t\t<\/div>\n\t\t<div id=\"input-email\" class=\"col-md-12\">\n\t\t\t<p><span class=\"wpcf7-form-control-wrap\" data-name=\"tel-449\"><input size=\"40\" maxlength=\"400\" class=\"wpcf7-form-control wpcf7-tel wpcf7-validates-as-required wpcf7-text wpcf7-validates-as-tel form-control email\" aria-required=\"true\" aria-invalid=\"false\" placeholder=\"Tw\u00f3j numer telefonu\" value=\"\" type=\"tel\" name=\"tel-449\" \/><\/span>\n\t\t\t<\/p>\n\t\t<\/div>\n\t\t<div id=\"input-visa\" class=\"col-md-12 input-visa\">\n\t\t\t<p><span class=\"wpcf7-form-control-wrap visa\"><select class=\"wpcf7-form-control wpcf7-select wpcf7-validates-as-required custom-select visa\" name=\"visa\"><option value=\"W\u0119gry\">W\u0119gry<\/option><option value=\"Australia\">Australia<\/option><option value=\"Kanada\">Kanada<\/option><option value=\"Wielka Brytania\">Wielka Brytania<\/option><option value=\"USA\">USA<\/option><option value=\"Niemcy\">Niemcy<\/option><option value=\"Grecja\">Grecja<\/option><option value=\"Litwa\">Litwa<\/option><option value=\"S\u0142owacja\">S\u0142owacja<\/option><option value=\"W\u0142ochy\">W\u0142ochy<\/option><option value=\"Polska\">Polska<\/option><option value=\"Estonia\">Estonia<\/option><option value=\"Czechy\">Czechy<\/option><option value=\"Hiszpania\">Hiszpania<\/option><option value=\"Francja\">Francja<\/option><option value=\"Meksyk\">Meksyk<\/option><option value=\"Japonia\">Japonia<\/option><option value=\"Chiny\">Chiny<\/option><option value=\"RPA\">RPA<\/option><option value=\"Nowa Zelandia\">Nowa Zelandia<\/option><option value=\"Indonezja\">Indonezja<\/option><option value=\"Rumunia\">Rumunia<\/option><option value=\"Bu\u0142garia\">Bu\u0142garia<\/option><option value=\"Holandia\">Holandia<\/option><\/select><\/span>\n\t\t\t<\/p>\n\t\t<\/div>\n\t\t<div class=\"col-md-12 form-btn\">\n\t\t\t<p><input class=\"wpcf7-form-control wpcf7-submit has-spinner btn btn-primary tra-white-hover submit\" type=\"submit\" value=\"Wy\u015blij zapytanie\" \/>\n\t\t\t<\/p>\n\t\t\t<div class=\"white-color\">\n\t\t\t<div class=\"wpcf7-response-output\" aria-hidden=\"true\"><\/div>\n\t\t\t<\/div>\n\t\t<\/div>\n\t<\/div>\n<\/div>\n<\/form>\n<\/div>\n[\/vc_column][\/vc_row][\/vc_section][vc_section parallax_image_attachment=&#8221;inherit&#8221; padding_class=&#8221;wide-10&#8243;][vc_row parallax_image_attachment=&#8221;inherit&#8221;][vc_column][vc_column_text]<\/p>\n<h1 style=\"text-align: center;\"><strong><span style=\"color: #1d437b;\"><b>Koszt rejestracji wizy<\/b><\/span><\/strong><\/h1>\n<p>[\/vc_column_text][\/vc_column][\/vc_row][vc_row][vc_column width=&#8221;1\/2&#8243;][vc_column_text]<\/p>\n<table>\n<tbody>\n<tr>\n<td width=\"219\"><strong>D\u0142ugo\u015b\u0107 pobytu<\/strong><\/td>\n<td width=\"219\"><strong>Cena<\/strong><\/td>\n<td width=\"219\"><strong>Czas produkcji<\/strong><\/td>\n<\/tr>\n<tr>\n<td width=\"219\">1<\/td>\n<td width=\"219\">od 300 $<\/td>\n<td width=\"219\">21-30 dni<\/td>\n<\/tr>\n<tr>\n<td width=\"219\">2-10<\/td>\n<td width=\"219\">od 500 $<\/td>\n<td width=\"219\">21-30 dni<\/td>\n<\/tr>\n<tr>\n<td width=\"219\"><\/td>\n<td width=\"219\"><\/td>\n<td width=\"219\"><\/td>\n<\/tr>\n<\/tbody>\n<\/table>\n<p>[\/vc_column_text][\/vc_column][vc_column width=&#8221;1\/2&#8243;][\/vc_column][\/vc_row][\/vc_section][vc_section parallax_image_attachment=&#8221;inherit&#8221; padding_class=&#8221;wide-10&#8243;][vc_row parallax_image_attachment=&#8221;inherit&#8221;][vc_column][vc_column_text]<\/p>\n<h1 style=\"text-align: center;\"><strong><span style=\"color: #1d437b;\">Ubieganie si\u0119 o wiz\u0119 <\/span><\/strong><\/h1>\n<h1 style=\"text-align: center;\"><strong><span style=\"color: #1d437b;\">do Kanady<\/span><\/strong><\/h1>\n<div>\n<p>Aby wjecha\u0107 do Kanady, musisz uzyska\u0107 wiz\u0119 na pobyt. Jego rejestracja zajmie troch\u0119 czasu, dlatego musisz wcze\u015bniej zadba\u0107 o z\u0142o\u017cenie wniosku i wszystkich niezb\u0119dnych dokument\u00f3w. Wiz\u0119 kanadyjsk\u0105 mo\u017cna otrzyma\u0107 w okresie od 7 do 10 dni, dlatego musisz mie\u0107 j\u0105 na stanie na oko\u0142o miesi\u0105c przed planowan\u0105 podr\u00f3\u017c\u0105.<\/p>\n<p>Wiza do Kanady wydawana jest na podstawie pakietu dokument\u00f3w potwierdzaj\u0105cych, \u017ce jeste\u015b obywatelem Ukrainy i nie zamierzasz si\u0119 z niej przeprowadza\u0107 do innego kraju. Kanadyjski rz\u0105d bardzo powa\u017cnie podchodzi do ochrony interes\u00f3w swoich obywateli, dlatego wizy do Kanady dla Ukrai\u0144c\u00f3w s\u0105 wydawane po dok\u0142adnym zbadaniu powod\u00f3w podr\u00f3\u017cy i weryfikacji dost\u0119pno\u015bci gwarancji powrotu do ojczyzny.<\/p>\n<p>Uzyskanie wizy do Kanady, niezale\u017cnie od celu podr\u00f3\u017cy, jest r\u00f3wnie trudne. Opr\u00f3cz \u015bci\u015ble okre\u015blonego pakietu dokument\u00f3w nale\u017cy wype\u0142ni\u0107 co najmniej trzy formularze online. Przesy\u0142aj\u0105c dokumenty, musisz pami\u0119ta\u0107, \u017ce paczka musi by\u0107 uformowana w \u015bcis\u0142ej kolejno\u015bci.<\/p>\n<p>Aby ubezpieczy\u0107 si\u0119 od b\u0142\u0119d\u00f3w, warto zwr\u00f3ci\u0107 si\u0119 o pomoc do naszej agencji wizowej, kt\u00f3rej g\u0142\u00f3wn\u0105 specjalizacj\u0105 jest wydawanie trudnych wiz. Specjali\u015bci VisaPro zajm\u0105 si\u0119 wszystkimi kwestiami zwi\u0105zanymi z uzyskaniem wizy do Kanady, od ustalenia listy wymaganych dokument\u00f3w, ich t\u0142umaczenia i kwestionariuszy po szczeg\u00f3\u0142owe porady dotycz\u0105ce wszystkich pyta\u0144. Taki wyb\u00f3r zaoszcz\u0119dzi Ci czasu, pieni\u0119dzy i nerw\u00f3w, a jednocze\u015bnie masz gwarancj\u0119 wykluczenia odmowy z powodu b\u0142\u0119dnej rejestracji typu wizy, ustalenia listy dokument\u00f3w lub b\u0142\u0119dnego wype\u0142nienia formularzy i otrzymania d\u0142ugo oczekiwanej wizy do Kanady .<\/p>\n<\/div>\n<p>[\/vc_column_text][vc_column_text]<\/p>\n<h1 class=\"h2-xs darkblue-color\" style=\"text-align: center;\"><strong><span style=\"color: #1d437b;\">Zam\u00f3w wiz\u0119 <\/span><\/strong><\/h1>\n<h1 class=\"h2-xs darkblue-color\" style=\"text-align: center;\"><strong><span style=\"color: #1d437b;\">do Kanady<\/span><\/strong><\/h1>\n<div>\n<p>Wykonujemy wizy do Kanady dla tych, kt\u00f3rzy:<\/p>\n<p>&#8211; chce mieszka\u0107 i pracowa\u0107 w Kanadzie,<br \/>\n&#8211; chce studiowa\u0107 w Kanadzie,<br \/>\n&#8211; chce odwiedzi\u0107 Kanad\u0119 jako turysta,<br \/>\n&#8211; potrzebuje wyjazdu do Kanady z wizyt\u0105 biznesow\u0105,<br \/>\n&#8211; chce odwiedzi\u0107 znajomych lub krewnych w Kanadzie.<\/p>\n<p>Centrum Wniosk\u00f3w Wizowych Visa Pro przyjmuje dokumenty, pomaga w wydawaniu i wydawaniu wiz. Odpowiemy na wszystkie pytania dotycz\u0105ce wizy do Kanady. Nasi specjali\u015bci s\u0105 gotowi zaoferowa\u0107 profesjonaln\u0105 obs\u0142ug\u0119 z wiz\u0105 do Kanady w kr\u00f3tkim czasie, przy minimalnych kosztach.<\/p>\n<\/div>\n<p>[\/vc_column_text][vc_column_text]<\/p>\n<h1 class=\"h2-xs darkblue-color\" style=\"text-align: center;\"><strong><span style=\"color: #1d437b;\">Ciekawe o Kanadzie<\/span><\/strong><\/h1>\n<p>[\/vc_column_text][\/vc_column][\/vc_row][vc_row parallax_image_attachment=&#8221;inherit&#8221;][vc_column][vc_basic_grid post_type=&#8221;post&#8221; max_items=&#8221;3&#8243; initial_loading_animation=&#8221;none&#8221; grid_id=&#8221;vc_gid:1669030295354-3fc164c0-bb88-6&#8243;][\/vc_column][\/vc_row][\/vc_section][vc_section parallax_image_attachment=&#8221;inherit&#8221; padding_class=&#8221;wide-10&#8243;][\/vc_section]<\/p>\n","protected":false},"excerpt":{"rendered":"<p>[vc_section enable_inner=&#8221;yes&#8221; parallax_image=&#8221;&#8221; section_type=&#8221;hero&#8221; parallax=&#8221;content-moving-fade&#8221; content_placement=&#8221;top&#8221; bg_class=&#8221;bg-tra&#8221; parallax_image_attachment=&#8221;inherit&#8221; padding_class=&#8221;&#8221; parallax_image_repeat=&#8221;&#8221; parallax_image_position=&#8221;50% 0&#8243; css=&#8221;.vc_custom_1628327671123{background-image: url(http:\/\/visapro.com.pl\/wp-content\/uploads\/2021\/08\/kanada-visa.jpg?id=3381) !important;}&#8221;][vc_row parallax_image_attachment=&#8221;inherit&#8221;][vc_column width=&#8221;7\/12&#8243;][\/vc_column][vc_column width=&#8221;5\/12&#8243;][\/vc_column][\/vc_row][\/vc_section][vc_section parallax_image_attachment=&#8221;inherit&#8221; padding_class=&#8221;wide-10&#8243;][vc_row parallax_image_attachment=&#8221;inherit&#8221;][vc_column][vc_column_text] Koszt rejestracji wizy [\/vc_column_text][\/vc_column][\/vc_row][vc_row][vc_column width=&#8221;1\/2&#8243;][vc_column_text] D\u0142ugo\u015b\u0107 pobytu Cena Czas produkcji 1 od 300 $ 21-30 dni 2-10 od 500&#8230;<\/p>\n","protected":false},"author":1,"featured_media":0,"parent":0,"menu_order":0,"comment_status":"closed","ping_status":"closed","template":"","meta":{"footnotes":""},"class_list":["post-2444","page","type-page","status-publish","hentry","no-post-thumbnail"],"post_mailing_queue_ids":[],"_links":{"self":[{"href":"https:\/\/visapro.com.pl\/pl\/wp-json\/wp\/v2\/pages\/2444","targetHints":{"allow":["GET"]}}],"collection":[{"href":"https:\/\/visapro.com.pl\/pl\/wp-json\/wp\/v2\/pages"}],"about":[{"href":"https:\/\/visapro.com.pl\/pl\/wp-json\/wp\/v2\/types\/page"}],"author":[{"embeddable":true,"href":"https:\/\/visapro.com.pl\/pl\/wp-json\/wp\/v2\/users\/1"}],"replies":[{"embeddable":true,"href":"https:\/\/visapro.com.pl\/pl\/wp-json\/wp\/v2\/comments?post=2444"}],"version-history":[{"count":79,"href":"https:\/\/visapro.com.pl\/pl\/wp-json\/wp\/v2\/pages\/2444\/revisions"}],"predecessor-version":[{"id":6707,"href":"https:\/\/visapro.com.pl\/pl\/wp-json\/wp\/v2\/pages\/2444\/revisions\/6707"}],"wp:attachment":[{"href":"https:\/\/visapro.com.pl\/pl\/wp-json\/wp\/v2\/media?parent=2444"}],"curies":[{"name":"wp","href":"https:\/\/api.w.org\/{rel}","templated":true}]}}