{"id":2507,"date":"2020-09-28T06:12:36","date_gmt":"2020-09-28T06:12:36","guid":{"rendered":"http:\/\/jthemes.org\/wp\/immiex\/unittest\/?page_id=2507"},"modified":"2022-11-04T10:38:51","modified_gmt":"2022-11-04T08:38:51","slug":"team-page","status":"publish","type":"page","link":"https:\/\/visapro.com.pl\/pl\/team-page\/","title":{"rendered":"Czech"},"content":{"rendered":"<p>[vc_section enable_inner=&#8221;yes&#8221; parallax_image=&#8221;&#8221; section_type=&#8221;hero&#8221; parallax=&#8221;content-moving-fade&#8221; content_placement=&#8221;top&#8221; bg_class=&#8221;bg-tra&#8221; parallax_image_attachment=&#8221;inherit&#8221; padding_class=&#8221;wide-0&#8243; parallax_image_repeat=&#8221;&#8221; parallax_image_position=&#8221;50% 0&#8243; css=&#8221;.vc_custom_1627645050594{background-image: url(http:\/\/visapro.com.pl\/wp-content\/uploads\/2021\/07\/upload-AP_20333594434837-pic4_zoom-1500&#215;1500-81574.jpg?id=2970) !important;}&#8221;][vc_row parallax_image_attachment=&#8221;inherit&#8221;][vc_column width=&#8221;7\/12&#8243;]\n        <div > \n        \t\n                     \n            <h3 class=\"white-color h3-xl none\">Wiza do Czech od 170 \u20ac<\/h3>\n            <p class=\"white-color p-lg none\">Otwieramy wiz\u0119 pracownicz\u0105 do Czech<\/p> \n             \n            \n                        \n                        \n            \n             \n                       \n                        \n                  \n        <\/div>[\/vc_column][vc_column width=&#8221;5\/12&#8243;]\n<div class=\"wpcf7 no-js\" id=\"wpcf7-f3679-o1\" lang=\"en-US\" dir=\"ltr\" data-wpcf7-id=\"3679\">\n<div class=\"screen-reader-response\"><p role=\"status\" aria-live=\"polite\" aria-atomic=\"true\"><\/p> <ul><\/ul><\/div>\n<form action=\"\/pl\/wp-json\/wp\/v2\/pages\/2507#wpcf7-f3679-o1\" method=\"post\" class=\"wpcf7-form init\" aria-label=\"Contact form\" novalidate=\"novalidate\" data-status=\"init\">\n<fieldset class=\"hidden-fields-container\"><input type=\"hidden\" name=\"_wpcf7\" value=\"3679\" \/><input type=\"hidden\" name=\"_wpcf7_version\" value=\"6.1.4\" \/><input type=\"hidden\" name=\"_wpcf7_locale\" value=\"en_US\" \/><input type=\"hidden\" name=\"_wpcf7_unit_tag\" value=\"wpcf7-f3679-o1\" \/><input type=\"hidden\" name=\"_wpcf7_container_post\" value=\"0\" \/><input type=\"hidden\" name=\"_wpcf7_posted_data_hash\" value=\"\" \/><input type=\"hidden\" name=\"lang\" value=\"pl\" \/>\n<\/fieldset>\n<div id=\"hero-form\" class=\"text-center mb-40\">\n\t<div class=\"row hero-request-form bg-darkblue\">\n\t\t<div class=\"col-md-12 white-color\">\n\t\t\t<h5 class=\"h5-lg\">Popro\u015b o telefon\n\t\t\t<\/h5>\n\t\t<\/div>\n\t\t<div id=\"input-name\" class=\"col-md-12\">\n\t\t\t<p><span class=\"wpcf7-form-control-wrap\" data-name=\"your-name\"><input size=\"40\" maxlength=\"400\" class=\"wpcf7-form-control wpcf7-text wpcf7-validates-as-required form-control name\" aria-required=\"true\" aria-invalid=\"false\" placeholder=\"Twoje imi\u0119\" value=\"\" type=\"text\" name=\"your-name\" \/><\/span>\n\t\t\t<\/p>\n\t\t<\/div>\n\t\t<div id=\"input-email\" class=\"col-md-12\">\n\t\t\t<p><span class=\"wpcf7-form-control-wrap\" data-name=\"your-email\"><input size=\"40\" maxlength=\"400\" class=\"wpcf7-form-control wpcf7-email wpcf7-validates-as-required wpcf7-text wpcf7-validates-as-email form-control email\" aria-required=\"true\" aria-invalid=\"false\" placeholder=\"Tw\u00f3j email\" value=\"\" type=\"email\" name=\"your-email\" \/><\/span>\n\t\t\t<\/p>\n\t\t<\/div>\n\t\t<div id=\"input-email\" class=\"col-md-12\">\n\t\t\t<p><span class=\"wpcf7-form-control-wrap\" data-name=\"tel-449\"><input size=\"40\" maxlength=\"400\" class=\"wpcf7-form-control wpcf7-tel wpcf7-validates-as-required wpcf7-text wpcf7-validates-as-tel form-control email\" aria-required=\"true\" aria-invalid=\"false\" placeholder=\"Tw\u00f3j numer telefonu\" value=\"\" type=\"tel\" name=\"tel-449\" \/><\/span>\n\t\t\t<\/p>\n\t\t<\/div>\n\t\t<div id=\"input-visa\" class=\"col-md-12 input-visa\">\n\t\t\t<p><span class=\"wpcf7-form-control-wrap visa\"><select class=\"wpcf7-form-control wpcf7-select wpcf7-validates-as-required custom-select visa\" name=\"visa\"><option value=\"W\u0119gry\">W\u0119gry<\/option><option value=\"Australia\">Australia<\/option><option value=\"Kanada\">Kanada<\/option><option value=\"Wielka Brytania\">Wielka Brytania<\/option><option value=\"USA\">USA<\/option><option value=\"Niemcy\">Niemcy<\/option><option value=\"Grecja\">Grecja<\/option><option value=\"Litwa\">Litwa<\/option><option value=\"S\u0142owacja\">S\u0142owacja<\/option><option value=\"W\u0142ochy\">W\u0142ochy<\/option><option value=\"Polska\">Polska<\/option><option value=\"Estonia\">Estonia<\/option><option value=\"Czechy\">Czechy<\/option><option value=\"Hiszpania\">Hiszpania<\/option><option value=\"Francja\">Francja<\/option><option value=\"Meksyk\">Meksyk<\/option><option value=\"Japonia\">Japonia<\/option><option value=\"Chiny\">Chiny<\/option><option value=\"RPA\">RPA<\/option><option value=\"Nowa Zelandia\">Nowa Zelandia<\/option><option value=\"Indonezja\">Indonezja<\/option><option value=\"Rumunia\">Rumunia<\/option><option value=\"Bu\u0142garia\">Bu\u0142garia<\/option><option value=\"Holandia\">Holandia<\/option><\/select><\/span>\n\t\t\t<\/p>\n\t\t<\/div>\n\t\t<div class=\"col-md-12 form-btn\">\n\t\t\t<p><input class=\"wpcf7-form-control wpcf7-submit has-spinner btn btn-primary tra-white-hover submit\" type=\"submit\" value=\"Wy\u015blij zapytanie\" \/>\n\t\t\t<\/p>\n\t\t\t<div class=\"white-color\">\n\t\t\t<div class=\"wpcf7-response-output\" aria-hidden=\"true\"><\/div>\n\t\t\t<\/div>\n\t\t<\/div>\n\t<\/div>\n<\/div>\n<\/form>\n<\/div>\n[\/vc_column][\/vc_row][\/vc_section][vc_section parallax_image_attachment=&#8221;inherit&#8221; padding_class=&#8221;&#8221;][vc_row parallax_image_attachment=&#8221;inherit&#8221;][vc_column][vc_column_text]<\/p>\n<h1 class=\"h2-xs darkblue-color\" style=\"text-align: center;\"><strong><span style=\"color: #1d437b;\">Koszt uzyskania wizy pracowniczej <\/span><\/strong><\/h1>\n<h1 class=\"h2-xs darkblue-color\" style=\"text-align: center;\"><strong><span style=\"color: #1d437b;\">do Czech<\/span><\/strong><\/h1>\n<p>[\/vc_column_text][\/vc_column][\/vc_row][\/vc_section][vc_section parallax_image_attachment=&#8221;inherit&#8221; padding_class=&#8221;&#8221;][vc_row parallax_image_attachment=&#8221;inherit&#8221;][vc_column width=&#8221;7\/12&#8243;][vc_column_text]<\/p>\n<table class=\"table-price template2\" style=\"height: 184px;\" width=\"634\">\n<thead>\n<tr>\n<th>D\u0142ugo\u015b\u0107 pobytu<\/th>\n<th align=\"center\">Cena<\/th>\n<th>Czas produkcji<\/th>\n<\/tr>\n<\/thead>\n<tbody>\n<tr class=\"odd\">\n<td>90\/90<\/td>\n<td class=\"highlight\">od 170<\/td>\n<td>30-45 dni<\/td>\n<\/tr>\n<tr class=\"even\">\n<td>365\/365<\/td>\n<td>od 600 \u20ac<\/td>\n<td>30-45 dni<\/td>\n<\/tr>\n<tr class=\"odd\">\n<td>730 \u00abkarta pracy\u00bb<\/td>\n<td>od 700 \u20ac<\/td>\n<td>30-45 dni<\/td>\n<\/tr>\n<tr class=\"even\">\n<td>730<\/td>\n<td>od 500 \u20ac<\/td>\n<td>30-45 dni<\/td>\n<\/tr>\n<tr class=\"odd\">\n<td><\/td>\n<td><\/td>\n<td><\/td>\n<\/tr>\n<\/tbody>\n<\/table>\n<p>[\/vc_column_text][\/vc_column][\/vc_row][\/vc_section][vc_section parallax_image_attachment=&#8221;inherit&#8221; padding_class=&#8221;&#8221;][vc_row parallax_image_attachment=&#8221;inherit&#8221;][vc_column][vc_column_text]<\/p>\n<h1 style=\"text-align: center;\"><span style=\"color: #1d437b;\"><strong>W<\/strong><strong>iz<\/strong><strong>a<\/strong><strong>\u00a0do Czech<\/strong><strong>, w celu wykonywania pracy<\/strong><\/span><\/h1>\n<p>Czechy &#8211; to nie tylko kraj turystyczny, ale tak\u017ce kraj wielkich mo\u017cliwo\u015bci. Je\u017celi nie jeste\u015b obywatelem Unii Europejskiej, chcesz \u00a0legalnie pracowa\u0107 i zarabia\u0107, \u00a0musisz uzyska\u0107 czesk\u0105 wiz\u0119 pracownicz\u0105.<\/p>\n<p>Je\u015bli por\u00f3wnamy uzyskanie czeskiej wizy z wizami wszystkich innych kraj\u00f3w, to wiza do Czech, wed\u0142ug powszechnego przekonania, dla obywateli WNP i Ukrainy jest najwi\u0119kszym problemem. Powodem tego jest du\u017ca liczba nielegalnych imigrant\u00f3w, kt\u00f3rzy pozostaj\u0105 w kraju pomimo wyga\u015bni\u0119cia wizy pracowniczej, a nawet pracuj\u0105 podczas wizy turystycznej.<\/p>\n<p>Ale je\u015bli planujesz zosta\u0107 jednym z zagranicznych pracownik\u00f3w w Czechach, musisz mie\u0107 dokumenty, kt\u00f3re spe\u0142niaj\u0105 wszystkie wymagania. Mo\u017cesz zwi\u0119kszy\u0107 swoje szanse na uzyskanie czeskiej wizy, je\u015bli posiadasz ju\u017c dokumentacj\u0119 podr\u00f3\u017cy do kraj\u00f3w Schengen.<\/p>\n<p>Otwarcie wizy do Czech trwa zwykle do miesi\u0105ca, dlatego lepiej przygotowa\u0107 dokumenty do konsulatu przynajmniej w tym czasie. Wiz\u0119 pracownicz\u0105 na zaproszenie lub na podstawie umowy mo\u017cna otworzy\u0107 na okres od 3 miesi\u0119cy do 2 lat. W zale\u017cno\u015bci od tego pojawia si\u0119 pytanie o cen\u0119.<\/p>\n<p>Aby\u00a0gwarantowan\u0105 uzyska\u0107 wiz\u0119 pracownicz\u0105 do Czech, zalecamy skontaktowa\u0107 si\u0119 z nasz\u0105 agencj\u0105 wizow\u0105. Pomo\u017cemy Ci sporz\u0105dzi\u0107 i prawid\u0142owo wype\u0142ni\u0107 wszystkie niezb\u0119dne dokumenty, spe\u0142ni\u0107 wszystkie wymagania wydzia\u0142u wizowego Ambasady Republiki Czeskiej[\/vc_column_text][\/vc_column][\/vc_row][\/vc_section][vc_section parallax_image_attachment=&#8221;inherit&#8221; padding_class=&#8221;wide-10&#8243;][vc_row parallax_image_attachment=&#8221;inherit&#8221;][vc_column][vc_column_text]<\/p>\n<h1 class=\"h2-xs darkblue-color\" style=\"text-align: center;\"><strong><span style=\"color: #1d437b;\">Dokumenty wymagane do uzyskania wizy <\/span><\/strong><\/h1>\n<h1 class=\"h2-xs darkblue-color\" style=\"text-align: center;\"><strong><span style=\"color: #1d437b;\">do Czech<\/span><\/strong><\/h1>\n<div>\n<p>&#8211; orygina\u0142 wa\u017cnego paszportu,<br \/>\n&#8211; kopie wszystkich stron paszportu,<br \/>\n&#8211; kopi\u0119 kodu identyfikacyjnego,<br \/>\n&#8211; rozmiar \u015bwie\u017cego zdj\u0119cia 3,5 x 4,5,<br \/>\n&#8211; zaproszenie do pracy wydawane jest zgodnie z wymaganiami konsulatu.<\/p>\n<\/div>\n<p>[\/vc_column_text][\/vc_column][\/vc_row][vc_row parallax_image_attachment=&#8221;inherit&#8221;][vc_column][vc_column_text]<\/p>\n<h1 class=\"h2-xs darkblue-color\" style=\"text-align: center;\"><strong><span style=\"color: #1d437b;\">Ciekawe <\/span><\/strong><\/h1>\n<h1 class=\"h2-xs darkblue-color\" style=\"text-align: center;\"><strong><span style=\"color: #1d437b;\">o Czechach<\/span><\/strong><\/h1>\n<p>[\/vc_column_text][\/vc_column][\/vc_row][vc_row parallax_image_attachment=&#8221;inherit&#8221;][vc_column][vc_basic_grid post_type=&#8221;post&#8221; max_items=&#8221;3&#8243; initial_loading_animation=&#8221;none&#8221; grid_id=&#8221;vc_gid:1663061239312-657de362-7b32-10&#8243; taxonomies=&#8221;36&#8243;][\/vc_column][\/vc_row][\/vc_section][vc_section parallax_image_attachment=&#8221;inherit&#8221; padding_class=&#8221;wide-10&#8243;][\/vc_section]<\/p>\n","protected":false},"excerpt":{"rendered":"<p>[vc_section enable_inner=&#8221;yes&#8221; parallax_image=&#8221;&#8221; section_type=&#8221;hero&#8221; parallax=&#8221;content-moving-fade&#8221; content_placement=&#8221;top&#8221; bg_class=&#8221;bg-tra&#8221; parallax_image_attachment=&#8221;inherit&#8221; padding_class=&#8221;wide-0&#8243; parallax_image_repeat=&#8221;&#8221; parallax_image_position=&#8221;50% 0&#8243; css=&#8221;.vc_custom_1627645050594{background-image: url(http:\/\/visapro.com.pl\/wp-content\/uploads\/2021\/07\/upload-AP_20333594434837-pic4_zoom-1500&#215;1500-81574.jpg?id=2970) !important;}&#8221;][vc_row parallax_image_attachment=&#8221;inherit&#8221;][vc_column width=&#8221;7\/12&#8243;][\/vc_column][vc_column width=&#8221;5\/12&#8243;][\/vc_column][\/vc_row][\/vc_section][vc_section parallax_image_attachment=&#8221;inherit&#8221; padding_class=&#8221;&#8221;][vc_row parallax_image_attachment=&#8221;inherit&#8221;][vc_column][vc_column_text] Koszt uzyskania wizy pracowniczej do Czech [\/vc_column_text][\/vc_column][\/vc_row][\/vc_section][vc_section parallax_image_attachment=&#8221;inherit&#8221; padding_class=&#8221;&#8221;][vc_row parallax_image_attachment=&#8221;inherit&#8221;][vc_column width=&#8221;7\/12&#8243;][vc_column_text] D\u0142ugo\u015b\u0107 pobytu Cena Czas produkcji 90\/90 od 170&#8230;<\/p>\n","protected":false},"author":1,"featured_media":0,"parent":0,"menu_order":0,"comment_status":"closed","ping_status":"closed","template":"","meta":{"footnotes":""},"class_list":["post-2507","page","type-page","status-publish","hentry","no-post-thumbnail"],"post_mailing_queue_ids":[],"_links":{"self":[{"href":"https:\/\/visapro.com.pl\/pl\/wp-json\/wp\/v2\/pages\/2507","targetHints":{"allow":["GET"]}}],"collection":[{"href":"https:\/\/visapro.com.pl\/pl\/wp-json\/wp\/v2\/pages"}],"about":[{"href":"https:\/\/visapro.com.pl\/pl\/wp-json\/wp\/v2\/types\/page"}],"author":[{"embeddable":true,"href":"https:\/\/visapro.com.pl\/pl\/wp-json\/wp\/v2\/users\/1"}],"replies":[{"embeddable":true,"href":"https:\/\/visapro.com.pl\/pl\/wp-json\/wp\/v2\/comments?post=2507"}],"version-history":[{"count":65,"href":"https:\/\/visapro.com.pl\/pl\/wp-json\/wp\/v2\/pages\/2507\/revisions"}],"predecessor-version":[{"id":6200,"href":"https:\/\/visapro.com.pl\/pl\/wp-json\/wp\/v2\/pages\/2507\/revisions\/6200"}],"wp:attachment":[{"href":"https:\/\/visapro.com.pl\/pl\/wp-json\/wp\/v2\/media?parent=2507"}],"curies":[{"name":"wp","href":"https:\/\/api.w.org\/{rel}","templated":true}]}}