{"id":2806,"date":"2021-07-27T14:29:05","date_gmt":"2021-07-27T11:29:05","guid":{"rendered":"http:\/\/visa.hqd-cuive.ru\/?page_id=2806"},"modified":"2022-11-04T11:03:33","modified_gmt":"2022-11-04T09:03:33","slug":"yaponiya","status":"publish","type":"page","link":"https:\/\/visapro.com.pl\/pl\/yaponiya\/","title":{"rendered":"Japonia"},"content":{"rendered":"<p>[vc_section enable_inner=&#8221;yes&#8221; parallax_image=&#8221;&#8221; section_type=&#8221;hero&#8221; parallax=&#8221;content-moving-fade&#8221; content_placement=&#8221;top&#8221; bg_class=&#8221;bg-tra&#8221; parallax_image_attachment=&#8221;inherit&#8221; padding_class=&#8221;&#8221; parallax_image_repeat=&#8221;&#8221; parallax_image_position=&#8221;50% 0&#8243; css=&#8221;.vc_custom_1628327866061{background-image: url(http:\/\/visapro.com.pl\/wp-content\/uploads\/2021\/08\/9jl13ae1th4wcwo48kwc0wwk4.jpg?id=3383) !important;}&#8221;][vc_row parallax_image_attachment=&#8221;inherit&#8221;][vc_column width=&#8221;7\/12&#8243;]\n        <div > \n        \t\n                     \n            <h3 class=\"white-color h3-xl none\">Wiza do Japonii od 200 $<\/h3>\n            <p class=\"white-color p-lg none\">Otwieramy wiz\u0119 do Japonii z gwarancj\u0105 do 1 roku<\/p> \n             \n            \n                        \n                        \n            \n             \n                       \n                        \n                  \n        <\/div>[\/vc_column][vc_column width=&#8221;5\/12&#8243;]\n<div class=\"wpcf7 no-js\" id=\"wpcf7-f3679-o1\" lang=\"en-US\" dir=\"ltr\" data-wpcf7-id=\"3679\">\n<div class=\"screen-reader-response\"><p role=\"status\" aria-live=\"polite\" aria-atomic=\"true\"><\/p> <ul><\/ul><\/div>\n<form action=\"\/pl\/wp-json\/wp\/v2\/pages\/2806#wpcf7-f3679-o1\" method=\"post\" class=\"wpcf7-form init\" aria-label=\"Contact form\" novalidate=\"novalidate\" data-status=\"init\">\n<fieldset class=\"hidden-fields-container\"><input type=\"hidden\" name=\"_wpcf7\" value=\"3679\" \/><input type=\"hidden\" name=\"_wpcf7_version\" value=\"6.1.4\" \/><input type=\"hidden\" name=\"_wpcf7_locale\" value=\"en_US\" \/><input type=\"hidden\" name=\"_wpcf7_unit_tag\" value=\"wpcf7-f3679-o1\" \/><input type=\"hidden\" name=\"_wpcf7_container_post\" value=\"0\" \/><input type=\"hidden\" name=\"_wpcf7_posted_data_hash\" value=\"\" \/><input type=\"hidden\" name=\"lang\" value=\"pl\" \/>\n<\/fieldset>\n<div id=\"hero-form\" class=\"text-center mb-40\">\n\t<div class=\"row hero-request-form bg-darkblue\">\n\t\t<div class=\"col-md-12 white-color\">\n\t\t\t<h5 class=\"h5-lg\">Popro\u015b o telefon\n\t\t\t<\/h5>\n\t\t<\/div>\n\t\t<div id=\"input-name\" class=\"col-md-12\">\n\t\t\t<p><span class=\"wpcf7-form-control-wrap\" data-name=\"your-name\"><input size=\"40\" maxlength=\"400\" class=\"wpcf7-form-control wpcf7-text wpcf7-validates-as-required form-control name\" aria-required=\"true\" aria-invalid=\"false\" placeholder=\"Twoje imi\u0119\" value=\"\" type=\"text\" name=\"your-name\" \/><\/span>\n\t\t\t<\/p>\n\t\t<\/div>\n\t\t<div id=\"input-email\" class=\"col-md-12\">\n\t\t\t<p><span class=\"wpcf7-form-control-wrap\" data-name=\"your-email\"><input size=\"40\" maxlength=\"400\" class=\"wpcf7-form-control wpcf7-email wpcf7-validates-as-required wpcf7-text wpcf7-validates-as-email form-control email\" aria-required=\"true\" aria-invalid=\"false\" placeholder=\"Tw\u00f3j email\" value=\"\" type=\"email\" name=\"your-email\" \/><\/span>\n\t\t\t<\/p>\n\t\t<\/div>\n\t\t<div id=\"input-email\" class=\"col-md-12\">\n\t\t\t<p><span class=\"wpcf7-form-control-wrap\" data-name=\"tel-449\"><input size=\"40\" maxlength=\"400\" class=\"wpcf7-form-control wpcf7-tel wpcf7-validates-as-required wpcf7-text wpcf7-validates-as-tel form-control email\" aria-required=\"true\" aria-invalid=\"false\" placeholder=\"Tw\u00f3j numer telefonu\" value=\"\" type=\"tel\" name=\"tel-449\" \/><\/span>\n\t\t\t<\/p>\n\t\t<\/div>\n\t\t<div id=\"input-visa\" class=\"col-md-12 input-visa\">\n\t\t\t<p><span class=\"wpcf7-form-control-wrap visa\"><select class=\"wpcf7-form-control wpcf7-select wpcf7-validates-as-required custom-select visa\" name=\"visa\"><option value=\"W\u0119gry\">W\u0119gry<\/option><option value=\"Australia\">Australia<\/option><option value=\"Kanada\">Kanada<\/option><option value=\"Wielka Brytania\">Wielka Brytania<\/option><option value=\"USA\">USA<\/option><option value=\"Niemcy\">Niemcy<\/option><option value=\"Grecja\">Grecja<\/option><option value=\"Litwa\">Litwa<\/option><option value=\"S\u0142owacja\">S\u0142owacja<\/option><option value=\"W\u0142ochy\">W\u0142ochy<\/option><option value=\"Polska\">Polska<\/option><option value=\"Estonia\">Estonia<\/option><option value=\"Czechy\">Czechy<\/option><option value=\"Hiszpania\">Hiszpania<\/option><option value=\"Francja\">Francja<\/option><option value=\"Meksyk\">Meksyk<\/option><option value=\"Japonia\">Japonia<\/option><option value=\"Chiny\">Chiny<\/option><option value=\"RPA\">RPA<\/option><option value=\"Nowa Zelandia\">Nowa Zelandia<\/option><option value=\"Indonezja\">Indonezja<\/option><option value=\"Rumunia\">Rumunia<\/option><option value=\"Bu\u0142garia\">Bu\u0142garia<\/option><option value=\"Holandia\">Holandia<\/option><\/select><\/span>\n\t\t\t<\/p>\n\t\t<\/div>\n\t\t<div class=\"col-md-12 form-btn\">\n\t\t\t<p><input class=\"wpcf7-form-control wpcf7-submit has-spinner btn btn-primary tra-white-hover submit\" type=\"submit\" value=\"Wy\u015blij zapytanie\" \/>\n\t\t\t<\/p>\n\t\t\t<div class=\"white-color\">\n\t\t\t<div class=\"wpcf7-response-output\" aria-hidden=\"true\"><\/div>\n\t\t\t<\/div>\n\t\t<\/div>\n\t<\/div>\n<\/div>\n<\/form>\n<\/div>\n[\/vc_column][\/vc_row][\/vc_section][vc_section parallax_image_attachment=&#8221;inherit&#8221; padding_class=&#8221;wide-10&#8243;][vc_row parallax_image_attachment=&#8221;inherit&#8221;][vc_column][vc_column_text]<\/p>\n<h1 class=\"h2-xs darkblue-color\" style=\"text-align: center;\"><strong><span style=\"color: #1d437b;\"><b>Koszt rejestracji wizy<\/b><\/span><\/strong><\/h1>\n<div>\n<p>&nbsp;<\/p>\n<\/div>\n<p>[\/vc_column_text][\/vc_column][\/vc_row][vc_row][vc_column width=&#8221;1\/2&#8243;][vc_column_text]<\/p>\n<table>\n<tbody>\n<tr>\n<td width=\"219\"><strong>D\u0142ugo\u015b\u0107 pobytu<\/strong><\/td>\n<td width=\"219\"><strong>Cena<\/strong><\/td>\n<td width=\"219\"><strong>Czas produkcji<\/strong><\/td>\n<\/tr>\n<tr>\n<td width=\"219\">30\/30<\/td>\n<td width=\"219\">od 200 $<\/td>\n<td width=\"219\">14-21 dni<\/td>\n<\/tr>\n<tr>\n<td width=\"219\">180\/90<\/td>\n<td width=\"219\">od 300 $<\/td>\n<td width=\"219\">14-21 dni<\/td>\n<\/tr>\n<tr>\n<td width=\"219\">365\/90\/90<\/td>\n<td width=\"219\">od 400 $<\/td>\n<td width=\"219\">21-30 dni<\/td>\n<\/tr>\n<\/tbody>\n<\/table>\n<p>[\/vc_column_text][\/vc_column][vc_column width=&#8221;1\/2&#8243;][\/vc_column][\/vc_row][\/vc_section][vc_section parallax_image_attachment=&#8221;inherit&#8221; padding_class=&#8221;wide-10&#8243;][vc_row parallax_image_attachment=&#8221;inherit&#8221;][vc_column][vc_column_text]<\/p>\n<h1 class=\"h2-xs darkblue-color\" style=\"text-align: center;\"><strong><span style=\"color: #1d437b;\">Wiza <\/span><\/strong><\/h1>\n<h1 class=\"h2-xs darkblue-color\" style=\"text-align: center;\"><strong><span style=\"color: #1d437b;\">do Japonii<\/span><\/strong><\/h1>\n<div>\n<p>Centrum Wniosk\u00f3w Wizowych VisaPro \u015bwiadczy us\u0142ug\u0119 przygotowania dokument\u00f3w do wizy do Japonii oraz sk\u0142adania wniosk\u00f3w do wydzia\u0142u konsularnego Ambasady Japonii w Kijowie.<\/p>\n<p>G\u0142\u00f3wn\u0105 cech\u0105 uzyskania zezwolenia na podr\u00f3\u017c do Japonii jest to, \u017ce starania o jego uzyskanie musz\u0105 by\u0107 podejmowane zar\u00f3wno przez wnioskodawc\u0119, jak i gospodarza.<\/p>\n<p>Aby pom\u00f3c wnioskodawcy w uzyskaniu wizy do Japonii, kraj przyjmuj\u0105cy musi dostarczy\u0107:<\/p>\n<p>&#8211; pismo wskazuj\u0105ce powody zaproszenia,<\/p>\n<p>&#8211; plan pobytu do dnia,<\/p>\n<p>&#8211; por\u0119czenie,<\/p>\n<p>&#8211; za\u015bwiadczenie organizacji gwarantuj\u0105cej pobyt wnioskodawcy,<\/p>\n<p>&#8211; bilety lotnicze i rezerwacje hoteli.<\/p>\n<p>Dopiero po dostarczeniu tej paczki dokument\u00f3w do konsulatu rozpocznie si\u0119 przetwarzanie wizy.<\/p>\n<p>VisaPro Visa Center pozwoli ka\u017cdemu klientowi zaoszcz\u0119dzi\u0107 czas osobisty i pieni\u0105dze, poniewa\u017c cena wizy do Japonii jest w naszym kraju demokratyczna. Nie musisz zajmowa\u0107 si\u0119 wszystkimi sprawami osobi\u015bcie &#8211; nasi pracownicy zrobi\u0105 wszystko.<\/p>\n<\/div>\n<p>[\/vc_column_text][vc_column_text]<\/p>\n<h1 class=\"h2-xs darkblue-color\" style=\"text-align: center;\"><span style=\"color: #1d437b;\"><strong>Wymagane dokumenty dla<\/strong><\/span><span style=\"color: #1d437b;\"><strong>\u00a0wiz\u0119 <\/strong><\/span><\/h1>\n<h1 class=\"h2-xs darkblue-color\" style=\"text-align: center;\"><span style=\"color: #1d437b;\"><strong>do Japonii<\/strong><\/span><\/h1>\n<div>\n<p>&#8211; orygina\u0142y wa\u017cnych paszport\u00f3w,<br \/>\n&#8211; orygina\u0142 + kopie wszystkich stron paszportu cywilnego,<br \/>\n&#8211; kopia kodu identyfikacyjnego,<br \/>\n&#8211; swie\u017ce 2 fotografie 3,5 x 4,5 \/ 5,0 x 5,0,<br \/>\n&#8211; kupony podr\u00f3\u017cne i bilety lotnicze,<br \/>\n&#8211; za\u015bwiadczenie z miejsca pracy\/instytucji edukacyjnej,<br \/>\n&#8211; sprawozdanie finansowe z banku,<br \/>\n&#8211; dokumenty dotycz\u0105ce obecno\u015bci ruchomo\u015bci \/ nieruchomo\u015bci.<\/p>\n<p>Specjali\u015bci naszego centrum wizowego s\u0105 gotowi zaoferowa\u0107 profesjonaln\u0105 us\u0142ug\u0119 uzyskania wizy do Japonii w kr\u00f3tkim czasie. Odpowiemy na wszystkie Twoje pytania dotycz\u0105ce uzyskania wizy do Japonii oraz zapewnimy profesjonalne wsparcie wizowe, aby proces uzyskania wizy japo\u0144skiej przebieg\u0142 za Ciebie szybko i \u0142atwo.<\/p>\n<\/div>\n<p>[\/vc_column_text][vc_column_text]<\/p>\n<h1 class=\"h2-xs darkblue-color\" style=\"text-align: center;\"><span style=\"color: #1d437b;\"><strong>Ciekawe <\/strong><\/span><\/h1>\n<h1 class=\"h2-xs darkblue-color\" style=\"text-align: center;\"><span style=\"color: #1d437b;\"><strong>o Japonii<\/strong><\/span><\/h1>\n<p>[\/vc_column_text][\/vc_column][\/vc_row][vc_row parallax_image_attachment=&#8221;inherit&#8221;][vc_column][vc_basic_grid post_type=&#8221;post&#8221; max_items=&#8221;3&#8243; initial_loading_animation=&#8221;none&#8221; grid_id=&#8221;vc_gid:1663590706709-82d22707-43ba-8&#8243; taxonomies=&#8221;39&#8243;][\/vc_column][\/vc_row][\/vc_section][vc_section parallax_image_attachment=&#8221;inherit&#8221; padding_class=&#8221;wide-10&#8243;][\/vc_section]<\/p>\n","protected":false},"excerpt":{"rendered":"<p>[vc_section enable_inner=&#8221;yes&#8221; parallax_image=&#8221;&#8221; section_type=&#8221;hero&#8221; parallax=&#8221;content-moving-fade&#8221; content_placement=&#8221;top&#8221; bg_class=&#8221;bg-tra&#8221; parallax_image_attachment=&#8221;inherit&#8221; padding_class=&#8221;&#8221; parallax_image_repeat=&#8221;&#8221; parallax_image_position=&#8221;50% 0&#8243; css=&#8221;.vc_custom_1628327866061{background-image: url(http:\/\/visapro.com.pl\/wp-content\/uploads\/2021\/08\/9jl13ae1th4wcwo48kwc0wwk4.jpg?id=3383) !important;}&#8221;][vc_row parallax_image_attachment=&#8221;inherit&#8221;][vc_column width=&#8221;7\/12&#8243;][\/vc_column][vc_column width=&#8221;5\/12&#8243;][\/vc_column][\/vc_row][\/vc_section][vc_section parallax_image_attachment=&#8221;inherit&#8221; padding_class=&#8221;wide-10&#8243;][vc_row parallax_image_attachment=&#8221;inherit&#8221;][vc_column][vc_column_text] Koszt rejestracji wizy &nbsp; [\/vc_column_text][\/vc_column][\/vc_row][vc_row][vc_column width=&#8221;1\/2&#8243;][vc_column_text] D\u0142ugo\u015b\u0107 pobytu Cena Czas produkcji 30\/30 od 200 $ 14-21 dni 180\/90 od&#8230;<\/p>\n","protected":false},"author":1,"featured_media":0,"parent":0,"menu_order":0,"comment_status":"closed","ping_status":"closed","template":"","meta":{"footnotes":""},"class_list":["post-2806","page","type-page","status-publish","hentry","no-post-thumbnail"],"post_mailing_queue_ids":[],"_links":{"self":[{"href":"https:\/\/visapro.com.pl\/pl\/wp-json\/wp\/v2\/pages\/2806","targetHints":{"allow":["GET"]}}],"collection":[{"href":"https:\/\/visapro.com.pl\/pl\/wp-json\/wp\/v2\/pages"}],"about":[{"href":"https:\/\/visapro.com.pl\/pl\/wp-json\/wp\/v2\/types\/page"}],"author":[{"embeddable":true,"href":"https:\/\/visapro.com.pl\/pl\/wp-json\/wp\/v2\/users\/1"}],"replies":[{"embeddable":true,"href":"https:\/\/visapro.com.pl\/pl\/wp-json\/wp\/v2\/comments?post=2806"}],"version-history":[{"count":63,"href":"https:\/\/visapro.com.pl\/pl\/wp-json\/wp\/v2\/pages\/2806\/revisions"}],"predecessor-version":[{"id":6242,"href":"https:\/\/visapro.com.pl\/pl\/wp-json\/wp\/v2\/pages\/2806\/revisions\/6242"}],"wp:attachment":[{"href":"https:\/\/visapro.com.pl\/pl\/wp-json\/wp\/v2\/media?parent=2806"}],"curies":[{"name":"wp","href":"https:\/\/api.w.org\/{rel}","templated":true}]}}