{"id":2814,"date":"2021-07-27T14:39:02","date_gmt":"2021-07-27T11:39:02","guid":{"rendered":"http:\/\/visa.hqd-cuive.ru\/?page_id=2814"},"modified":"2022-11-21T13:41:03","modified_gmt":"2022-11-21T11:41:03","slug":"ssha","status":"publish","type":"page","link":"https:\/\/visapro.com.pl\/pl\/ssha\/","title":{"rendered":"USA"},"content":{"rendered":"<p>[vc_section enable_inner=&#8221;yes&#8221; section_type=&#8221;hero&#8221; parallax=&#8221;content-moving-fade&#8221; content_placement=&#8221;top&#8221; bg_class=&#8221;bg-tra-dark&#8221; parallax_image_attachment=&#8221;inherit&#8221; padding_class=&#8221;&#8221; parallax_image_repeat=&#8221;&#8221; parallax_image_position=&#8221;50% 0&#8243; css=&#8221;.vc_custom_1634207373711{background-image: url(http:\/\/visapro.com.pl\/wp-content\/uploads\/2021\/10\/night_new_york3.jpg?id=5071) !important;}&#8221;][vc_row parallax_image_attachment=&#8221;inherit&#8221;][vc_column width=&#8221;7\/12&#8243;]\n        <div > \n        \t\n                     \n            <h3 class=\"white-color h3-xl none\">Wiza do USA od 300 $<\/h3>\n            <p class=\"white-color p-lg none\">Otwieramy wiz\u0119 do USA<\/p> \n             \n            \n                        \n                        \n            \n             \n                       \n                        \n                  \n        <\/div>[\/vc_column][vc_column width=&#8221;5\/12&#8243;]\n<div class=\"wpcf7 no-js\" id=\"wpcf7-f3679-o1\" lang=\"en-US\" dir=\"ltr\" data-wpcf7-id=\"3679\">\n<div class=\"screen-reader-response\"><p role=\"status\" aria-live=\"polite\" aria-atomic=\"true\"><\/p> <ul><\/ul><\/div>\n<form action=\"\/pl\/wp-json\/wp\/v2\/pages\/2814#wpcf7-f3679-o1\" method=\"post\" class=\"wpcf7-form init\" aria-label=\"Contact form\" novalidate=\"novalidate\" data-status=\"init\">\n<fieldset class=\"hidden-fields-container\"><input type=\"hidden\" name=\"_wpcf7\" value=\"3679\" \/><input type=\"hidden\" name=\"_wpcf7_version\" value=\"6.1.4\" \/><input type=\"hidden\" name=\"_wpcf7_locale\" value=\"en_US\" \/><input type=\"hidden\" name=\"_wpcf7_unit_tag\" value=\"wpcf7-f3679-o1\" \/><input type=\"hidden\" name=\"_wpcf7_container_post\" value=\"0\" \/><input type=\"hidden\" name=\"_wpcf7_posted_data_hash\" value=\"\" \/><input type=\"hidden\" name=\"lang\" value=\"pl\" \/>\n<\/fieldset>\n<div id=\"hero-form\" class=\"text-center mb-40\">\n\t<div class=\"row hero-request-form bg-darkblue\">\n\t\t<div class=\"col-md-12 white-color\">\n\t\t\t<h5 class=\"h5-lg\">Popro\u015b o telefon\n\t\t\t<\/h5>\n\t\t<\/div>\n\t\t<div id=\"input-name\" class=\"col-md-12\">\n\t\t\t<p><span class=\"wpcf7-form-control-wrap\" data-name=\"your-name\"><input size=\"40\" maxlength=\"400\" class=\"wpcf7-form-control wpcf7-text wpcf7-validates-as-required form-control name\" aria-required=\"true\" aria-invalid=\"false\" placeholder=\"Twoje imi\u0119\" value=\"\" type=\"text\" name=\"your-name\" \/><\/span>\n\t\t\t<\/p>\n\t\t<\/div>\n\t\t<div id=\"input-email\" class=\"col-md-12\">\n\t\t\t<p><span class=\"wpcf7-form-control-wrap\" data-name=\"your-email\"><input size=\"40\" maxlength=\"400\" class=\"wpcf7-form-control wpcf7-email wpcf7-validates-as-required wpcf7-text wpcf7-validates-as-email form-control email\" aria-required=\"true\" aria-invalid=\"false\" placeholder=\"Tw\u00f3j email\" value=\"\" type=\"email\" name=\"your-email\" \/><\/span>\n\t\t\t<\/p>\n\t\t<\/div>\n\t\t<div id=\"input-email\" class=\"col-md-12\">\n\t\t\t<p><span class=\"wpcf7-form-control-wrap\" data-name=\"tel-449\"><input size=\"40\" maxlength=\"400\" class=\"wpcf7-form-control wpcf7-tel wpcf7-validates-as-required wpcf7-text wpcf7-validates-as-tel form-control email\" aria-required=\"true\" aria-invalid=\"false\" placeholder=\"Tw\u00f3j numer telefonu\" value=\"\" type=\"tel\" name=\"tel-449\" \/><\/span>\n\t\t\t<\/p>\n\t\t<\/div>\n\t\t<div id=\"input-visa\" class=\"col-md-12 input-visa\">\n\t\t\t<p><span class=\"wpcf7-form-control-wrap visa\"><select class=\"wpcf7-form-control wpcf7-select wpcf7-validates-as-required custom-select visa\" name=\"visa\"><option value=\"W\u0119gry\">W\u0119gry<\/option><option value=\"Australia\">Australia<\/option><option value=\"Kanada\">Kanada<\/option><option value=\"Wielka Brytania\">Wielka Brytania<\/option><option value=\"USA\">USA<\/option><option value=\"Niemcy\">Niemcy<\/option><option value=\"Grecja\">Grecja<\/option><option value=\"Litwa\">Litwa<\/option><option value=\"S\u0142owacja\">S\u0142owacja<\/option><option value=\"W\u0142ochy\">W\u0142ochy<\/option><option value=\"Polska\">Polska<\/option><option value=\"Estonia\">Estonia<\/option><option value=\"Czechy\">Czechy<\/option><option value=\"Hiszpania\">Hiszpania<\/option><option value=\"Francja\">Francja<\/option><option value=\"Meksyk\">Meksyk<\/option><option value=\"Japonia\">Japonia<\/option><option value=\"Chiny\">Chiny<\/option><option value=\"RPA\">RPA<\/option><option value=\"Nowa Zelandia\">Nowa Zelandia<\/option><option value=\"Indonezja\">Indonezja<\/option><option value=\"Rumunia\">Rumunia<\/option><option value=\"Bu\u0142garia\">Bu\u0142garia<\/option><option value=\"Holandia\">Holandia<\/option><\/select><\/span>\n\t\t\t<\/p>\n\t\t<\/div>\n\t\t<div class=\"col-md-12 form-btn\">\n\t\t\t<p><input class=\"wpcf7-form-control wpcf7-submit has-spinner btn btn-primary tra-white-hover submit\" type=\"submit\" value=\"Wy\u015blij zapytanie\" \/>\n\t\t\t<\/p>\n\t\t\t<div class=\"white-color\">\n\t\t\t<div class=\"wpcf7-response-output\" aria-hidden=\"true\"><\/div>\n\t\t\t<\/div>\n\t\t<\/div>\n\t<\/div>\n<\/div>\n<\/form>\n<\/div>\n[\/vc_column][\/vc_row][\/vc_section][vc_section parallax_image_attachment=&#8221;inherit&#8221; padding_class=&#8221;wide-10&#8243;][vc_row][vc_column][vc_column_text]<\/p>\n<h1 class=\"h2-xs darkblue-color\" style=\"text-align: center;\"><strong><span style=\"color: #1d437b;\"><b>Koszt rejestracji wizy<\/b><\/span><\/strong><\/h1>\n<p>[\/vc_column_text][\/vc_column][\/vc_row][vc_row][vc_column width=&#8221;1\/2&#8243;][vc_column_text]<\/p>\n<table>\n<tbody>\n<tr>\n<td width=\"219\"><strong>D\u0142ugo\u015b\u0107 pobytu<\/strong><\/td>\n<td width=\"219\"><strong>Cena<\/strong><\/td>\n<td width=\"219\"><strong>Czas produkcji<\/strong><\/td>\n<\/tr>\n<tr>\n<td width=\"219\">1<\/td>\n<td width=\"219\">od 300 $<\/td>\n<td width=\"219\">14-21 dni<\/td>\n<\/tr>\n<tr>\n<td width=\"219\">2-10<\/td>\n<td width=\"219\">od 500 $<\/td>\n<td width=\"219\">14-21 dni<\/td>\n<\/tr>\n<tr>\n<td width=\"219\"><\/td>\n<td width=\"219\"><\/td>\n<td width=\"219\"><\/td>\n<\/tr>\n<\/tbody>\n<\/table>\n<p>[\/vc_column_text][\/vc_column][vc_column width=&#8221;1\/2&#8243;][\/vc_column][\/vc_row][\/vc_section][vc_section parallax_image_attachment=&#8221;inherit&#8221; padding_class=&#8221;wide-10&#8243;][vc_row][vc_column][vc_column_text]<\/p>\n<h1 class=\"h2-xs darkblue-color\" style=\"text-align: center;\"><strong><span style=\"color: #1d437b;\">Rejestracja wizy turystycznej <\/span><\/strong><\/h1>\n<h1 class=\"h2-xs darkblue-color\" style=\"text-align: center;\"><strong><span style=\"color: #1d437b;\">w USA<\/span><\/strong><\/h1>\n<div>\n<p>Centrum Wniosk\u00f3w Wizowych VisaPro \u015bwiadczy us\u0142ugi wsparcia wizowego w Stanach Zjednoczonych. Nasi specjali\u015bci mog\u0105 pom\u00f3c w uzyskaniu wizy turystycznej i biznesowej do Stan\u00f3w Zjednoczonych (B1\/B2).<\/p>\n<p>Proces uzyskania wizy turystycznej do Stan\u00f3w Zjednoczonych jest do\u015b\u0107 skomplikowany i d\u0142ugotrwa\u0142y.<\/p>\n<p>Je\u015bli zdecydujesz si\u0119 ubiega\u0107 o wiz\u0119 turystyczn\u0105 lub biznesow\u0105 do Stan\u00f3w Zjednoczonych (B1\/B2), nasi mened\u017cerowie b\u0119d\u0105 w stanie udzieli\u0107 wszystkich niezb\u0119dnych informacji w spos\u00f3b jako\u015bciowy, aby pomy\u015blnie przej\u015b\u0107 rozmow\u0119 kwalifikacyjn\u0105 z urz\u0119dnikiem wizowym w konsulacie USA i uzyska\u0107 wiz\u0119.<\/p>\n<\/div>\n<p>[\/vc_column_text][vc_column_text]<\/p>\n<h1 class=\"h2-xs darkblue-color\" style=\"text-align: center;\"><strong><span style=\"color: #1d437b;\">Jak wyda\u0107 i z\u0142o\u017cy\u0107 wniosek o wiz\u0119 <\/span><\/strong><\/h1>\n<h1 class=\"h2-xs darkblue-color\" style=\"text-align: center;\"><strong><span style=\"color: #1d437b;\">do Ameryki<\/span><\/strong><\/h1>\n<div>\n<p>Ca\u0142\u0105 procedur\u0119 uzyskania wizy ameryka\u0144skiej mo\u017cna warunkowo podzieli\u0107 na kilka g\u0142\u00f3wnych etap\u00f3w:<\/p>\n<p>&#8211; uiszczenie op\u0142aty konsularnej,<br \/>\n&#8211; rejestracja ankiety i powi\u0105zanych dokument\u00f3w,<br \/>\n&#8211; um\u00f3wienie si\u0119 na rozmow\u0119 kwalifikacyjn\u0105,<br \/>\n&#8211; wywiad.<\/p>\n<p>Aby procedura uzyskania wizy do Stan\u00f3w Zjednoczonych przebiega\u0142a zgodnie z planem, nale\u017cy zwr\u00f3ci\u0107 szczeg\u00f3ln\u0105 uwag\u0119 na prac\u0119 na etapie zbierania i przetwarzania dokument\u00f3w, kt\u00f3re nale\u017cy z\u0142o\u017cy\u0107 w zagranicznej ambasadzie. Przypomnijmy, \u017ce g\u0142\u00f3wna lista obejmuje nast\u0119puj\u0105ce papiery warto\u015bciowe:<\/p>\n<p>&#8211; wa\u017cny paszport,<br \/>\n&#8211; obecne zdj\u0119cie,<br \/>\n&#8211; za\u015bwiadczenie o zatrudnieniu (dla pe\u0142noletnich obywateli),<br \/>\n&#8211; akt urodzenia i za\u015bwiadczenie z instytucji edukacyjnej (dla dzieci),<br \/>\n&#8211; dokumenty potwierdzaj\u0105ce zdolno\u015b\u0107 finansow\u0105,<br \/>\n&#8211; dokumenty dotycz\u0105ce dost\u0119pno\u015bci maj\u0105tku ruchomego\/nieruchomego.<\/p>\n<p>Mo\u017ce by\u0107 r\u00f3wnie\u017c wymagany dow\u00f3d zainteresowania wnioskodawcy powrotem do kraju ojczystego. Nale\u017c\u0105 do nich dokumenty maj\u0105tkowe, akty ma\u0142\u017ce\u0144stwa i urodzenia dzieci itp. Wa\u017cne jest, aby wszystkie zebrane dokumenty by\u0142y aktualne i aktualne.<\/p>\n<p>Specjali\u015bci naszego centrum wizowego s\u0105 gotowi zaoferowa\u0107 profesjonaln\u0105 us\u0142ug\u0119 uzyskania wizy do Ameryki w kr\u00f3tkim czasie. Odpowiemy na wszystkie Twoje pytania dotycz\u0105ce uzyskania wizy do Stan\u00f3w Zjednoczonych oraz zapewnimy profesjonalne wsparcie wizowe, aby proces uzyskania wizy ameryka\u0144skiej przebieg\u0142 za Ciebie szybko i \u0142atwo.<\/p>\n<\/div>\n<p>[\/vc_column_text][vc_column_text]<\/p>\n<h1 class=\"h2-xs darkblue-color\" style=\"text-align: center;\"><strong><span style=\"color: #1d437b;\">Ciekawe o USA<\/span><\/strong><\/h1>\n<p>[\/vc_column_text][\/vc_column][\/vc_row][vc_row parallax_image_attachment=&#8221;inherit&#8221;][vc_column][vc_basic_grid post_type=&#8221;post&#8221; max_items=&#8221;3&#8243; initial_loading_animation=&#8221;none&#8221; grid_id=&#8221;vc_gid:1669030646626-7cfad0cf-7ea6-2&#8243; taxonomies=&#8221;47&#8243;][\/vc_column][\/vc_row][\/vc_section][vc_section parallax_image_attachment=&#8221;inherit&#8221; padding_class=&#8221;wide-10&#8243;][\/vc_section]<\/p>\n","protected":false},"excerpt":{"rendered":"<p>[vc_section enable_inner=&#8221;yes&#8221; section_type=&#8221;hero&#8221; parallax=&#8221;content-moving-fade&#8221; content_placement=&#8221;top&#8221; bg_class=&#8221;bg-tra-dark&#8221; parallax_image_attachment=&#8221;inherit&#8221; padding_class=&#8221;&#8221; parallax_image_repeat=&#8221;&#8221; parallax_image_position=&#8221;50% 0&#8243; css=&#8221;.vc_custom_1634207373711{background-image: url(http:\/\/visapro.com.pl\/wp-content\/uploads\/2021\/10\/night_new_york3.jpg?id=5071) !important;}&#8221;][vc_row parallax_image_attachment=&#8221;inherit&#8221;][vc_column width=&#8221;7\/12&#8243;][\/vc_column][vc_column width=&#8221;5\/12&#8243;][\/vc_column][\/vc_row][\/vc_section][vc_section parallax_image_attachment=&#8221;inherit&#8221; padding_class=&#8221;wide-10&#8243;][vc_row][vc_column][vc_column_text] Koszt rejestracji wizy [\/vc_column_text][\/vc_column][\/vc_row][vc_row][vc_column width=&#8221;1\/2&#8243;][vc_column_text] D\u0142ugo\u015b\u0107 pobytu Cena Czas produkcji 1 od 300 $ 14-21 dni 2-10 od 500 $ 14-21&#8230;<\/p>\n","protected":false},"author":1,"featured_media":0,"parent":0,"menu_order":0,"comment_status":"closed","ping_status":"closed","template":"","meta":{"footnotes":""},"class_list":["post-2814","page","type-page","status-publish","hentry","no-post-thumbnail"],"post_mailing_queue_ids":[],"_links":{"self":[{"href":"https:\/\/visapro.com.pl\/pl\/wp-json\/wp\/v2\/pages\/2814","targetHints":{"allow":["GET"]}}],"collection":[{"href":"https:\/\/visapro.com.pl\/pl\/wp-json\/wp\/v2\/pages"}],"about":[{"href":"https:\/\/visapro.com.pl\/pl\/wp-json\/wp\/v2\/types\/page"}],"author":[{"embeddable":true,"href":"https:\/\/visapro.com.pl\/pl\/wp-json\/wp\/v2\/users\/1"}],"replies":[{"embeddable":true,"href":"https:\/\/visapro.com.pl\/pl\/wp-json\/wp\/v2\/comments?post=2814"}],"version-history":[{"count":81,"href":"https:\/\/visapro.com.pl\/pl\/wp-json\/wp\/v2\/pages\/2814\/revisions"}],"predecessor-version":[{"id":2816,"href":"https:\/\/visapro.com.pl\/pl\/wp-json\/wp\/v2\/pages\/2814\/revisions\/2816"}],"wp:attachment":[{"href":"https:\/\/visapro.com.pl\/pl\/wp-json\/wp\/v2\/media?parent=2814"}],"curies":[{"name":"wp","href":"https:\/\/api.w.org\/{rel}","templated":true}]}}