{"id":2819,"date":"2021-07-27T14:41:35","date_gmt":"2021-07-27T11:41:35","guid":{"rendered":"http:\/\/visa.hqd-cuive.ru\/?page_id=2819"},"modified":"2022-11-04T11:36:59","modified_gmt":"2022-11-04T09:36:59","slug":"yuar","status":"publish","type":"page","link":"https:\/\/visapro.com.pl\/pl\/yuar\/","title":{"rendered":"Afryka Po\u0142udniowa"},"content":{"rendered":"<p>[vc_section enable_inner=&#8221;yes&#8221; parallax_image=&#8221;&#8221; section_type=&#8221;hero&#8221; parallax=&#8221;content-moving-fade&#8221; content_placement=&#8221;top&#8221; bg_class=&#8221;bg-tra&#8221; parallax_image_attachment=&#8221;inherit&#8221; padding_class=&#8221;&#8221; parallax_image_repeat=&#8221;&#8221; parallax_image_position=&#8221;50% 0&#8243; css=&#8221;.vc_custom_1628330054057{background-image: url(http:\/\/visapro.com.pl\/wp-content\/uploads\/2021\/08\/a6ddc0680790.jpg?id=3398) !important;background-position: center !important;background-repeat: no-repeat !important;background-size: cover !important;}&#8221;][vc_row parallax_image_attachment=&#8221;inherit&#8221;][vc_column width=&#8221;7\/12&#8243;]\n        <div > \n        \t\n                     \n            <h3 class=\"white-color h3-xl none\">Wiza dla Afryka Po\u0142udniowa od 200 $<\/h3>\n            <p class=\"white-color p-lg none\">Otwieramy wiz\u0119 do Afryka Po\u0142udniowa z gwarancj\u0105 do 1 roku<\/p> \n             \n            \n                        \n                        \n            \n             \n                       \n                        \n                  \n        <\/div>[\/vc_column][vc_column width=&#8221;5\/12&#8243;]\n<div class=\"wpcf7 no-js\" id=\"wpcf7-f3679-o1\" lang=\"en-US\" dir=\"ltr\" data-wpcf7-id=\"3679\">\n<div class=\"screen-reader-response\"><p role=\"status\" aria-live=\"polite\" aria-atomic=\"true\"><\/p> <ul><\/ul><\/div>\n<form action=\"\/pl\/wp-json\/wp\/v2\/pages\/2819#wpcf7-f3679-o1\" method=\"post\" class=\"wpcf7-form init\" aria-label=\"Contact form\" novalidate=\"novalidate\" data-status=\"init\">\n<fieldset class=\"hidden-fields-container\"><input type=\"hidden\" name=\"_wpcf7\" value=\"3679\" \/><input type=\"hidden\" name=\"_wpcf7_version\" value=\"6.1.4\" \/><input type=\"hidden\" name=\"_wpcf7_locale\" value=\"en_US\" \/><input type=\"hidden\" name=\"_wpcf7_unit_tag\" value=\"wpcf7-f3679-o1\" \/><input type=\"hidden\" name=\"_wpcf7_container_post\" value=\"0\" \/><input type=\"hidden\" name=\"_wpcf7_posted_data_hash\" value=\"\" \/><input type=\"hidden\" name=\"lang\" value=\"pl\" \/>\n<\/fieldset>\n<div id=\"hero-form\" class=\"text-center mb-40\">\n\t<div class=\"row hero-request-form bg-darkblue\">\n\t\t<div class=\"col-md-12 white-color\">\n\t\t\t<h5 class=\"h5-lg\">Popro\u015b o telefon\n\t\t\t<\/h5>\n\t\t<\/div>\n\t\t<div id=\"input-name\" class=\"col-md-12\">\n\t\t\t<p><span class=\"wpcf7-form-control-wrap\" data-name=\"your-name\"><input size=\"40\" maxlength=\"400\" class=\"wpcf7-form-control wpcf7-text wpcf7-validates-as-required form-control name\" aria-required=\"true\" aria-invalid=\"false\" placeholder=\"Twoje imi\u0119\" value=\"\" type=\"text\" name=\"your-name\" \/><\/span>\n\t\t\t<\/p>\n\t\t<\/div>\n\t\t<div id=\"input-email\" class=\"col-md-12\">\n\t\t\t<p><span class=\"wpcf7-form-control-wrap\" data-name=\"your-email\"><input size=\"40\" maxlength=\"400\" class=\"wpcf7-form-control wpcf7-email wpcf7-validates-as-required wpcf7-text wpcf7-validates-as-email form-control email\" aria-required=\"true\" aria-invalid=\"false\" placeholder=\"Tw\u00f3j email\" value=\"\" type=\"email\" name=\"your-email\" \/><\/span>\n\t\t\t<\/p>\n\t\t<\/div>\n\t\t<div id=\"input-email\" class=\"col-md-12\">\n\t\t\t<p><span class=\"wpcf7-form-control-wrap\" data-name=\"tel-449\"><input size=\"40\" maxlength=\"400\" class=\"wpcf7-form-control wpcf7-tel wpcf7-validates-as-required wpcf7-text wpcf7-validates-as-tel form-control email\" aria-required=\"true\" aria-invalid=\"false\" placeholder=\"Tw\u00f3j numer telefonu\" value=\"\" type=\"tel\" name=\"tel-449\" \/><\/span>\n\t\t\t<\/p>\n\t\t<\/div>\n\t\t<div id=\"input-visa\" class=\"col-md-12 input-visa\">\n\t\t\t<p><span class=\"wpcf7-form-control-wrap visa\"><select class=\"wpcf7-form-control wpcf7-select wpcf7-validates-as-required custom-select visa\" name=\"visa\"><option value=\"W\u0119gry\">W\u0119gry<\/option><option value=\"Australia\">Australia<\/option><option value=\"Kanada\">Kanada<\/option><option value=\"Wielka Brytania\">Wielka Brytania<\/option><option value=\"USA\">USA<\/option><option value=\"Niemcy\">Niemcy<\/option><option value=\"Grecja\">Grecja<\/option><option value=\"Litwa\">Litwa<\/option><option value=\"S\u0142owacja\">S\u0142owacja<\/option><option value=\"W\u0142ochy\">W\u0142ochy<\/option><option value=\"Polska\">Polska<\/option><option value=\"Estonia\">Estonia<\/option><option value=\"Czechy\">Czechy<\/option><option value=\"Hiszpania\">Hiszpania<\/option><option value=\"Francja\">Francja<\/option><option value=\"Meksyk\">Meksyk<\/option><option value=\"Japonia\">Japonia<\/option><option value=\"Chiny\">Chiny<\/option><option value=\"RPA\">RPA<\/option><option value=\"Nowa Zelandia\">Nowa Zelandia<\/option><option value=\"Indonezja\">Indonezja<\/option><option value=\"Rumunia\">Rumunia<\/option><option value=\"Bu\u0142garia\">Bu\u0142garia<\/option><option value=\"Holandia\">Holandia<\/option><\/select><\/span>\n\t\t\t<\/p>\n\t\t<\/div>\n\t\t<div class=\"col-md-12 form-btn\">\n\t\t\t<p><input class=\"wpcf7-form-control wpcf7-submit has-spinner btn btn-primary tra-white-hover submit\" type=\"submit\" value=\"Wy\u015blij zapytanie\" \/>\n\t\t\t<\/p>\n\t\t\t<div class=\"white-color\">\n\t\t\t<div class=\"wpcf7-response-output\" aria-hidden=\"true\"><\/div>\n\t\t\t<\/div>\n\t\t<\/div>\n\t<\/div>\n<\/div>\n<\/form>\n<\/div>\n[\/vc_column][\/vc_row][\/vc_section][vc_section parallax_image_attachment=&#8221;inherit&#8221; padding_class=&#8221;wide-10&#8243;][vc_row parallax_image_attachment=&#8221;inherit&#8221;][vc_column][vc_column_text]<\/p>\n<h1 class=\"h2-xs darkblue-color\" style=\"text-align: center;\"><strong><span style=\"color: #1d437b;\"><b>Koszt rejestracji wizy<\/b><\/span><\/strong><\/h1>\n<p>[\/vc_column_text][\/vc_column][\/vc_row][vc_row][vc_column width=&#8221;1\/2&#8243;][vc_column_text]<\/p>\n<table>\n<tbody>\n<tr>\n<td width=\"219\"><strong>D\u0142ugo\u015b\u0107 pobytu<\/strong><\/td>\n<td width=\"219\"><strong>Cena<\/strong><\/td>\n<td width=\"219\"><strong>Czas produkcji<\/strong><\/td>\n<\/tr>\n<tr>\n<td width=\"219\">90\/90<\/td>\n<td width=\"219\">od 200 $<\/td>\n<td width=\"219\">7-14 dni<\/td>\n<\/tr>\n<tr>\n<td width=\"219\">180\/90<\/td>\n<td width=\"219\">od 200 $<\/td>\n<td width=\"219\">7-14 dni<\/td>\n<\/tr>\n<tr>\n<td width=\"219\"><\/td>\n<td width=\"219\"><\/td>\n<td width=\"219\"><\/td>\n<\/tr>\n<\/tbody>\n<\/table>\n<p>[\/vc_column_text][\/vc_column][vc_column width=&#8221;1\/2&#8243;][\/vc_column][\/vc_row][\/vc_section][vc_section parallax_image_attachment=&#8221;inherit&#8221; padding_class=&#8221;wide-10&#8243;][vc_row parallax_image_attachment=&#8221;inherit&#8221;][vc_column][vc_column_text]<\/p>\n<h1 class=\"h2-xs darkblue-color\" style=\"text-align: center;\"><strong><span style=\"color: #1d437b;\">Wiza <\/span><\/strong><\/h1>\n<h1 class=\"h2-xs darkblue-color\" style=\"text-align: center;\"><strong><span style=\"color: #1d437b;\">do Afryka Po\u0142udniowa<\/span><\/strong><\/h1>\n<div>\n<p>Centrum Wizowe VisaPro \u015bwiadczy us\u0142ug\u0119 przygotowania dokument\u00f3w do rozpatrzenia wizy w Afryce Po\u0142udniowej<\/p>\n<p>Wszyscy wnioskodawcy musz\u0105 pami\u0119ta\u0107, \u017ce prawo do wydania wizy wjazdowej do Afryka Po\u0142udniowa przys\u0142uguje konsulatowi. Wydana przez nich odmowa mo\u017ce nast\u0105pi\u0107 bez wyja\u015bnienia przyczyn. Konsulat ma r\u00f3wnie\u017c prawo wezwa\u0107 wnioskodawc\u0119 na rozmow\u0119 lub skr\u00f3ci\u0107 okres wizowy, a tak\u017ce za\u017c\u0105da\u0107 dodatkowych dokument\u00f3w. Wiza wjazdowa jest po prostu warunkiem wst\u0119pu do Republiki Po\u0142udniowej Afryki. Tak\u0105 decyzj\u0119 podejmuje kraj, a raczej jego s\u0142u\u017cba imigracyjna, przez kt\u00f3r\u0105 zostanie dokonany wjazd.<\/p>\n<p>Z\u0142o\u017cenie dokument\u00f3w na wiz\u0119 do Afryka Po\u0142udniowa odbywa si\u0119 wy\u0142\u0105cznie przy osobistej obecno\u015bci wnioskodawcy.<\/p>\n<p>Warunkiem z\u0142o\u017cenia dokument\u00f3w s\u0105 wykupione bilety lotnicze w obie strony. Jednym z g\u0142\u00f3wnych dokument\u00f3w, kt\u00f3re nale\u017cy z\u0142o\u017cy\u0107 w konsulacie w celu uzyskania wizy, jest zaproszenie od gospodarza.<\/p>\n<p>Planuj\u0105c wyjazd do Afryka Po\u0142udniowa nale\u017cy przygotowa\u0107 si\u0119 na rozmow\u0119 kwalifikacyjn\u0105.<\/p>\n<p>Funkcjonariusze wizy mog\u0105 zadawa\u0107 trudne pytania i pyta\u0107 o plany podr\u00f3\u017cy. Dlatego je\u015bli masz wst\u0119pny plan podr\u00f3\u017cy, lepiej poinformowa\u0107 o tym managera wizowego. Doradzi, jak najlepiej odpowiedzie\u0107 na pytania urz\u0119dnika wizowego. Pewne odpowiedzi na pytania mened\u017cera wizowego zawsze b\u0119d\u0105 mia\u0142y wi\u0119ksz\u0105 wag\u0119 ni\u017c w\u0105tpliwo\u015bci.<\/p>\n<p>Zwracamy uwag\u0119, \u017ce wszystkie dokumenty nale\u017cy sk\u0142ada\u0107 wraz z t\u0142umaczeniem na j\u0119zyk angielski. Nie musisz po\u015bwiadcza\u0107 t\u0142umaczenia notarialnie. Wystarczy, \u017ce b\u0119dzie pi\u015bmienny.<\/p>\n<p>VisaPro Visa Center pozwoli ka\u017cdemu klientowi zaoszcz\u0119dzi\u0107 czas osobisty i pieni\u0105dze, poniewa\u017c cena wizy do Afryka Po\u0142udniowa jest w naszym kraju demokratyczna. Nie musisz zajmowa\u0107 si\u0119 wszystkimi sprawami osobi\u015bcie &#8211; nasi pracownicy zrobi\u0105 wszystko.<\/p>\n<\/div>\n<p>[\/vc_column_text][vc_column_text]<\/p>\n<h1 class=\"h2-xs darkblue-color\" style=\"text-align: center;\"><span style=\"color: #1d437b;\"><strong>Wymagane dokumenty <\/strong><\/span><span style=\"color: #1d437b;\"><strong>o wiz\u0119 <\/strong><\/span><\/h1>\n<h1 class=\"h2-xs darkblue-color\" style=\"text-align: center;\"><span style=\"color: #1d437b;\"><strong>do RPA<\/strong><\/span><\/h1>\n<div>\n<p>&#8211; orygina\u0142y wa\u017cnych paszport\u00f3w,<br \/>\n&#8211; orygina\u0142 + kopie wszystkich stron paszportu cywilnego,<br \/>\n&#8211; kopia kodu identyfikacyjnego,<br \/>\n&#8211; swie\u017ce 2 zdj\u0119cia, rozmiar 3,5 x 4,5 \/ 5,0 x 5,0,<br \/>\n&#8211; kupony podr\u00f3\u017cne i bilety lotnicze,<br \/>\n&#8211; za\u015bwiadczenie z miejsca pracy\/instytucji edukacyjnej,<br \/>\n&#8211; sprawozdanie finansowe z banku,<br \/>\n&#8211; dokumenty dotycz\u0105ce obecno\u015bci maj\u0105tku ruchomego\/nieruchomego.<\/p>\n<p>Specjali\u015bci naszego centrum wizowego s\u0105 gotowi zaoferowa\u0107 profesjonaln\u0105 us\u0142ug\u0119 uzyskania wizy do RPA w kr\u00f3tkim czasie. Odpowiemy na wszystkie Twoje pytania dotycz\u0105ce uzyskania wizy do RPA oraz zapewnimy profesjonalne wsparcie wizowe, aby proces uzyskania wizy chi\u0144skiej przebieg\u0142 dla Ciebie szybko i \u0142atwo.<\/p>\n<\/div>\n<p>[\/vc_column_text][\/vc_column][\/vc_row][\/vc_section][vc_section parallax_image_attachment=&#8221;inherit&#8221; padding_class=&#8221;wide-10&#8243;][\/vc_section]<\/p>\n","protected":false},"excerpt":{"rendered":"<p>[vc_section enable_inner=&#8221;yes&#8221; parallax_image=&#8221;&#8221; section_type=&#8221;hero&#8221; parallax=&#8221;content-moving-fade&#8221; content_placement=&#8221;top&#8221; bg_class=&#8221;bg-tra&#8221; parallax_image_attachment=&#8221;inherit&#8221; padding_class=&#8221;&#8221; parallax_image_repeat=&#8221;&#8221; parallax_image_position=&#8221;50% 0&#8243; css=&#8221;.vc_custom_1628330054057{background-image: url(http:\/\/visapro.com.pl\/wp-content\/uploads\/2021\/08\/a6ddc0680790.jpg?id=3398) !important;background-position: center !important;background-repeat: no-repeat !important;background-size: cover !important;}&#8221;][vc_row parallax_image_attachment=&#8221;inherit&#8221;][vc_column width=&#8221;7\/12&#8243;][\/vc_column][vc_column width=&#8221;5\/12&#8243;][\/vc_column][\/vc_row][\/vc_section][vc_section parallax_image_attachment=&#8221;inherit&#8221; padding_class=&#8221;wide-10&#8243;][vc_row parallax_image_attachment=&#8221;inherit&#8221;][vc_column][vc_column_text] Koszt rejestracji wizy [\/vc_column_text][\/vc_column][\/vc_row][vc_row][vc_column width=&#8221;1\/2&#8243;][vc_column_text] D\u0142ugo\u015b\u0107 pobytu Cena Czas produkcji 90\/90 od 200&#8230;<\/p>\n","protected":false},"author":1,"featured_media":0,"parent":0,"menu_order":0,"comment_status":"closed","ping_status":"closed","template":"","meta":{"footnotes":""},"class_list":["post-2819","page","type-page","status-publish","hentry","no-post-thumbnail"],"post_mailing_queue_ids":[],"_links":{"self":[{"href":"https:\/\/visapro.com.pl\/pl\/wp-json\/wp\/v2\/pages\/2819","targetHints":{"allow":["GET"]}}],"collection":[{"href":"https:\/\/visapro.com.pl\/pl\/wp-json\/wp\/v2\/pages"}],"about":[{"href":"https:\/\/visapro.com.pl\/pl\/wp-json\/wp\/v2\/types\/page"}],"author":[{"embeddable":true,"href":"https:\/\/visapro.com.pl\/pl\/wp-json\/wp\/v2\/users\/1"}],"replies":[{"embeddable":true,"href":"https:\/\/visapro.com.pl\/pl\/wp-json\/wp\/v2\/comments?post=2819"}],"version-history":[{"count":60,"href":"https:\/\/visapro.com.pl\/pl\/wp-json\/wp\/v2\/pages\/2819\/revisions"}],"predecessor-version":[{"id":5978,"href":"https:\/\/visapro.com.pl\/pl\/wp-json\/wp\/v2\/pages\/2819\/revisions\/5978"}],"wp:attachment":[{"href":"https:\/\/visapro.com.pl\/pl\/wp-json\/wp\/v2\/media?parent=2819"}],"curies":[{"name":"wp","href":"https:\/\/api.w.org\/{rel}","templated":true}]}}