{"id":3053,"date":"2021-08-02T14:18:45","date_gmt":"2021-08-02T11:18:45","guid":{"rendered":"http:\/\/visa.hqd-cuive.ru\/?page_id=3053"},"modified":"2022-11-04T10:31:01","modified_gmt":"2022-11-04T08:31:01","slug":"biznes","status":"publish","type":"page","link":"https:\/\/visapro.com.pl\/pl\/biznes\/","title":{"rendered":"Biznes"},"content":{"rendered":"<p>[vc_section enable_inner=&#8221;yes&#8221; parallax_image=&#8221;&#8221; section_type=&#8221;hero&#8221; parallax=&#8221;content-moving-fade&#8221; content_placement=&#8221;top&#8221; bg_class=&#8221;bg-tra&#8221; parallax_image_attachment=&#8221;inherit&#8221; padding_class=&#8221;&#8221; parallax_image_repeat=&#8221;&#8221; parallax_image_position=&#8221;50% 0&#8243; css=&#8221;.vc_custom_1628677724298{background-image: url(http:\/\/visapro.com.pl\/wp-content\/uploads\/2021\/08\/izobrazhenie_viber_2021-08-11_13-28-05-918.jpg?id=3443) !important;}&#8221;][vc_row parallax_image_attachment=&#8221;inherit&#8221;][vc_column width=&#8221;7\/12&#8243;]\n        <div > \n        \t\n                     \n            <h3 class=\"white-color h3-xl none\">Zaproszenia biznesowe<\/h3>\n            <p class=\"white-color p-lg none\">Zaproszenie biznesowe jako jedna z opcji uzyskania wizy<\/p> \n             \n            \n                        \n                        \n            \n             \n                       \n                        \n                  \n        <\/div>[\/vc_column][vc_column width=&#8221;5\/12&#8243;]\n<div class=\"wpcf7 no-js\" id=\"wpcf7-f3679-o1\" lang=\"en-US\" dir=\"ltr\" data-wpcf7-id=\"3679\">\n<div class=\"screen-reader-response\"><p role=\"status\" aria-live=\"polite\" aria-atomic=\"true\"><\/p> <ul><\/ul><\/div>\n<form action=\"\/pl\/wp-json\/wp\/v2\/pages\/3053#wpcf7-f3679-o1\" method=\"post\" class=\"wpcf7-form init\" aria-label=\"Contact form\" novalidate=\"novalidate\" data-status=\"init\">\n<fieldset class=\"hidden-fields-container\"><input type=\"hidden\" name=\"_wpcf7\" value=\"3679\" \/><input type=\"hidden\" name=\"_wpcf7_version\" value=\"6.1.4\" \/><input type=\"hidden\" name=\"_wpcf7_locale\" value=\"en_US\" \/><input type=\"hidden\" name=\"_wpcf7_unit_tag\" value=\"wpcf7-f3679-o1\" \/><input type=\"hidden\" name=\"_wpcf7_container_post\" value=\"0\" \/><input type=\"hidden\" name=\"_wpcf7_posted_data_hash\" value=\"\" \/><input type=\"hidden\" name=\"lang\" value=\"pl\" \/>\n<\/fieldset>\n<div id=\"hero-form\" class=\"text-center mb-40\">\n\t<div class=\"row hero-request-form bg-darkblue\">\n\t\t<div class=\"col-md-12 white-color\">\n\t\t\t<h5 class=\"h5-lg\">Popro\u015b o telefon\n\t\t\t<\/h5>\n\t\t<\/div>\n\t\t<div id=\"input-name\" class=\"col-md-12\">\n\t\t\t<p><span class=\"wpcf7-form-control-wrap\" data-name=\"your-name\"><input size=\"40\" maxlength=\"400\" class=\"wpcf7-form-control wpcf7-text wpcf7-validates-as-required form-control name\" aria-required=\"true\" aria-invalid=\"false\" placeholder=\"Twoje imi\u0119\" value=\"\" type=\"text\" name=\"your-name\" \/><\/span>\n\t\t\t<\/p>\n\t\t<\/div>\n\t\t<div id=\"input-email\" class=\"col-md-12\">\n\t\t\t<p><span class=\"wpcf7-form-control-wrap\" data-name=\"your-email\"><input size=\"40\" maxlength=\"400\" class=\"wpcf7-form-control wpcf7-email wpcf7-validates-as-required wpcf7-text wpcf7-validates-as-email form-control email\" aria-required=\"true\" aria-invalid=\"false\" placeholder=\"Tw\u00f3j email\" value=\"\" type=\"email\" name=\"your-email\" \/><\/span>\n\t\t\t<\/p>\n\t\t<\/div>\n\t\t<div id=\"input-email\" class=\"col-md-12\">\n\t\t\t<p><span class=\"wpcf7-form-control-wrap\" data-name=\"tel-449\"><input size=\"40\" maxlength=\"400\" class=\"wpcf7-form-control wpcf7-tel wpcf7-validates-as-required wpcf7-text wpcf7-validates-as-tel form-control email\" aria-required=\"true\" aria-invalid=\"false\" placeholder=\"Tw\u00f3j numer telefonu\" value=\"\" type=\"tel\" name=\"tel-449\" \/><\/span>\n\t\t\t<\/p>\n\t\t<\/div>\n\t\t<div id=\"input-visa\" class=\"col-md-12 input-visa\">\n\t\t\t<p><span class=\"wpcf7-form-control-wrap visa\"><select class=\"wpcf7-form-control wpcf7-select wpcf7-validates-as-required custom-select visa\" name=\"visa\"><option value=\"W\u0119gry\">W\u0119gry<\/option><option value=\"Australia\">Australia<\/option><option value=\"Kanada\">Kanada<\/option><option value=\"Wielka Brytania\">Wielka Brytania<\/option><option value=\"USA\">USA<\/option><option value=\"Niemcy\">Niemcy<\/option><option value=\"Grecja\">Grecja<\/option><option value=\"Litwa\">Litwa<\/option><option value=\"S\u0142owacja\">S\u0142owacja<\/option><option value=\"W\u0142ochy\">W\u0142ochy<\/option><option value=\"Polska\">Polska<\/option><option value=\"Estonia\">Estonia<\/option><option value=\"Czechy\">Czechy<\/option><option value=\"Hiszpania\">Hiszpania<\/option><option value=\"Francja\">Francja<\/option><option value=\"Meksyk\">Meksyk<\/option><option value=\"Japonia\">Japonia<\/option><option value=\"Chiny\">Chiny<\/option><option value=\"RPA\">RPA<\/option><option value=\"Nowa Zelandia\">Nowa Zelandia<\/option><option value=\"Indonezja\">Indonezja<\/option><option value=\"Rumunia\">Rumunia<\/option><option value=\"Bu\u0142garia\">Bu\u0142garia<\/option><option value=\"Holandia\">Holandia<\/option><\/select><\/span>\n\t\t\t<\/p>\n\t\t<\/div>\n\t\t<div class=\"col-md-12 form-btn\">\n\t\t\t<p><input class=\"wpcf7-form-control wpcf7-submit has-spinner btn btn-primary tra-white-hover submit\" type=\"submit\" value=\"Wy\u015blij zapytanie\" \/>\n\t\t\t<\/p>\n\t\t\t<div class=\"white-color\">\n\t\t\t<div class=\"wpcf7-response-output\" aria-hidden=\"true\"><\/div>\n\t\t\t<\/div>\n\t\t<\/div>\n\t<\/div>\n<\/div>\n<\/form>\n<\/div>\n[\/vc_column][\/vc_row][\/vc_section][vc_section parallax_image_attachment=&#8221;inherit&#8221; padding_class=&#8221;wide-10&#8243;][vc_row parallax_image_attachment=&#8221;inherit&#8221;][vc_column][vc_column_text]<\/p>\n<h1 style=\"text-align: center;\"><strong><span style=\"color: #1d437b;\">Zaproszenie biznesowe dla otrzymania wizy<\/span><\/strong><\/h1>\n<p>Najpopularniejsz\u0105 us\u0142ug\u0105 \u015bwiadczon\u0105 przez nasze Centrum Wniosk\u00f3w Wizowych jest wydawanie wizy na podstawie zaproszenie. Po wydaniu wizy w naszym centrum wizowym, mo\u017cesz r\u00f3wnie\u017c zam\u00f3wi\u0107 dla siebie zaproszenie, kt\u00f3re na \u017cyczenie mo\u017cesz zapewni\u0107 odprawie celnej przy przekraczaniu granicy. Nie trzeba mie\u0107 przy sobie zaproszenia na granicy, ale jest to zalecane.<\/p>\n<p>Aby samodzielnie ubiega\u0107 si\u0119 o wiz\u0119 kat. C, do konsulatu wraz z podstawowymi dokumentami, aby potwierdzi\u0107 cel wizyty, potrzebne b\u0119dzie zaproszenie na wiz\u0119 biznesow\u0105 lub, jak m\u00f3wi\u0105 ludzie, zaproszenie biznesowe. W kt\u00f3rym zostanie wskazane, \u017ce jako osoba prywatna lub prawna prowadzisz dzia\u0142alno\u015b\u0107 gospodarcz\u0105 ze stron\u0105 polsk\u0105. Rodzaje dzia\u0142alno\u015bci mog\u0105 by\u0107 r\u00f3\u017cne (kupowanie samochod\u00f3w lub opon, \u017cywno\u015b\u0107, materia\u0142y budowlane), mo\u017cesz sprawdzi\u0107 to pytanie u kierownika firmy. Takie zaproszenie na wiz\u0119 b\u0119dzie wa\u017cne przez rok.<\/p>\n<p>Na podstawie tego zaproszenia biznesowego dostaniesz wiz\u0119 kat. C na okres do roku (zale\u017cy to od konsula i ile polskich wiz mia\u0142e\u015b wcze\u015bniej w paszporcie).[\/vc_column_text][\/vc_column][\/vc_row][\/vc_section]<\/p>\n","protected":false},"excerpt":{"rendered":"<p>[vc_section enable_inner=&#8221;yes&#8221; parallax_image=&#8221;&#8221; section_type=&#8221;hero&#8221; parallax=&#8221;content-moving-fade&#8221; content_placement=&#8221;top&#8221; bg_class=&#8221;bg-tra&#8221; parallax_image_attachment=&#8221;inherit&#8221; padding_class=&#8221;&#8221; parallax_image_repeat=&#8221;&#8221; parallax_image_position=&#8221;50% 0&#8243; css=&#8221;.vc_custom_1628677724298{background-image: url(http:\/\/visapro.com.pl\/wp-content\/uploads\/2021\/08\/izobrazhenie_viber_2021-08-11_13-28-05-918.jpg?id=3443) !important;}&#8221;][vc_row parallax_image_attachment=&#8221;inherit&#8221;][vc_column width=&#8221;7\/12&#8243;][\/vc_column][vc_column width=&#8221;5\/12&#8243;][\/vc_column][\/vc_row][\/vc_section][vc_section parallax_image_attachment=&#8221;inherit&#8221; padding_class=&#8221;wide-10&#8243;][vc_row parallax_image_attachment=&#8221;inherit&#8221;][vc_column][vc_column_text] Zaproszenie biznesowe dla otrzymania wizy Najpopularniejsz\u0105 us\u0142ug\u0105 \u015bwiadczon\u0105 przez nasze Centrum Wniosk\u00f3w Wizowych jest wydawanie wizy na podstawie zaproszenie&#8230;.<\/p>\n","protected":false},"author":1,"featured_media":0,"parent":0,"menu_order":0,"comment_status":"closed","ping_status":"closed","template":"","meta":{"footnotes":""},"class_list":["post-3053","page","type-page","status-publish","hentry","no-post-thumbnail"],"post_mailing_queue_ids":[],"_links":{"self":[{"href":"https:\/\/visapro.com.pl\/pl\/wp-json\/wp\/v2\/pages\/3053","targetHints":{"allow":["GET"]}}],"collection":[{"href":"https:\/\/visapro.com.pl\/pl\/wp-json\/wp\/v2\/pages"}],"about":[{"href":"https:\/\/visapro.com.pl\/pl\/wp-json\/wp\/v2\/types\/page"}],"author":[{"embeddable":true,"href":"https:\/\/visapro.com.pl\/pl\/wp-json\/wp\/v2\/users\/1"}],"replies":[{"embeddable":true,"href":"https:\/\/visapro.com.pl\/pl\/wp-json\/wp\/v2\/comments?post=3053"}],"version-history":[{"count":32,"href":"https:\/\/visapro.com.pl\/pl\/wp-json\/wp\/v2\/pages\/3053\/revisions"}],"predecessor-version":[{"id":3056,"href":"https:\/\/visapro.com.pl\/pl\/wp-json\/wp\/v2\/pages\/3053\/revisions\/3056"}],"wp:attachment":[{"href":"https:\/\/visapro.com.pl\/pl\/wp-json\/wp\/v2\/media?parent=3053"}],"curies":[{"name":"wp","href":"https:\/\/api.w.org\/{rel}","templated":true}]}}