{"id":3075,"date":"2021-08-02T14:35:02","date_gmt":"2021-08-02T11:35:02","guid":{"rendered":"http:\/\/visa.hqd-cuive.ru\/?page_id=3075"},"modified":"2022-11-04T11:26:12","modified_gmt":"2022-11-04T09:26:12","slug":"rumyniya","status":"publish","type":"page","link":"https:\/\/visapro.com.pl\/pl\/rumyniya\/","title":{"rendered":"Rumunia"},"content":{"rendered":"<p>[vc_section enable_inner=&#8221;yes&#8221; parallax_image=&#8221;&#8221; section_type=&#8221;hero&#8221; parallax=&#8221;content-moving-fade&#8221; content_placement=&#8221;top&#8221; bg_class=&#8221;bg-tra&#8221; parallax_image_attachment=&#8221;inherit&#8221; padding_class=&#8221;&#8221; parallax_image_repeat=&#8221;&#8221; parallax_image_position=&#8221;50% 0&#8243; css=&#8221;.vc_custom_1627904264228{background-image: url(http:\/\/visapro.com.pl\/wp-content\/uploads\/2021\/08\/\u0421\u0435\u0440\u043f\u0430\u043d\u0442\u0438\u043d\u0438-2.jpg?id=3079) !important;}&#8221;][vc_row parallax_image_attachment=&#8221;inherit&#8221;][vc_column width=&#8221;7\/12&#8243;]\n        <div > \n        \t\n                     \n            <h3 class=\"white-color h3-xl none\">Sta\u0142y Czasowy pobyt Obywatelstwo Rumunia<\/h3>\n            <p class=\"white-color p-lg none\">Wszystkie opcje prawne Sta\u0142y Czasowy pobyt Obywatelstwo Rumunia<\/p> \n             \n            \n                        \n                        \n            \n             \n                       \n                        \n                  \n        <\/div>[\/vc_column][vc_column width=&#8221;5\/12&#8243;]\n<div class=\"wpcf7 no-js\" id=\"wpcf7-f3679-o1\" lang=\"en-US\" dir=\"ltr\" data-wpcf7-id=\"3679\">\n<div class=\"screen-reader-response\"><p role=\"status\" aria-live=\"polite\" aria-atomic=\"true\"><\/p> <ul><\/ul><\/div>\n<form action=\"\/pl\/wp-json\/wp\/v2\/pages\/3075#wpcf7-f3679-o1\" method=\"post\" class=\"wpcf7-form init\" aria-label=\"Contact form\" novalidate=\"novalidate\" data-status=\"init\">\n<fieldset class=\"hidden-fields-container\"><input type=\"hidden\" name=\"_wpcf7\" value=\"3679\" \/><input type=\"hidden\" name=\"_wpcf7_version\" value=\"6.1.4\" \/><input type=\"hidden\" name=\"_wpcf7_locale\" value=\"en_US\" \/><input type=\"hidden\" name=\"_wpcf7_unit_tag\" value=\"wpcf7-f3679-o1\" \/><input type=\"hidden\" name=\"_wpcf7_container_post\" value=\"0\" \/><input type=\"hidden\" name=\"_wpcf7_posted_data_hash\" value=\"\" \/><input type=\"hidden\" name=\"lang\" value=\"pl\" \/>\n<\/fieldset>\n<div id=\"hero-form\" class=\"text-center mb-40\">\n\t<div class=\"row hero-request-form bg-darkblue\">\n\t\t<div class=\"col-md-12 white-color\">\n\t\t\t<h5 class=\"h5-lg\">Popro\u015b o telefon\n\t\t\t<\/h5>\n\t\t<\/div>\n\t\t<div id=\"input-name\" class=\"col-md-12\">\n\t\t\t<p><span class=\"wpcf7-form-control-wrap\" data-name=\"your-name\"><input size=\"40\" maxlength=\"400\" class=\"wpcf7-form-control wpcf7-text wpcf7-validates-as-required form-control name\" aria-required=\"true\" aria-invalid=\"false\" placeholder=\"Twoje imi\u0119\" value=\"\" type=\"text\" name=\"your-name\" \/><\/span>\n\t\t\t<\/p>\n\t\t<\/div>\n\t\t<div id=\"input-email\" class=\"col-md-12\">\n\t\t\t<p><span class=\"wpcf7-form-control-wrap\" data-name=\"your-email\"><input size=\"40\" maxlength=\"400\" class=\"wpcf7-form-control wpcf7-email wpcf7-validates-as-required wpcf7-text wpcf7-validates-as-email form-control email\" aria-required=\"true\" aria-invalid=\"false\" placeholder=\"Tw\u00f3j email\" value=\"\" type=\"email\" name=\"your-email\" \/><\/span>\n\t\t\t<\/p>\n\t\t<\/div>\n\t\t<div id=\"input-email\" class=\"col-md-12\">\n\t\t\t<p><span class=\"wpcf7-form-control-wrap\" data-name=\"tel-449\"><input size=\"40\" maxlength=\"400\" class=\"wpcf7-form-control wpcf7-tel wpcf7-validates-as-required wpcf7-text wpcf7-validates-as-tel form-control email\" aria-required=\"true\" aria-invalid=\"false\" placeholder=\"Tw\u00f3j numer telefonu\" value=\"\" type=\"tel\" name=\"tel-449\" \/><\/span>\n\t\t\t<\/p>\n\t\t<\/div>\n\t\t<div id=\"input-visa\" class=\"col-md-12 input-visa\">\n\t\t\t<p><span class=\"wpcf7-form-control-wrap visa\"><select class=\"wpcf7-form-control wpcf7-select wpcf7-validates-as-required custom-select visa\" name=\"visa\"><option value=\"W\u0119gry\">W\u0119gry<\/option><option value=\"Australia\">Australia<\/option><option value=\"Kanada\">Kanada<\/option><option value=\"Wielka Brytania\">Wielka Brytania<\/option><option value=\"USA\">USA<\/option><option value=\"Niemcy\">Niemcy<\/option><option value=\"Grecja\">Grecja<\/option><option value=\"Litwa\">Litwa<\/option><option value=\"S\u0142owacja\">S\u0142owacja<\/option><option value=\"W\u0142ochy\">W\u0142ochy<\/option><option value=\"Polska\">Polska<\/option><option value=\"Estonia\">Estonia<\/option><option value=\"Czechy\">Czechy<\/option><option value=\"Hiszpania\">Hiszpania<\/option><option value=\"Francja\">Francja<\/option><option value=\"Meksyk\">Meksyk<\/option><option value=\"Japonia\">Japonia<\/option><option value=\"Chiny\">Chiny<\/option><option value=\"RPA\">RPA<\/option><option value=\"Nowa Zelandia\">Nowa Zelandia<\/option><option value=\"Indonezja\">Indonezja<\/option><option value=\"Rumunia\">Rumunia<\/option><option value=\"Bu\u0142garia\">Bu\u0142garia<\/option><option value=\"Holandia\">Holandia<\/option><\/select><\/span>\n\t\t\t<\/p>\n\t\t<\/div>\n\t\t<div class=\"col-md-12 form-btn\">\n\t\t\t<p><input class=\"wpcf7-form-control wpcf7-submit has-spinner btn btn-primary tra-white-hover submit\" type=\"submit\" value=\"Wy\u015blij zapytanie\" \/>\n\t\t\t<\/p>\n\t\t\t<div class=\"white-color\">\n\t\t\t<div class=\"wpcf7-response-output\" aria-hidden=\"true\"><\/div>\n\t\t\t<\/div>\n\t\t<\/div>\n\t<\/div>\n<\/div>\n<\/form>\n<\/div>\n[\/vc_column][\/vc_row][\/vc_section][vc_section parallax_image_attachment=&#8221;inherit&#8221; padding_class=&#8221;wide-10&#8243;][vc_row parallax_image_attachment=&#8221;inherit&#8221;][vc_column][vc_column_text]<\/p>\n<h1 style=\"text-align: center;\"><span style=\"color: #1d437b;\"><strong>Obywatelstwo w UE, Rumunia<\/strong><\/span><\/h1>\n<p>Ze wzgl\u0119du na niestabiln\u0105 sytuacj\u0119 polityczn\u0105 i gospodarcz\u0105 wielu obywateli Ukrainy i kraj\u00f3w WNP chce przenie\u015b\u0107 si\u0119 do Europy na pobyt sta\u0142y, w tym do Rumunii.<\/p>\n<p>Rumunia to wyj\u0105tkowy kraj po\u0142o\u017cony w po\u0142udniowo-wschodniej Europie i znajduje si\u0119 na li\u015bcie kraj\u00f3w Unii Europejskiej. Dlatego status obywatela Rumunii ma nast\u0119puj\u0105ce zalety:<\/p>\n<p>&#8211; mo\u017cliwo\u015b\u0107 swobodnego przemieszczania si\u0119 w Europie i na \u015bwiecie. Aby podr\u00f3\u017cowa\u0107 po Unii Europejskiej wystarczy mie\u0107 paszport obywatela Rumunii. Ponadto bez wizy b\u0119dzie mo\u017cna odwiedzi\u0107 ponad 170 kraj\u00f3w.<\/p>\n<p>&#8211; otrzyma\u0107 opiek\u0119 medyczn\u0105 i wysokiej jako\u015bci edukacj\u0119. Jako obywatel rumu\u0144ski b\u0119dziesz mie\u0107 prawo do preferencyjnej lub bezp\u0142atnej edukacji w ca\u0142ej UE.<\/p>\n<p>&#8211; robi\u0107 interesy w kraju z \u201erozs\u0105dnymi\u201d podatkami i po\u017cycza\u0107 pieni\u0105dze najlepszym bankom na \u015bwiecie. Masz mo\u017cliwo\u015b\u0107 prowadzenia dzia\u0142alno\u015bci bez dodatkowych podatk\u00f3w.<\/p>\n<p>&#8211; mie\u0107 gwarancje socjalne. Wsparcie ze strony pa\u0144stwa w postaci regularnych wyp\u0142at dla bezrobotnych, student\u00f3w, wyp\u0142at dla dzieci, emeryt\u00f3w i rencist\u00f3w oraz opieki medycznej.<\/p>\n<p>&#8211; a tak\u017ce wiele innych funkcji.<\/p>\n<p>Podstawy uzyskania obywatelstwa rumu\u0144skiego:<\/p>\n<p>&#8211; obecno\u015b\u0107 cz\u0142onk\u00f3w rodziny mieszkaj\u0105cych\/ mieszka\u0142y w kraju;<\/p>\n<p>&#8211; tworzenie rodziny;<\/p>\n<p>&#8211; zakup nieruchomo\u015bci;<\/p>\n<p>&#8211; utworzenie biznesu lub lokaty bankowej;<\/p>\n<p>&#8211; zdobycie wy\u017cszego wykszta\u0142cenia;<\/p>\n<p>&#8211; inwestycje w gospodark\u0119 kraju.<\/p>\n<p>Aby odnie\u015b\u0107 sukces w uzyskaniu obywatelstwa rumu\u0144skiego, konieczne jest staranne dobranie i sporz\u0105dzenie dokument\u00f3w, aby osi\u0105gn\u0105\u0107 ten cel w jak najkr\u00f3tszym czasie. Dlatego sugerujemy kontakt z nasz\u0105 agencj\u0105 wizow\u0105.<\/p>\n<p>Specjali\u015bci naszej firmy pomog\u0105 rozwi\u0105za\u0107 wszelkie problemy zwi\u0105zane z uzyskaniem paszportu obywatela Rumunii. Mamy kilka ca\u0142kowicie legalnych sposob\u00f3w na uzyskanie sta\u0142ego pobytu i pozwolenia na pobyt w Europie.[\/vc_column_text][\/vc_column][\/vc_row][\/vc_section]<\/p>\n","protected":false},"excerpt":{"rendered":"<p>[vc_section enable_inner=&#8221;yes&#8221; parallax_image=&#8221;&#8221; section_type=&#8221;hero&#8221; parallax=&#8221;content-moving-fade&#8221; content_placement=&#8221;top&#8221; bg_class=&#8221;bg-tra&#8221; parallax_image_attachment=&#8221;inherit&#8221; padding_class=&#8221;&#8221; parallax_image_repeat=&#8221;&#8221; parallax_image_position=&#8221;50% 0&#8243; css=&#8221;.vc_custom_1627904264228{background-image: url(http:\/\/visapro.com.pl\/wp-content\/uploads\/2021\/08\/\u0421\u0435\u0440\u043f\u0430\u043d\u0442\u0438\u043d\u0438-2.jpg?id=3079) !important;}&#8221;][vc_row parallax_image_attachment=&#8221;inherit&#8221;][vc_column width=&#8221;7\/12&#8243;][\/vc_column][vc_column width=&#8221;5\/12&#8243;][\/vc_column][\/vc_row][\/vc_section][vc_section parallax_image_attachment=&#8221;inherit&#8221; padding_class=&#8221;wide-10&#8243;][vc_row parallax_image_attachment=&#8221;inherit&#8221;][vc_column][vc_column_text] Obywatelstwo w UE, Rumunia Ze wzgl\u0119du na niestabiln\u0105 sytuacj\u0119 polityczn\u0105 i gospodarcz\u0105 wielu obywateli Ukrainy i kraj\u00f3w WNP chce&#8230;<\/p>\n","protected":false},"author":1,"featured_media":0,"parent":0,"menu_order":0,"comment_status":"closed","ping_status":"closed","template":"","meta":{"footnotes":""},"class_list":["post-3075","page","type-page","status-publish","hentry","no-post-thumbnail"],"post_mailing_queue_ids":[],"_links":{"self":[{"href":"https:\/\/visapro.com.pl\/pl\/wp-json\/wp\/v2\/pages\/3075","targetHints":{"allow":["GET"]}}],"collection":[{"href":"https:\/\/visapro.com.pl\/pl\/wp-json\/wp\/v2\/pages"}],"about":[{"href":"https:\/\/visapro.com.pl\/pl\/wp-json\/wp\/v2\/types\/page"}],"author":[{"embeddable":true,"href":"https:\/\/visapro.com.pl\/pl\/wp-json\/wp\/v2\/users\/1"}],"replies":[{"embeddable":true,"href":"https:\/\/visapro.com.pl\/pl\/wp-json\/wp\/v2\/comments?post=3075"}],"version-history":[{"count":25,"href":"https:\/\/visapro.com.pl\/pl\/wp-json\/wp\/v2\/pages\/3075\/revisions"}],"predecessor-version":[{"id":6043,"href":"https:\/\/visapro.com.pl\/pl\/wp-json\/wp\/v2\/pages\/3075\/revisions\/6043"}],"wp:attachment":[{"href":"https:\/\/visapro.com.pl\/pl\/wp-json\/wp\/v2\/media?parent=3075"}],"curies":[{"name":"wp","href":"https:\/\/api.w.org\/{rel}","templated":true}]}}