{"id":3089,"date":"2021-08-02T15:02:30","date_gmt":"2021-08-02T12:02:30","guid":{"rendered":"http:\/\/visa.hqd-cuive.ru\/?page_id=3089"},"modified":"2022-11-04T11:24:06","modified_gmt":"2022-11-04T09:24:06","slug":"polshhabiznes","status":"publish","type":"page","link":"https:\/\/visapro.com.pl\/pl\/polshhabiznes\/","title":{"rendered":"Polska"},"content":{"rendered":"<p>[vc_section enable_inner=&#8221;yes&#8221; parallax_image=&#8221;&#8221; section_type=&#8221;hero&#8221; parallax=&#8221;content-moving-fade&#8221; content_placement=&#8221;top&#8221; bg_class=&#8221;bg-tra&#8221; parallax_image_attachment=&#8221;inherit&#8221; padding_class=&#8221;&#8221; parallax_image_repeat=&#8221;&#8221; parallax_image_position=&#8221;50% 0&#8243; css=&#8221;.vc_custom_1627906179386{background-image: url(http:\/\/visapro.com.pl\/wp-content\/uploads\/2021\/08\/0-02-05-dd1ce77c5f8b2acc8744a08d813aa5ec76798509b252d3d355619a7ddbedb70b_19a0f25e95b9819d.jpg?id=3098) !important;}&#8221;][vc_row parallax_image_attachment=&#8221;inherit&#8221;][vc_column width=&#8221;7\/12&#8243;]\n        <div > \n        \t\n                     \n            <h3 class=\"white-color h3-xl none\">Wiza biznesowa do Polski od 130 \u20ac<\/h3>\n            <p class=\"white-color p-lg none\">Otwieramy wiz\u0119 biznesow\u0105 do Polski z gwarancj\u0105 do 2 lat<\/p> \n             \n            \n                        \n                        \n            \n             \n                       \n                        \n                  \n        <\/div>[\/vc_column][vc_column width=&#8221;5\/12&#8243;]\n<div class=\"wpcf7 no-js\" id=\"wpcf7-f3679-o1\" lang=\"en-US\" dir=\"ltr\" data-wpcf7-id=\"3679\">\n<div class=\"screen-reader-response\"><p role=\"status\" aria-live=\"polite\" aria-atomic=\"true\"><\/p> <ul><\/ul><\/div>\n<form action=\"\/pl\/wp-json\/wp\/v2\/pages\/3089#wpcf7-f3679-o1\" method=\"post\" class=\"wpcf7-form init\" aria-label=\"Contact form\" novalidate=\"novalidate\" data-status=\"init\">\n<fieldset class=\"hidden-fields-container\"><input type=\"hidden\" name=\"_wpcf7\" value=\"3679\" \/><input type=\"hidden\" name=\"_wpcf7_version\" value=\"6.1.4\" \/><input type=\"hidden\" name=\"_wpcf7_locale\" value=\"en_US\" \/><input type=\"hidden\" name=\"_wpcf7_unit_tag\" value=\"wpcf7-f3679-o1\" \/><input type=\"hidden\" name=\"_wpcf7_container_post\" value=\"0\" \/><input type=\"hidden\" name=\"_wpcf7_posted_data_hash\" value=\"\" \/><input type=\"hidden\" name=\"lang\" value=\"pl\" \/>\n<\/fieldset>\n<div id=\"hero-form\" class=\"text-center mb-40\">\n\t<div class=\"row hero-request-form bg-darkblue\">\n\t\t<div class=\"col-md-12 white-color\">\n\t\t\t<h5 class=\"h5-lg\">Popro\u015b o telefon\n\t\t\t<\/h5>\n\t\t<\/div>\n\t\t<div id=\"input-name\" class=\"col-md-12\">\n\t\t\t<p><span class=\"wpcf7-form-control-wrap\" data-name=\"your-name\"><input size=\"40\" maxlength=\"400\" class=\"wpcf7-form-control wpcf7-text wpcf7-validates-as-required form-control name\" aria-required=\"true\" aria-invalid=\"false\" placeholder=\"Twoje imi\u0119\" value=\"\" type=\"text\" name=\"your-name\" \/><\/span>\n\t\t\t<\/p>\n\t\t<\/div>\n\t\t<div id=\"input-email\" class=\"col-md-12\">\n\t\t\t<p><span class=\"wpcf7-form-control-wrap\" data-name=\"your-email\"><input size=\"40\" maxlength=\"400\" class=\"wpcf7-form-control wpcf7-email wpcf7-validates-as-required wpcf7-text wpcf7-validates-as-email form-control email\" aria-required=\"true\" aria-invalid=\"false\" placeholder=\"Tw\u00f3j email\" value=\"\" type=\"email\" name=\"your-email\" \/><\/span>\n\t\t\t<\/p>\n\t\t<\/div>\n\t\t<div id=\"input-email\" class=\"col-md-12\">\n\t\t\t<p><span class=\"wpcf7-form-control-wrap\" data-name=\"tel-449\"><input size=\"40\" maxlength=\"400\" class=\"wpcf7-form-control wpcf7-tel wpcf7-validates-as-required wpcf7-text wpcf7-validates-as-tel form-control email\" aria-required=\"true\" aria-invalid=\"false\" placeholder=\"Tw\u00f3j numer telefonu\" value=\"\" type=\"tel\" name=\"tel-449\" \/><\/span>\n\t\t\t<\/p>\n\t\t<\/div>\n\t\t<div id=\"input-visa\" class=\"col-md-12 input-visa\">\n\t\t\t<p><span class=\"wpcf7-form-control-wrap visa\"><select class=\"wpcf7-form-control wpcf7-select wpcf7-validates-as-required custom-select visa\" name=\"visa\"><option value=\"W\u0119gry\">W\u0119gry<\/option><option value=\"Australia\">Australia<\/option><option value=\"Kanada\">Kanada<\/option><option value=\"Wielka Brytania\">Wielka Brytania<\/option><option value=\"USA\">USA<\/option><option value=\"Niemcy\">Niemcy<\/option><option value=\"Grecja\">Grecja<\/option><option value=\"Litwa\">Litwa<\/option><option value=\"S\u0142owacja\">S\u0142owacja<\/option><option value=\"W\u0142ochy\">W\u0142ochy<\/option><option value=\"Polska\">Polska<\/option><option value=\"Estonia\">Estonia<\/option><option value=\"Czechy\">Czechy<\/option><option value=\"Hiszpania\">Hiszpania<\/option><option value=\"Francja\">Francja<\/option><option value=\"Meksyk\">Meksyk<\/option><option value=\"Japonia\">Japonia<\/option><option value=\"Chiny\">Chiny<\/option><option value=\"RPA\">RPA<\/option><option value=\"Nowa Zelandia\">Nowa Zelandia<\/option><option value=\"Indonezja\">Indonezja<\/option><option value=\"Rumunia\">Rumunia<\/option><option value=\"Bu\u0142garia\">Bu\u0142garia<\/option><option value=\"Holandia\">Holandia<\/option><\/select><\/span>\n\t\t\t<\/p>\n\t\t<\/div>\n\t\t<div class=\"col-md-12 form-btn\">\n\t\t\t<p><input class=\"wpcf7-form-control wpcf7-submit has-spinner btn btn-primary tra-white-hover submit\" type=\"submit\" value=\"Wy\u015blij zapytanie\" \/>\n\t\t\t<\/p>\n\t\t\t<div class=\"white-color\">\n\t\t\t<div class=\"wpcf7-response-output\" aria-hidden=\"true\"><\/div>\n\t\t\t<\/div>\n\t\t<\/div>\n\t<\/div>\n<\/div>\n<\/form>\n<\/div>\n[\/vc_column][\/vc_row][\/vc_section][vc_section parallax_image_attachment=&#8221;inherit&#8221; padding_class=&#8221;wide-10&#8243;][vc_row parallax_image_attachment=&#8221;inherit&#8221;][vc_column][vc_column_text]<\/p>\n<h1 class=\"h2-xs darkblue-color\" style=\"text-align: center;\"><strong><span style=\"color: #1d437b;\">Koszt rejestracji<\/span><\/strong><br \/>\n<strong><span style=\"color: #1d437b;\">wizy biznesowej do Polski<\/span><\/strong><\/h1>\n<p>[\/vc_column_text][\/vc_column][\/vc_row][\/vc_section][vc_section parallax_image_attachment=&#8221;inherit&#8221; padding_class=&#8221;&#8221;][vc_row parallax_image_attachment=&#8221;inherit&#8221;][vc_column width=&#8221;7\/12&#8243;][vc_column_text]<\/p>\n<table class=\"table-price template2\">\n<thead>\n<tr>\n<th>D\u0142ugo\u015b\u0107 pobytu<\/th>\n<th align=\"center\">Cena<\/th>\n<th>Wyczucie czasu<\/th>\n<\/tr>\n<\/thead>\n<tbody>\n<tr class=\"odd\">\n<td>30\/14<\/td>\n<td class=\"highlight\">od 130 \u20ac<\/td>\n<td>7-10 dni<\/td>\n<\/tr>\n<tr class=\"even\">\n<td>365\/90\/90<\/td>\n<td>od 200 \u20ac<\/td>\n<td>7-14 dni<\/td>\n<\/tr>\n<tr class=\"odd\">\n<td>365\/90\/90<\/td>\n<td>od 400 \u20ac<\/td>\n<td>4-21 dni<\/td>\n<\/tr>\n<tr class=\"even\">\n<td>720\/360 (2 lata)<\/td>\n<td>od 650 \u20ac<\/td>\n<td>4-21 dni<\/td>\n<\/tr>\n<\/tbody>\n<\/table>\n<p>[\/vc_column_text][\/vc_column][\/vc_row][\/vc_section][vc_section parallax_image_attachment=&#8221;inherit&#8221; padding_class=&#8221;wide-10&#8243;][vc_row parallax_image_attachment=&#8221;inherit&#8221;][vc_column][vc_column_text]<\/p>\n<h1 class=\"h2-xs darkblue-color\" style=\"text-align: center;\"><strong><span style=\"color: #1d437b;\">Rejestracja wizy biznesowej <\/span><\/strong><\/h1>\n<h1 class=\"h2-xs darkblue-color\" style=\"text-align: center;\"><strong><span style=\"color: #1d437b;\">do Polski<\/span><\/strong><\/h1>\n<div>\n<p>Wiza biznesowa do Polski, czyli biznesowa do Polski, to okazja do nawi\u0105zania kontakt\u00f3w z polskimi partnerami, zawarcia um\u00f3w, wymiany do\u015bwiadcze\u0144. Biznes w Polsce otwiera granice na kraje Schengen, a co za tym idzie na wytwarzane przez nie produkty. Szeroki asortyment, ta\u0144sze produkty, swobodny dost\u0119p do kraj\u00f3w Schengen i wiele wi\u0119cej to korzy\u015bci, kt\u00f3re otrzymujesz przebywaj\u0105c w Polsce na podstawie wizy biznesowej.<\/p>\n<p>Aby prowadzi\u0107 w\u0142asny biznes w Polsce lub prowadzi\u0107 interesy z polskimi partnerami, b\u0119dziesz potrzebowa\u0107 wizy biznesowej Schengen.<\/p>\n<\/div>\n<p>[\/vc_column_text][\/vc_column][\/vc_row][\/vc_section][vc_section parallax_image_attachment=&#8221;inherit&#8221; padding_class=&#8221;wide-10&#8243;][vc_row parallax_image_attachment=&#8221;inherit&#8221;][vc_column][vc_column_text]<\/p>\n<h1 class=\"h2-xs darkblue-color\" style=\"text-align: center;\"><strong><span style=\"color: #1d437b;\">Powody ubiegania si\u0119 <\/span><\/strong><\/h1>\n<h1 class=\"h2-xs darkblue-color\" style=\"text-align: center;\"><strong><span style=\"color: #1d437b;\">o wiz\u0119 biznesow\u0105<\/span><\/strong><\/h1>\n<div>\n<p>&#8211; w celu prowadzenia negocjacji z polskimi inwestorami lub przedstawicielami,<br \/>\n&#8211; w celu tworzenia relacji biznesowych,<br \/>\n&#8211; do rozwi\u0105zywania problem\u00f3w biznesowych,<br \/>\n&#8211; udzia\u0142 w konferencjach,<br \/>\n&#8211; do realizacji cel\u00f3w biznesowych.<\/p>\n<\/div>\n<p>[\/vc_column_text][\/vc_column][\/vc_row][\/vc_section][vc_section parallax_image_attachment=&#8221;inherit&#8221; padding_class=&#8221;wide-10&#8243;][vc_row parallax_image_attachment=&#8221;inherit&#8221;][vc_column][vc_column_text]<\/p>\n<h1 class=\"h2-xs darkblue-color\" style=\"text-align: center;\"><strong><span style=\"color: #1d437b;\">Dokumenty wymagane do Polskiej wizy biznesowej<\/span><\/strong><\/h1>\n<div>\n<p>&#8211; orygina\u0142 wa\u017cnego paszportu zagranicznego,<br \/>\n&#8211; kopie wszystkich stron paszportu,<br \/>\n&#8211; kopi\u0119 kodu identyfikacyjnego,<br \/>\n&#8211; rozmiar \u015bwie\u017cego zdj\u0119cia 3,5 x 4,5,<br \/>\n&#8211; umowa i zaproszenia realizowane s\u0105 zgodnie z wymaganiami konsulatu,<br \/>\n&#8211; za\u015bwiadczenie z miejsca pracy,<br \/>\n&#8211; za\u015bwiadczenie finansowe z banku z ruchem na konto.<\/p>\n<\/div>\n<p>[\/vc_column_text][\/vc_column][\/vc_row][vc_row parallax_image_attachment=&#8221;inherit&#8221;][vc_column][vc_column_text]<\/p>\n<h1 class=\"h2-xs darkblue-color\" style=\"text-align: center;\"><strong><span style=\"color: #1d437b;\">Ciekawe <\/span><\/strong><\/h1>\n<h1 class=\"h2-xs darkblue-color\" style=\"text-align: center;\"><strong><span style=\"color: #1d437b;\">o Polsce<\/span><\/strong><\/h1>\n<p>[\/vc_column_text][\/vc_column][\/vc_row][vc_row parallax_image_attachment=&#8221;inherit&#8221;][vc_column][vc_basic_grid post_type=&#8221;post&#8221; max_items=&#8221;3&#8243; initial_loading_animation=&#8221;none&#8221; grid_id=&#8221;vc_gid:1666342548874-76b0a9bb-5250-2&#8243; taxonomies=&#8221;46&#8243;][\/vc_column][\/vc_row][\/vc_section]<\/p>\n","protected":false},"excerpt":{"rendered":"<p>[vc_section enable_inner=&#8221;yes&#8221; parallax_image=&#8221;&#8221; section_type=&#8221;hero&#8221; parallax=&#8221;content-moving-fade&#8221; content_placement=&#8221;top&#8221; bg_class=&#8221;bg-tra&#8221; parallax_image_attachment=&#8221;inherit&#8221; padding_class=&#8221;&#8221; parallax_image_repeat=&#8221;&#8221; parallax_image_position=&#8221;50% 0&#8243; css=&#8221;.vc_custom_1627906179386{background-image: url(http:\/\/visapro.com.pl\/wp-content\/uploads\/2021\/08\/0-02-05-dd1ce77c5f8b2acc8744a08d813aa5ec76798509b252d3d355619a7ddbedb70b_19a0f25e95b9819d.jpg?id=3098) !important;}&#8221;][vc_row parallax_image_attachment=&#8221;inherit&#8221;][vc_column width=&#8221;7\/12&#8243;][\/vc_column][vc_column width=&#8221;5\/12&#8243;][\/vc_column][\/vc_row][\/vc_section][vc_section parallax_image_attachment=&#8221;inherit&#8221; padding_class=&#8221;wide-10&#8243;][vc_row parallax_image_attachment=&#8221;inherit&#8221;][vc_column][vc_column_text] Koszt rejestracji wizy biznesowej do Polski [\/vc_column_text][\/vc_column][\/vc_row][\/vc_section][vc_section parallax_image_attachment=&#8221;inherit&#8221; padding_class=&#8221;&#8221;][vc_row parallax_image_attachment=&#8221;inherit&#8221;][vc_column width=&#8221;7\/12&#8243;][vc_column_text] D\u0142ugo\u015b\u0107 pobytu Cena Wyczucie czasu 30\/14 od 130&#8230;<\/p>\n","protected":false},"author":1,"featured_media":0,"parent":0,"menu_order":0,"comment_status":"closed","ping_status":"closed","template":"","meta":{"footnotes":""},"class_list":["post-3089","page","type-page","status-publish","hentry","no-post-thumbnail"],"post_mailing_queue_ids":[],"_links":{"self":[{"href":"https:\/\/visapro.com.pl\/pl\/wp-json\/wp\/v2\/pages\/3089","targetHints":{"allow":["GET"]}}],"collection":[{"href":"https:\/\/visapro.com.pl\/pl\/wp-json\/wp\/v2\/pages"}],"about":[{"href":"https:\/\/visapro.com.pl\/pl\/wp-json\/wp\/v2\/types\/page"}],"author":[{"embeddable":true,"href":"https:\/\/visapro.com.pl\/pl\/wp-json\/wp\/v2\/users\/1"}],"replies":[{"embeddable":true,"href":"https:\/\/visapro.com.pl\/pl\/wp-json\/wp\/v2\/comments?post=3089"}],"version-history":[{"count":76,"href":"https:\/\/visapro.com.pl\/pl\/wp-json\/wp\/v2\/pages\/3089\/revisions"}],"predecessor-version":[{"id":6480,"href":"https:\/\/visapro.com.pl\/pl\/wp-json\/wp\/v2\/pages\/3089\/revisions\/6480"}],"wp:attachment":[{"href":"https:\/\/visapro.com.pl\/pl\/wp-json\/wp\/v2\/media?parent=3089"}],"curies":[{"name":"wp","href":"https:\/\/api.w.org\/{rel}","templated":true}]}}