{"id":3123,"date":"2021-08-02T18:47:54","date_gmt":"2021-08-02T15:47:54","guid":{"rendered":"http:\/\/visa.hqd-cuive.ru\/?page_id=3123"},"modified":"2022-11-04T10:29:46","modified_gmt":"2022-11-04T08:29:46","slug":"bolgariya","status":"publish","type":"page","link":"https:\/\/visapro.com.pl\/pl\/bolgariya\/","title":{"rendered":"Bu\u0142garia"},"content":{"rendered":"<p>[vc_section enable_inner=&#8221;yes&#8221; parallax_image=&#8221;&#8221; section_type=&#8221;hero&#8221; parallax=&#8221;content-moving-fade&#8221; content_placement=&#8221;top&#8221; bg_class=&#8221;bg-tra&#8221; parallax_image_attachment=&#8221;inherit&#8221; padding_class=&#8221;&#8221; parallax_image_repeat=&#8221;&#8221; parallax_image_position=&#8221;50% 0&#8243; css=&#8221;.vc_custom_1627919440463{background-image: url(http:\/\/visapro.com.pl\/wp-content\/uploads\/2021\/08\/\u0411\u043e\u043b\u0433\u0430\u0440\u0438\u044f01.jpg?id=3127) !important;}&#8221;][vc_row parallax_image_attachment=&#8221;inherit&#8221;][vc_column width=&#8221;7\/12&#8243;]\n        <div > \n        \t\n                     \n            <h3 class=\"white-color h3-xl none\">Wszystkie opcje prawne Sta\u0142y Czasowy pobyt Obywatelstwo Bu\u0142garia<\/h3>\n            <p class=\"white-color p-lg none\">Wszystkie legalne mo\u017cliwo\u015bci uzyskania wszystkie opcje prawne Sta\u0142y Czasowy pobyt Obywatelstwo Bu\u0142garia<\/p> \n             \n            \n                        \n                        \n            \n             \n                       \n                        \n                  \n        <\/div>[\/vc_column][vc_column width=&#8221;5\/12&#8243;]\n<div class=\"wpcf7 no-js\" id=\"wpcf7-f3679-o1\" lang=\"en-US\" dir=\"ltr\" data-wpcf7-id=\"3679\">\n<div class=\"screen-reader-response\"><p role=\"status\" aria-live=\"polite\" aria-atomic=\"true\"><\/p> <ul><\/ul><\/div>\n<form action=\"\/pl\/wp-json\/wp\/v2\/pages\/3123#wpcf7-f3679-o1\" method=\"post\" class=\"wpcf7-form init\" aria-label=\"Contact form\" novalidate=\"novalidate\" data-status=\"init\">\n<fieldset class=\"hidden-fields-container\"><input type=\"hidden\" name=\"_wpcf7\" value=\"3679\" \/><input type=\"hidden\" name=\"_wpcf7_version\" value=\"6.1.4\" \/><input type=\"hidden\" name=\"_wpcf7_locale\" value=\"en_US\" \/><input type=\"hidden\" name=\"_wpcf7_unit_tag\" value=\"wpcf7-f3679-o1\" \/><input type=\"hidden\" name=\"_wpcf7_container_post\" value=\"0\" \/><input type=\"hidden\" name=\"_wpcf7_posted_data_hash\" value=\"\" \/><input type=\"hidden\" name=\"lang\" value=\"pl\" \/>\n<\/fieldset>\n<div id=\"hero-form\" class=\"text-center mb-40\">\n\t<div class=\"row hero-request-form bg-darkblue\">\n\t\t<div class=\"col-md-12 white-color\">\n\t\t\t<h5 class=\"h5-lg\">Popro\u015b o telefon\n\t\t\t<\/h5>\n\t\t<\/div>\n\t\t<div id=\"input-name\" class=\"col-md-12\">\n\t\t\t<p><span class=\"wpcf7-form-control-wrap\" data-name=\"your-name\"><input size=\"40\" maxlength=\"400\" class=\"wpcf7-form-control wpcf7-text wpcf7-validates-as-required form-control name\" aria-required=\"true\" aria-invalid=\"false\" placeholder=\"Twoje imi\u0119\" value=\"\" type=\"text\" name=\"your-name\" \/><\/span>\n\t\t\t<\/p>\n\t\t<\/div>\n\t\t<div id=\"input-email\" class=\"col-md-12\">\n\t\t\t<p><span class=\"wpcf7-form-control-wrap\" data-name=\"your-email\"><input size=\"40\" maxlength=\"400\" class=\"wpcf7-form-control wpcf7-email wpcf7-validates-as-required wpcf7-text wpcf7-validates-as-email form-control email\" aria-required=\"true\" aria-invalid=\"false\" placeholder=\"Tw\u00f3j email\" value=\"\" type=\"email\" name=\"your-email\" \/><\/span>\n\t\t\t<\/p>\n\t\t<\/div>\n\t\t<div id=\"input-email\" class=\"col-md-12\">\n\t\t\t<p><span class=\"wpcf7-form-control-wrap\" data-name=\"tel-449\"><input size=\"40\" maxlength=\"400\" class=\"wpcf7-form-control wpcf7-tel wpcf7-validates-as-required wpcf7-text wpcf7-validates-as-tel form-control email\" aria-required=\"true\" aria-invalid=\"false\" placeholder=\"Tw\u00f3j numer telefonu\" value=\"\" type=\"tel\" name=\"tel-449\" \/><\/span>\n\t\t\t<\/p>\n\t\t<\/div>\n\t\t<div id=\"input-visa\" class=\"col-md-12 input-visa\">\n\t\t\t<p><span class=\"wpcf7-form-control-wrap visa\"><select class=\"wpcf7-form-control wpcf7-select wpcf7-validates-as-required custom-select visa\" name=\"visa\"><option value=\"W\u0119gry\">W\u0119gry<\/option><option value=\"Australia\">Australia<\/option><option value=\"Kanada\">Kanada<\/option><option value=\"Wielka Brytania\">Wielka Brytania<\/option><option value=\"USA\">USA<\/option><option value=\"Niemcy\">Niemcy<\/option><option value=\"Grecja\">Grecja<\/option><option value=\"Litwa\">Litwa<\/option><option value=\"S\u0142owacja\">S\u0142owacja<\/option><option value=\"W\u0142ochy\">W\u0142ochy<\/option><option value=\"Polska\">Polska<\/option><option value=\"Estonia\">Estonia<\/option><option value=\"Czechy\">Czechy<\/option><option value=\"Hiszpania\">Hiszpania<\/option><option value=\"Francja\">Francja<\/option><option value=\"Meksyk\">Meksyk<\/option><option value=\"Japonia\">Japonia<\/option><option value=\"Chiny\">Chiny<\/option><option value=\"RPA\">RPA<\/option><option value=\"Nowa Zelandia\">Nowa Zelandia<\/option><option value=\"Indonezja\">Indonezja<\/option><option value=\"Rumunia\">Rumunia<\/option><option value=\"Bu\u0142garia\">Bu\u0142garia<\/option><option value=\"Holandia\">Holandia<\/option><\/select><\/span>\n\t\t\t<\/p>\n\t\t<\/div>\n\t\t<div class=\"col-md-12 form-btn\">\n\t\t\t<p><input class=\"wpcf7-form-control wpcf7-submit has-spinner btn btn-primary tra-white-hover submit\" type=\"submit\" value=\"Wy\u015blij zapytanie\" \/>\n\t\t\t<\/p>\n\t\t\t<div class=\"white-color\">\n\t\t\t<div class=\"wpcf7-response-output\" aria-hidden=\"true\"><\/div>\n\t\t\t<\/div>\n\t\t<\/div>\n\t<\/div>\n<\/div>\n<\/form>\n<\/div>\n[\/vc_column][\/vc_row][\/vc_section][vc_section parallax_image_attachment=&#8221;inherit&#8221; padding_class=&#8221;wide-10&#8243;][vc_row parallax_image_attachment=&#8221;inherit&#8221;][vc_column][vc_column_text]<\/p>\n<h1 style=\"text-align: center;\"><span style=\"color: #1d437b;\"><strong>Obywatelstwo w UE, Bu\u0142garia<\/strong><\/span><\/h1>\n<p>Bu\u0142garia jest krajem, kt\u00f3ry cz\u0119sto wybieraj\u0105 \u00a0obywateli Ukrainy i kraj\u00f3w WNP jako jeden z ubiegaj\u0105cych si\u0119 o obywatelstwo. Mog\u0105 temu s\u0142u\u017cy\u0107 zar\u00f3wno osobiste przekonania, jak i niestabilna gospodarka kraju.<\/p>\n<p>Bu\u0142garia jest krajem o gospodarce rynkowej w po\u0142udniowo-wschodniej Europie. Niezr\u00f3wnane, niesko\u0144czone przestrzenie g\u00f3r i las\u00f3w, kt\u00f3re na wschodzie obmywa Morze Czarne. Stopa bezrobocia jest bardzo niska \u2013 4,6%. Kraj jest cz\u0142onkiem wielu organizacji i stowarzysze\u0144 mi\u0119dzynarodowych.<\/p>\n<p>Cudzoziemc\u00f3w interesuje kwestia uzyskania obywatelstwa bu\u0142garskiego.<\/p>\n<p>Jest to mo\u017cliwe pod nast\u0119puj\u0105cymi warunkami:<\/p>\n<p>&#8211; 5 lat na d\u0142ugoterminowym lub sta\u0142ym pobycie w Bu\u0142garii;<\/p>\n<p>&#8211; dost\u0119pno\u015b\u0107 dochod\u00f3w, kt\u00f3re pozwalaj\u0105 mieszka\u0107 w kraju;<\/p>\n<p>&#8211; znajomo\u015b\u0107 j\u0119zyka bu\u0142garskiego;<\/p>\n<p>&#8211; osoba nie zosta\u0142a skazana przez s\u0105d bu\u0142garski;<\/p>\n<p>&#8211; dojrzewanie;<\/p>\n<p>&#8211; zrzeczenie si\u0119 dotychczasowego obywatelstwa. W niekt\u00f3rych przypadkach nie jest to wymagane.<\/p>\n<p>Status obywatela S\u0142owacji zapewnia nast\u0119puj\u0105ce \u015bwiadczenia:<\/p>\n<p>&#8211; uczestniczy\u0107 samodzielnie lub za po\u015brednictwem przedstawicieli we wszystkich sprawach publicznych;<\/p>\n<p>&#8211; robi\u0107 interesy w kraju z \u201erozs\u0105dnymi\u201d podatkami i po\u017cycza\u0107 pieni\u0105dze najlepszym bankom na \u015bwiecie. Masz mo\u017cliwo\u015b\u0107 prowadzenia dzia\u0142alno\u015bci bez dodatkowych podatk\u00f3w;<\/p>\n<p>&#8211; mo\u017cliwo\u015b\u0107 swobodnego przemieszczania si\u0119 w krajach Unii Europejskiej;<\/p>\n<p>&#8211; mie\u0107 gwarancje socjalne;<\/p>\n<p>&#8211; wybra\u0107 miejsce zamieszkania dowolnego innego kraju w UE;<\/p>\n<p>&#8211; pe\u0142ni\u0107 nie tylko funkcje publiczne, ale tak\u017ce na warunkach przewidzianych prawem sprawowa\u0107 urz\u0105d publiczny;<\/p>\n<p>&#8211; Wiele innych mo\u017cliwo\u015bci.<\/p>\n<p>Aby odnie\u015b\u0107 sukces w uzyskaniu obywatelstwa bu\u0142garskiego, konieczne jest staranne dobranie i sporz\u0105dzenie dokument\u00f3w, aby osi\u0105gn\u0105\u0107 ten cel w jak najkr\u00f3tszym czasie. Dlatego sugerujemy kontakt z nasz\u0105 agencj\u0105 wizow\u0105.<\/p>\n<p>Specjali\u015bci naszej firmy pomog\u0105 rozwi\u0105za\u0107 wszystkie problemy zwi\u0105zane z uzyskaniem paszportu obywatela Republiki Bu\u0142garii. Mamy kilka ca\u0142kowicie legalnych sposob\u00f3w na uzyskanie sta\u0142ego pobytu i pozwolenia na pobyt w Europie.[\/vc_column_text][\/vc_column][\/vc_row][\/vc_section]<\/p>\n","protected":false},"excerpt":{"rendered":"<p>[vc_section enable_inner=&#8221;yes&#8221; parallax_image=&#8221;&#8221; section_type=&#8221;hero&#8221; parallax=&#8221;content-moving-fade&#8221; content_placement=&#8221;top&#8221; bg_class=&#8221;bg-tra&#8221; parallax_image_attachment=&#8221;inherit&#8221; padding_class=&#8221;&#8221; parallax_image_repeat=&#8221;&#8221; parallax_image_position=&#8221;50% 0&#8243; css=&#8221;.vc_custom_1627919440463{background-image: url(http:\/\/visapro.com.pl\/wp-content\/uploads\/2021\/08\/\u0411\u043e\u043b\u0433\u0430\u0440\u0438\u044f01.jpg?id=3127) !important;}&#8221;][vc_row parallax_image_attachment=&#8221;inherit&#8221;][vc_column width=&#8221;7\/12&#8243;][\/vc_column][vc_column width=&#8221;5\/12&#8243;][\/vc_column][\/vc_row][\/vc_section][vc_section parallax_image_attachment=&#8221;inherit&#8221; padding_class=&#8221;wide-10&#8243;][vc_row parallax_image_attachment=&#8221;inherit&#8221;][vc_column][vc_column_text] Obywatelstwo w UE, Bu\u0142garia Bu\u0142garia jest krajem, kt\u00f3ry cz\u0119sto wybieraj\u0105 \u00a0obywateli Ukrainy i kraj\u00f3w WNP jako jeden z ubiegaj\u0105cych&#8230;<\/p>\n","protected":false},"author":1,"featured_media":0,"parent":0,"menu_order":0,"comment_status":"closed","ping_status":"closed","template":"","meta":{"footnotes":""},"class_list":["post-3123","page","type-page","status-publish","hentry","no-post-thumbnail"],"post_mailing_queue_ids":[],"_links":{"self":[{"href":"https:\/\/visapro.com.pl\/pl\/wp-json\/wp\/v2\/pages\/3123","targetHints":{"allow":["GET"]}}],"collection":[{"href":"https:\/\/visapro.com.pl\/pl\/wp-json\/wp\/v2\/pages"}],"about":[{"href":"https:\/\/visapro.com.pl\/pl\/wp-json\/wp\/v2\/types\/page"}],"author":[{"embeddable":true,"href":"https:\/\/visapro.com.pl\/pl\/wp-json\/wp\/v2\/users\/1"}],"replies":[{"embeddable":true,"href":"https:\/\/visapro.com.pl\/pl\/wp-json\/wp\/v2\/comments?post=3123"}],"version-history":[{"count":23,"href":"https:\/\/visapro.com.pl\/pl\/wp-json\/wp\/v2\/pages\/3123\/revisions"}],"predecessor-version":[{"id":3427,"href":"https:\/\/visapro.com.pl\/pl\/wp-json\/wp\/v2\/pages\/3123\/revisions\/3427"}],"wp:attachment":[{"href":"https:\/\/visapro.com.pl\/pl\/wp-json\/wp\/v2\/media?parent=3123"}],"curies":[{"name":"wp","href":"https:\/\/api.w.org\/{rel}","templated":true}]}}