{"id":3303,"date":"2021-08-06T21:25:15","date_gmt":"2021-08-06T18:25:15","guid":{"rendered":"http:\/\/visa.hqd-cuive.ru\/?page_id=3303"},"modified":"2022-11-04T11:01:30","modified_gmt":"2022-11-04T09:01:30","slug":"italiya","status":"publish","type":"page","link":"https:\/\/visapro.com.pl\/pl\/italiya\/","title":{"rendered":"W\u0142ochy"},"content":{"rendered":"<p>[vc_section enable_inner=&#8221;yes&#8221; parallax_image=&#8221;&#8221; section_type=&#8221;hero&#8221; parallax=&#8221;content-moving-fade&#8221; content_placement=&#8221;top&#8221; bg_class=&#8221;bg-tra&#8221; parallax_image_attachment=&#8221;inherit&#8221; padding_class=&#8221;&#8221; parallax_image_repeat=&#8221;&#8221; parallax_image_position=&#8221;50% 0&#8243; css=&#8221;.vc_custom_1628275040463{background-image: url(http:\/\/visapro.com.pl\/wp-content\/uploads\/2021\/08\/image-2-1.jpg?id=3309) !important;}&#8221;][vc_row parallax_image_attachment=&#8221;inherit&#8221;][vc_column width=&#8221;7\/12&#8243;]\n        <div > \n        \t\n                     \n            <h3 class=\"white-color h3-xl none\">Wiza do W\u0142och od 150 \u20ac<\/h3>\n            <p class=\"white-color p-lg none\">Otwieramy wiz\u0119 pracownicz\u0105 do W\u0142och z gwarancj\u0105 do 1 roku<\/p> \n             \n            \n                        \n                        \n            \n             \n                       \n                        \n                  \n        <\/div>[\/vc_column][vc_column width=&#8221;5\/12&#8243;]\n<div class=\"wpcf7 no-js\" id=\"wpcf7-f3679-o1\" lang=\"en-US\" dir=\"ltr\" data-wpcf7-id=\"3679\">\n<div class=\"screen-reader-response\"><p role=\"status\" aria-live=\"polite\" aria-atomic=\"true\"><\/p> <ul><\/ul><\/div>\n<form action=\"\/pl\/wp-json\/wp\/v2\/pages\/3303#wpcf7-f3679-o1\" method=\"post\" class=\"wpcf7-form init\" aria-label=\"Contact form\" novalidate=\"novalidate\" data-status=\"init\">\n<fieldset class=\"hidden-fields-container\"><input type=\"hidden\" name=\"_wpcf7\" value=\"3679\" \/><input type=\"hidden\" name=\"_wpcf7_version\" value=\"6.1.4\" \/><input type=\"hidden\" name=\"_wpcf7_locale\" value=\"en_US\" \/><input type=\"hidden\" name=\"_wpcf7_unit_tag\" value=\"wpcf7-f3679-o1\" \/><input type=\"hidden\" name=\"_wpcf7_container_post\" value=\"0\" \/><input type=\"hidden\" name=\"_wpcf7_posted_data_hash\" value=\"\" \/><input type=\"hidden\" name=\"lang\" value=\"pl\" \/>\n<\/fieldset>\n<div id=\"hero-form\" class=\"text-center mb-40\">\n\t<div class=\"row hero-request-form bg-darkblue\">\n\t\t<div class=\"col-md-12 white-color\">\n\t\t\t<h5 class=\"h5-lg\">Popro\u015b o telefon\n\t\t\t<\/h5>\n\t\t<\/div>\n\t\t<div id=\"input-name\" class=\"col-md-12\">\n\t\t\t<p><span class=\"wpcf7-form-control-wrap\" data-name=\"your-name\"><input size=\"40\" maxlength=\"400\" class=\"wpcf7-form-control wpcf7-text wpcf7-validates-as-required form-control name\" aria-required=\"true\" aria-invalid=\"false\" placeholder=\"Twoje imi\u0119\" value=\"\" type=\"text\" name=\"your-name\" \/><\/span>\n\t\t\t<\/p>\n\t\t<\/div>\n\t\t<div id=\"input-email\" class=\"col-md-12\">\n\t\t\t<p><span class=\"wpcf7-form-control-wrap\" data-name=\"your-email\"><input size=\"40\" maxlength=\"400\" class=\"wpcf7-form-control wpcf7-email wpcf7-validates-as-required wpcf7-text wpcf7-validates-as-email form-control email\" aria-required=\"true\" aria-invalid=\"false\" placeholder=\"Tw\u00f3j email\" value=\"\" type=\"email\" name=\"your-email\" \/><\/span>\n\t\t\t<\/p>\n\t\t<\/div>\n\t\t<div id=\"input-email\" class=\"col-md-12\">\n\t\t\t<p><span class=\"wpcf7-form-control-wrap\" data-name=\"tel-449\"><input size=\"40\" maxlength=\"400\" class=\"wpcf7-form-control wpcf7-tel wpcf7-validates-as-required wpcf7-text wpcf7-validates-as-tel form-control email\" aria-required=\"true\" aria-invalid=\"false\" placeholder=\"Tw\u00f3j numer telefonu\" value=\"\" type=\"tel\" name=\"tel-449\" \/><\/span>\n\t\t\t<\/p>\n\t\t<\/div>\n\t\t<div id=\"input-visa\" class=\"col-md-12 input-visa\">\n\t\t\t<p><span class=\"wpcf7-form-control-wrap visa\"><select class=\"wpcf7-form-control wpcf7-select wpcf7-validates-as-required custom-select visa\" name=\"visa\"><option value=\"W\u0119gry\">W\u0119gry<\/option><option value=\"Australia\">Australia<\/option><option value=\"Kanada\">Kanada<\/option><option value=\"Wielka Brytania\">Wielka Brytania<\/option><option value=\"USA\">USA<\/option><option value=\"Niemcy\">Niemcy<\/option><option value=\"Grecja\">Grecja<\/option><option value=\"Litwa\">Litwa<\/option><option value=\"S\u0142owacja\">S\u0142owacja<\/option><option value=\"W\u0142ochy\">W\u0142ochy<\/option><option value=\"Polska\">Polska<\/option><option value=\"Estonia\">Estonia<\/option><option value=\"Czechy\">Czechy<\/option><option value=\"Hiszpania\">Hiszpania<\/option><option value=\"Francja\">Francja<\/option><option value=\"Meksyk\">Meksyk<\/option><option value=\"Japonia\">Japonia<\/option><option value=\"Chiny\">Chiny<\/option><option value=\"RPA\">RPA<\/option><option value=\"Nowa Zelandia\">Nowa Zelandia<\/option><option value=\"Indonezja\">Indonezja<\/option><option value=\"Rumunia\">Rumunia<\/option><option value=\"Bu\u0142garia\">Bu\u0142garia<\/option><option value=\"Holandia\">Holandia<\/option><\/select><\/span>\n\t\t\t<\/p>\n\t\t<\/div>\n\t\t<div class=\"col-md-12 form-btn\">\n\t\t\t<p><input class=\"wpcf7-form-control wpcf7-submit has-spinner btn btn-primary tra-white-hover submit\" type=\"submit\" value=\"Wy\u015blij zapytanie\" \/>\n\t\t\t<\/p>\n\t\t\t<div class=\"white-color\">\n\t\t\t<div class=\"wpcf7-response-output\" aria-hidden=\"true\"><\/div>\n\t\t\t<\/div>\n\t\t<\/div>\n\t<\/div>\n<\/div>\n<\/form>\n<\/div>\n[\/vc_column][\/vc_row][\/vc_section][vc_section parallax_image_attachment=&#8221;inherit&#8221; padding_class=&#8221;wide-10&#8243;][vc_row parallax_image_attachment=&#8221;inherit&#8221;][vc_column][vc_column_text]<\/p>\n<h1 style=\"text-align: center;\"><strong><span style=\"color: #1d437b;\">Koszt rejestracji pracowniczej wizy<br \/>\ndo W\u0142och<\/span><\/strong><\/h1>\n<p>[\/vc_column_text][\/vc_column][\/vc_row][\/vc_section][vc_section parallax_image_attachment=&#8221;inherit&#8221; padding_class=&#8221;&#8221;][vc_row parallax_image_attachment=&#8221;inherit&#8221;][vc_column width=&#8221;7\/12&#8243;][vc_column_text]<\/p>\n<table>\n<tbody>\n<tr>\n<td width=\"219\">D\u0142ugo\u015b\u0107 pobytu<\/td>\n<td width=\"219\">Cena<\/td>\n<td width=\"219\">Czas produkcji<\/td>\n<\/tr>\n<tr>\n<td width=\"219\">90\/90<\/td>\n<td width=\"219\">od 150 \u20ac<\/td>\n<td width=\"219\">14-21 dni<\/td>\n<\/tr>\n<tr>\n<td width=\"219\">180\/180<\/td>\n<td width=\"219\">od 200 \u20ac<\/td>\n<td width=\"219\">14-21 dni<\/td>\n<\/tr>\n<tr>\n<td width=\"219\">365\/365<\/td>\n<td width=\"219\">od 250 \u20ac<\/td>\n<td width=\"219\">14-21 dni<\/td>\n<\/tr>\n<\/tbody>\n<\/table>\n<p>[\/vc_column_text][\/vc_column][\/vc_row][\/vc_section][vc_section parallax_image_attachment=&#8221;inherit&#8221; padding_class=&#8221;wide-10&#8243;][vc_row parallax_image_attachment=&#8221;inherit&#8221;][vc_column][vc_column_text]<\/p>\n<h1 style=\"text-align: center;\"><span style=\"color: #1d437b;\"><strong>W<\/strong><strong>iz<\/strong><strong>a<\/strong><strong>\u00a0do <\/strong><strong>W\u0142och, w celu wykonywania pracy<\/strong><\/span><\/h1>\n<p>Wiza pracownicza do W\u0142och dla obywateli Ukrainy i kraj\u00f3w WNP to \u015bwietna okazja nie tylko do poznania \u015bwiata, ale tak\u017ce do zarabiania pieni\u0119dzy. Przede wszystkim, aby uzyska\u0107 wiz\u0119 pracownicz\u0105 do W\u0142och i oficjalne zatrudnienie, trzeba mie\u0107 zaproszenie lub podpisan\u0105 umow\u0119 od pracodawcy na prac\u0119 dla obcokrajowca. Zazwyczaj taka umowa zawierana jest na 90 dni\/3 miesi\u0105ce, z mo\u017cliwo\u015bci\u0105 przed\u0142u\u017cenia w razie potrzeby.<\/p>\n<p>Badaj\u0105c wnioski o samodzielny wyb\u00f3r dokument\u00f3w na wiz\u0119 do W\u0142och oraz procent zar\u00f3wno pozytywnych, jak i negatywnych odpowiedzi, mo\u017cemy stwierdzi\u0107, \u017ce kraj ten do\u015b\u0107 skrupulatnie selekcjonuje potencjalnych pracownik\u00f3w i rozpatruje ich wnioski.<\/p>\n<p>Szczeg\u00f3ln\u0105 uwag\u0119 zwraca si\u0119 na obywateli, kt\u00f3rzy planuj\u0105 ubiega\u0107 si\u0119 o wiz\u0119 pracownicz\u0105 na okres d\u0142u\u017cszy ni\u017c 90 dni. Konsulat w\u0142oski podejmuje decyzj\u0119 dopiero po upewnieniu si\u0119, \u017ce s\u0105 wszystkie powody do d\u0142ugiego pobytu.<\/p>\n<p>Najcz\u0119\u015bciej wiza pracownicza do W\u0142och jest wydawana za po\u015brednictwem agencji wizowych ze wzgl\u0119du na mo\u017cliwe trudno\u015bci, r\u00f3\u017cne b\u0142\u0119dy i d\u0142ugie kolejki w konsulacie.<\/p>\n<p>Niezale\u017cnie od etapu ubiegania si\u0119 o wiz\u0119 do W\u0142och, czy jest to obywatel Ukrainy, czy kraj\u00f3w WNP, nasza firma oferuje Pa\u0144stwu swoje profesjonalne us\u0142ugi, w kt\u00f3rych doradzimy i pomo\u017cemy w przetwarzaniu dokument\u00f3w.[\/vc_column_text][\/vc_column][\/vc_row][\/vc_section][vc_section parallax_image_attachment=&#8221;inherit&#8221; padding_class=&#8221;wide-10&#8243;][vc_row parallax_image_attachment=&#8221;inherit&#8221;][vc_column][vc_column_text]<\/p>\n<h1 style=\"text-align: center;\"><strong><span style=\"color: #1d437b;\">Wymagane dokumenty dla ubiegania si\u0119 wizy <\/span><\/strong><\/h1>\n<h1 style=\"text-align: center;\"><strong><span style=\"color: #1d437b;\">do W\u0142och<\/span><\/strong><\/h1>\n<p>&#8211; orygina\u0142 wa\u017cnego paszportu,<br \/>\n&#8211; kopie wszystkich stron paszportu,<br \/>\n&#8211; kopi\u0119 kodu identyfikacyjnego,<br \/>\n&#8211; rozmiar \u015bwie\u017cego zdj\u0119cia 3,5 x 4,5,<br \/>\n&#8211; zaproszenie do pracy wydawane jest zgodnie z wymaganiami konsulatu.[\/vc_column_text][\/vc_column][\/vc_row][vc_row parallax_image_attachment=&#8221;inherit&#8221;][vc_column][vc_column_text]<\/p>\n<h1 style=\"text-align: center;\"><strong><span style=\"color: #1d437b;\">Ciekawe <\/span><\/strong><\/h1>\n<h1 style=\"text-align: center;\"><strong><span style=\"color: #1d437b;\">o W\u0142oszech<\/span><\/strong><\/h1>\n<p>[\/vc_column_text][\/vc_column][\/vc_row][vc_row parallax_image_attachment=&#8221;inherit&#8221;][vc_column][vc_basic_grid post_type=&#8221;post&#8221; max_items=&#8221;3&#8243; initial_loading_animation=&#8221;none&#8221; grid_id=&#8221;vc_gid:1662553333472-e7d131cd-4b48-5&#8243; taxonomies=&#8221;34&#8243;][\/vc_column][\/vc_row][\/vc_section][vc_section parallax_image_attachment=&#8221;inherit&#8221; padding_class=&#8221;wide-10&#8243;][\/vc_section]<\/p>\n","protected":false},"excerpt":{"rendered":"<p>[vc_section enable_inner=&#8221;yes&#8221; parallax_image=&#8221;&#8221; section_type=&#8221;hero&#8221; parallax=&#8221;content-moving-fade&#8221; content_placement=&#8221;top&#8221; bg_class=&#8221;bg-tra&#8221; parallax_image_attachment=&#8221;inherit&#8221; padding_class=&#8221;&#8221; parallax_image_repeat=&#8221;&#8221; parallax_image_position=&#8221;50% 0&#8243; css=&#8221;.vc_custom_1628275040463{background-image: url(http:\/\/visapro.com.pl\/wp-content\/uploads\/2021\/08\/image-2-1.jpg?id=3309) !important;}&#8221;][vc_row parallax_image_attachment=&#8221;inherit&#8221;][vc_column width=&#8221;7\/12&#8243;][\/vc_column][vc_column width=&#8221;5\/12&#8243;][\/vc_column][\/vc_row][\/vc_section][vc_section parallax_image_attachment=&#8221;inherit&#8221; padding_class=&#8221;wide-10&#8243;][vc_row parallax_image_attachment=&#8221;inherit&#8221;][vc_column][vc_column_text] Koszt rejestracji pracowniczej wizy do W\u0142och [\/vc_column_text][\/vc_column][\/vc_row][\/vc_section][vc_section parallax_image_attachment=&#8221;inherit&#8221; padding_class=&#8221;&#8221;][vc_row parallax_image_attachment=&#8221;inherit&#8221;][vc_column width=&#8221;7\/12&#8243;][vc_column_text] D\u0142ugo\u015b\u0107 pobytu Cena Czas produkcji 90\/90 od 150&#8230;<\/p>\n","protected":false},"author":1,"featured_media":0,"parent":0,"menu_order":0,"comment_status":"closed","ping_status":"closed","template":"","meta":{"footnotes":""},"class_list":["post-3303","page","type-page","status-publish","hentry","no-post-thumbnail"],"post_mailing_queue_ids":[],"_links":{"self":[{"href":"https:\/\/visapro.com.pl\/pl\/wp-json\/wp\/v2\/pages\/3303","targetHints":{"allow":["GET"]}}],"collection":[{"href":"https:\/\/visapro.com.pl\/pl\/wp-json\/wp\/v2\/pages"}],"about":[{"href":"https:\/\/visapro.com.pl\/pl\/wp-json\/wp\/v2\/types\/page"}],"author":[{"embeddable":true,"href":"https:\/\/visapro.com.pl\/pl\/wp-json\/wp\/v2\/users\/1"}],"replies":[{"embeddable":true,"href":"https:\/\/visapro.com.pl\/pl\/wp-json\/wp\/v2\/comments?post=3303"}],"version-history":[{"count":69,"href":"https:\/\/visapro.com.pl\/pl\/wp-json\/wp\/v2\/pages\/3303\/revisions"}],"predecessor-version":[{"id":6157,"href":"https:\/\/visapro.com.pl\/pl\/wp-json\/wp\/v2\/pages\/3303\/revisions\/6157"}],"wp:attachment":[{"href":"https:\/\/visapro.com.pl\/pl\/wp-json\/wp\/v2\/media?parent=3303"}],"curies":[{"name":"wp","href":"https:\/\/api.w.org\/{rel}","templated":true}]}}