{"id":3322,"date":"2021-08-06T21:53:21","date_gmt":"2021-08-06T18:53:21","guid":{"rendered":"http:\/\/visa.hqd-cuive.ru\/?page_id=3322"},"modified":"2022-11-04T10:28:22","modified_gmt":"2022-11-04T08:28:22","slug":"avstraliya","status":"publish","type":"page","link":"https:\/\/visapro.com.pl\/pl\/avstraliya\/","title":{"rendered":"Australia"},"content":{"rendered":"<p>[vc_section enable_inner=&#8221;yes&#8221; parallax_image=&#8221;&#8221; section_type=&#8221;hero&#8221; parallax=&#8221;content-moving-fade&#8221; content_placement=&#8221;top&#8221; bg_class=&#8221;bg-tra&#8221; parallax_image_attachment=&#8221;inherit&#8221; padding_class=&#8221;&#8221; parallax_image_repeat=&#8221;&#8221; parallax_image_position=&#8221;50% 0&#8243; css=&#8221;.vc_custom_1628276095071{background-image: url(http:\/\/visapro.com.pl\/wp-content\/uploads\/2021\/08\/regnum_picture_1568439995682087_normal.jpg?id=3325) !important;}&#8221;][vc_row parallax_image_attachment=&#8221;inherit&#8221;][vc_column width=&#8221;7\/12&#8243;]\n        <div > \n        \t\n                     \n            <h3 class=\"white-color h3-xl none\">Wiza do Australii od 300 $<\/h3>\n            <p class=\"white-color p-lg none\">Otwieramy wiz\u0119 do Australii z gwarancj\u0105 do 1 roku<\/p> \n             \n            \n                        \n                        \n            \n             \n                       \n                        \n                  \n        <\/div>[\/vc_column][vc_column width=&#8221;5\/12&#8243;]\n<div class=\"wpcf7 no-js\" id=\"wpcf7-f3679-o1\" lang=\"en-US\" dir=\"ltr\" data-wpcf7-id=\"3679\">\n<div class=\"screen-reader-response\"><p role=\"status\" aria-live=\"polite\" aria-atomic=\"true\"><\/p> <ul><\/ul><\/div>\n<form action=\"\/pl\/wp-json\/wp\/v2\/pages\/3322#wpcf7-f3679-o1\" method=\"post\" class=\"wpcf7-form init\" aria-label=\"Contact form\" novalidate=\"novalidate\" data-status=\"init\">\n<fieldset class=\"hidden-fields-container\"><input type=\"hidden\" name=\"_wpcf7\" value=\"3679\" \/><input type=\"hidden\" name=\"_wpcf7_version\" value=\"6.1.4\" \/><input type=\"hidden\" name=\"_wpcf7_locale\" value=\"en_US\" \/><input type=\"hidden\" name=\"_wpcf7_unit_tag\" value=\"wpcf7-f3679-o1\" \/><input type=\"hidden\" name=\"_wpcf7_container_post\" value=\"0\" \/><input type=\"hidden\" name=\"_wpcf7_posted_data_hash\" value=\"\" \/><input type=\"hidden\" name=\"lang\" value=\"pl\" \/>\n<\/fieldset>\n<div id=\"hero-form\" class=\"text-center mb-40\">\n\t<div class=\"row hero-request-form bg-darkblue\">\n\t\t<div class=\"col-md-12 white-color\">\n\t\t\t<h5 class=\"h5-lg\">Popro\u015b o telefon\n\t\t\t<\/h5>\n\t\t<\/div>\n\t\t<div id=\"input-name\" class=\"col-md-12\">\n\t\t\t<p><span class=\"wpcf7-form-control-wrap\" data-name=\"your-name\"><input size=\"40\" maxlength=\"400\" class=\"wpcf7-form-control wpcf7-text wpcf7-validates-as-required form-control name\" aria-required=\"true\" aria-invalid=\"false\" placeholder=\"Twoje imi\u0119\" value=\"\" type=\"text\" name=\"your-name\" \/><\/span>\n\t\t\t<\/p>\n\t\t<\/div>\n\t\t<div id=\"input-email\" class=\"col-md-12\">\n\t\t\t<p><span class=\"wpcf7-form-control-wrap\" data-name=\"your-email\"><input size=\"40\" maxlength=\"400\" class=\"wpcf7-form-control wpcf7-email wpcf7-validates-as-required wpcf7-text wpcf7-validates-as-email form-control email\" aria-required=\"true\" aria-invalid=\"false\" placeholder=\"Tw\u00f3j email\" value=\"\" type=\"email\" name=\"your-email\" \/><\/span>\n\t\t\t<\/p>\n\t\t<\/div>\n\t\t<div id=\"input-email\" class=\"col-md-12\">\n\t\t\t<p><span class=\"wpcf7-form-control-wrap\" data-name=\"tel-449\"><input size=\"40\" maxlength=\"400\" class=\"wpcf7-form-control wpcf7-tel wpcf7-validates-as-required wpcf7-text wpcf7-validates-as-tel form-control email\" aria-required=\"true\" aria-invalid=\"false\" placeholder=\"Tw\u00f3j numer telefonu\" value=\"\" type=\"tel\" name=\"tel-449\" \/><\/span>\n\t\t\t<\/p>\n\t\t<\/div>\n\t\t<div id=\"input-visa\" class=\"col-md-12 input-visa\">\n\t\t\t<p><span class=\"wpcf7-form-control-wrap visa\"><select class=\"wpcf7-form-control wpcf7-select wpcf7-validates-as-required custom-select visa\" name=\"visa\"><option value=\"W\u0119gry\">W\u0119gry<\/option><option value=\"Australia\">Australia<\/option><option value=\"Kanada\">Kanada<\/option><option value=\"Wielka Brytania\">Wielka Brytania<\/option><option value=\"USA\">USA<\/option><option value=\"Niemcy\">Niemcy<\/option><option value=\"Grecja\">Grecja<\/option><option value=\"Litwa\">Litwa<\/option><option value=\"S\u0142owacja\">S\u0142owacja<\/option><option value=\"W\u0142ochy\">W\u0142ochy<\/option><option value=\"Polska\">Polska<\/option><option value=\"Estonia\">Estonia<\/option><option value=\"Czechy\">Czechy<\/option><option value=\"Hiszpania\">Hiszpania<\/option><option value=\"Francja\">Francja<\/option><option value=\"Meksyk\">Meksyk<\/option><option value=\"Japonia\">Japonia<\/option><option value=\"Chiny\">Chiny<\/option><option value=\"RPA\">RPA<\/option><option value=\"Nowa Zelandia\">Nowa Zelandia<\/option><option value=\"Indonezja\">Indonezja<\/option><option value=\"Rumunia\">Rumunia<\/option><option value=\"Bu\u0142garia\">Bu\u0142garia<\/option><option value=\"Holandia\">Holandia<\/option><\/select><\/span>\n\t\t\t<\/p>\n\t\t<\/div>\n\t\t<div class=\"col-md-12 form-btn\">\n\t\t\t<p><input class=\"wpcf7-form-control wpcf7-submit has-spinner btn btn-primary tra-white-hover submit\" type=\"submit\" value=\"Wy\u015blij zapytanie\" \/>\n\t\t\t<\/p>\n\t\t\t<div class=\"white-color\">\n\t\t\t<div class=\"wpcf7-response-output\" aria-hidden=\"true\"><\/div>\n\t\t\t<\/div>\n\t\t<\/div>\n\t<\/div>\n<\/div>\n<\/form>\n<\/div>\n[\/vc_column][\/vc_row][\/vc_section][vc_section parallax_image_attachment=&#8221;inherit&#8221; padding_class=&#8221;wide-10&#8243;][vc_row parallax_image_attachment=&#8221;inherit&#8221;][vc_column][vc_column_text]<\/p>\n<h1 style=\"text-align: center;\"><span style=\"color: #1d437b;\"><strong><b>Koszt rejestracji wizy<\/b><\/strong><\/span><\/h1>\n<p>[\/vc_column_text][\/vc_column][\/vc_row][vc_row][vc_column width=&#8221;1\/2&#8243;][vc_column_text]<\/p>\n<table>\n<tbody>\n<tr>\n<td width=\"219\"><strong>D\u0142ugo\u015b\u0107 pobytu<\/strong><\/td>\n<td width=\"219\"><strong>Cena<\/strong><\/td>\n<td width=\"219\"><strong>Czas produkcji<\/strong><\/td>\n<\/tr>\n<tr>\n<td width=\"219\">180\/90<\/td>\n<td width=\"219\">od 300 $<\/td>\n<td width=\"219\">3-14 dni<\/td>\n<\/tr>\n<tr>\n<td width=\"219\">365\/90\/90<\/td>\n<td width=\"219\">od 300 $<\/td>\n<td width=\"219\">3-14 dni<\/td>\n<\/tr>\n<tr>\n<td width=\"219\"><\/td>\n<td width=\"219\"><\/td>\n<td width=\"219\"><\/td>\n<\/tr>\n<\/tbody>\n<\/table>\n<p>[\/vc_column_text][\/vc_column][vc_column width=&#8221;1\/2&#8243;][\/vc_column][\/vc_row][\/vc_section][vc_section parallax_image_attachment=&#8221;inherit&#8221; padding_class=&#8221;wide-10&#8243;][vc_row parallax_image_attachment=&#8221;inherit&#8221;][vc_column][vc_column_text]<\/p>\n<h1 style=\"text-align: center;\"><span style=\"color: #1d437b;\"><strong>W<\/strong><strong>iz<\/strong><strong>a<\/strong><strong>\u00a0<\/strong><\/span><\/h1>\n<h1 style=\"text-align: center;\"><span style=\"color: #1d437b;\"><strong>do Australii<\/strong><\/span><\/h1>\n<p>Australia to kraj kontrast\u00f3w, kt\u00f3ry dostarczy swoim go\u015bciom nie tylko niezapomnianych wra\u017ce\u0144, ale tak\u017ce naprawd\u0119 ekscytuj\u0105cych przyg\u00f3d. Wi\u0119kszo\u015b\u0107 turyst\u00f3w wyobra\u017ca sobie nieko\u0144cz\u0105ce si\u0119 przestrzenie, przez kt\u00f3re kangury i koale \u00a0ci\u0105gle wypchanymi ustami eukaliptusa. Chocia\u017c przestrze\u0144 tutaj jest naprawd\u0119 malownicza, a jest nawet wyspa tych\u00a0torbaczy, widoki w Australii nie s\u0105 gorsze w swojej wyj\u0105tkowo\u015bci. Muzea, majestatyczna architektura miasta i cuda natury zas\u0142uguj\u0105 na szczeg\u00f3\u0142owe om\u00f3wienie. Nowoczesne metropolie w Australii powsta\u0142y w\u015br\u00f3d pusty\u0144, farm i g\u0119stych las\u00f3w.<\/p>\n<p>Nie ma szansy\u00a0omin\u0105\u0107 australijskich pla\u017c: czysty piasek, czyste wody Oceanu Indyjskiego i Pacyfiku, niepowtarzalne krajobrazy \u2013 niesamowite po\u0142\u0105czenie na relaks. Najbardziej zat\u0142oczone obszary koncentruj\u0105 si\u0119 na Z\u0142otym Wybrze\u017cu. Ale dla zdobywc\u00f3w fal najlepsze miejsce w Surfers Paradise. Cichsze i wreszcie ta\u0144sze miejsce jest na Broad Beach.<\/p>\n<p>Wystarczy odwiedzi\u0107 Australi\u0119, kt\u00f3r\u0105 ze wszystkich stron obmywaj\u0105 wody m\u00f3rz i ocean\u00f3w, trzeba przygotowa\u0107 wiz\u0119 australijsk\u0105. Odbi\u00f3r w\u0142asny pakietu dokument\u00f3w przekazanych do Ambasady Australii nie zawsze daje wynik pozytywny. Dlatego oferujemy us\u0142ugi naszej agencji wizowej, kt\u00f3rej specjali\u015bci pomog\u0105 Ci jak najszybciej zebra\u0107 i sporz\u0105dzi\u0107 wszystkie niezb\u0119dne dokumenty.[\/vc_column_text][\/vc_column][\/vc_row][\/vc_section]<\/p>\n","protected":false},"excerpt":{"rendered":"<p>[vc_section enable_inner=&#8221;yes&#8221; parallax_image=&#8221;&#8221; section_type=&#8221;hero&#8221; parallax=&#8221;content-moving-fade&#8221; content_placement=&#8221;top&#8221; bg_class=&#8221;bg-tra&#8221; parallax_image_attachment=&#8221;inherit&#8221; padding_class=&#8221;&#8221; parallax_image_repeat=&#8221;&#8221; parallax_image_position=&#8221;50% 0&#8243; css=&#8221;.vc_custom_1628276095071{background-image: url(http:\/\/visapro.com.pl\/wp-content\/uploads\/2021\/08\/regnum_picture_1568439995682087_normal.jpg?id=3325) !important;}&#8221;][vc_row parallax_image_attachment=&#8221;inherit&#8221;][vc_column width=&#8221;7\/12&#8243;][\/vc_column][vc_column width=&#8221;5\/12&#8243;][\/vc_column][\/vc_row][\/vc_section][vc_section parallax_image_attachment=&#8221;inherit&#8221; padding_class=&#8221;wide-10&#8243;][vc_row parallax_image_attachment=&#8221;inherit&#8221;][vc_column][vc_column_text] Koszt rejestracji wizy [\/vc_column_text][\/vc_column][\/vc_row][vc_row][vc_column width=&#8221;1\/2&#8243;][vc_column_text] D\u0142ugo\u015b\u0107 pobytu Cena Czas produkcji 180\/90 od 300 $ 3-14 dni 365\/90\/90 od 300&#8230;<\/p>\n","protected":false},"author":1,"featured_media":0,"parent":0,"menu_order":0,"comment_status":"closed","ping_status":"closed","template":"","meta":{"footnotes":""},"class_list":["post-3322","page","type-page","status-publish","hentry","no-post-thumbnail"],"post_mailing_queue_ids":[],"_links":{"self":[{"href":"https:\/\/visapro.com.pl\/pl\/wp-json\/wp\/v2\/pages\/3322","targetHints":{"allow":["GET"]}}],"collection":[{"href":"https:\/\/visapro.com.pl\/pl\/wp-json\/wp\/v2\/pages"}],"about":[{"href":"https:\/\/visapro.com.pl\/pl\/wp-json\/wp\/v2\/types\/page"}],"author":[{"embeddable":true,"href":"https:\/\/visapro.com.pl\/pl\/wp-json\/wp\/v2\/users\/1"}],"replies":[{"embeddable":true,"href":"https:\/\/visapro.com.pl\/pl\/wp-json\/wp\/v2\/comments?post=3322"}],"version-history":[{"count":46,"href":"https:\/\/visapro.com.pl\/pl\/wp-json\/wp\/v2\/pages\/3322\/revisions"}],"predecessor-version":[{"id":3650,"href":"https:\/\/visapro.com.pl\/pl\/wp-json\/wp\/v2\/pages\/3322\/revisions\/3650"}],"wp:attachment":[{"href":"https:\/\/visapro.com.pl\/pl\/wp-json\/wp\/v2\/media?parent=3322"}],"curies":[{"name":"wp","href":"https:\/\/api.w.org\/{rel}","templated":true}]}}