{"id":3328,"date":"2021-08-06T22:08:50","date_gmt":"2021-08-06T19:08:50","guid":{"rendered":"http:\/\/visa.hqd-cuive.ru\/?page_id=3328"},"modified":"2022-11-04T11:14:25","modified_gmt":"2022-11-04T09:14:25","slug":"nova-zelandiya","status":"publish","type":"page","link":"https:\/\/visapro.com.pl\/pl\/nova-zelandiya\/","title":{"rendered":"Nowa Zelandia"},"content":{"rendered":"<p>[vc_section enable_inner=&#8221;yes&#8221; parallax_image=&#8221;&#8221; section_type=&#8221;hero&#8221; parallax=&#8221;content-moving-fade&#8221; content_placement=&#8221;top&#8221; bg_class=&#8221;bg-tra&#8221; parallax_image_attachment=&#8221;inherit&#8221; padding_class=&#8221;&#8221; parallax_image_repeat=&#8221;&#8221; parallax_image_position=&#8221;50% 0&#8243; css=&#8221;.vc_custom_1628277045393{background-image: url(http:\/\/visapro.com.pl\/wp-content\/uploads\/2021\/08\/lyttleton-at-dusk-panorama_wallpaper-scaled.jpg?id=3331) !important;}&#8221;][vc_row parallax_image_attachment=&#8221;inherit&#8221;][vc_column width=&#8221;7\/12&#8243;]\n        <div > \n        \t\n                     \n            <h3 class=\"white-color h3-xl none\">Wiza do Nowej Zelandii od 200 $<\/h3>\n            <p class=\"white-color p-lg none\">Pomo\u017cemy w otwarciu wizy do Nowej Zelandii<\/p> \n             \n            \n                        \n                        \n            \n             \n                       \n                        \n                  \n        <\/div>[\/vc_column][vc_column width=&#8221;5\/12&#8243;]\n<div class=\"wpcf7 no-js\" id=\"wpcf7-f3679-o1\" lang=\"en-US\" dir=\"ltr\" data-wpcf7-id=\"3679\">\n<div class=\"screen-reader-response\"><p role=\"status\" aria-live=\"polite\" aria-atomic=\"true\"><\/p> <ul><\/ul><\/div>\n<form action=\"\/pl\/wp-json\/wp\/v2\/pages\/3328#wpcf7-f3679-o1\" method=\"post\" class=\"wpcf7-form init\" aria-label=\"Contact form\" novalidate=\"novalidate\" data-status=\"init\">\n<fieldset class=\"hidden-fields-container\"><input type=\"hidden\" name=\"_wpcf7\" value=\"3679\" \/><input type=\"hidden\" name=\"_wpcf7_version\" value=\"6.1.4\" \/><input type=\"hidden\" name=\"_wpcf7_locale\" value=\"en_US\" \/><input type=\"hidden\" name=\"_wpcf7_unit_tag\" value=\"wpcf7-f3679-o1\" \/><input type=\"hidden\" name=\"_wpcf7_container_post\" value=\"0\" \/><input type=\"hidden\" name=\"_wpcf7_posted_data_hash\" value=\"\" \/><input type=\"hidden\" name=\"lang\" value=\"pl\" \/>\n<\/fieldset>\n<div id=\"hero-form\" class=\"text-center mb-40\">\n\t<div class=\"row hero-request-form bg-darkblue\">\n\t\t<div class=\"col-md-12 white-color\">\n\t\t\t<h5 class=\"h5-lg\">Popro\u015b o telefon\n\t\t\t<\/h5>\n\t\t<\/div>\n\t\t<div id=\"input-name\" class=\"col-md-12\">\n\t\t\t<p><span class=\"wpcf7-form-control-wrap\" data-name=\"your-name\"><input size=\"40\" maxlength=\"400\" class=\"wpcf7-form-control wpcf7-text wpcf7-validates-as-required form-control name\" aria-required=\"true\" aria-invalid=\"false\" placeholder=\"Twoje imi\u0119\" value=\"\" type=\"text\" name=\"your-name\" \/><\/span>\n\t\t\t<\/p>\n\t\t<\/div>\n\t\t<div id=\"input-email\" class=\"col-md-12\">\n\t\t\t<p><span class=\"wpcf7-form-control-wrap\" data-name=\"your-email\"><input size=\"40\" maxlength=\"400\" class=\"wpcf7-form-control wpcf7-email wpcf7-validates-as-required wpcf7-text wpcf7-validates-as-email form-control email\" aria-required=\"true\" aria-invalid=\"false\" placeholder=\"Tw\u00f3j email\" value=\"\" type=\"email\" name=\"your-email\" \/><\/span>\n\t\t\t<\/p>\n\t\t<\/div>\n\t\t<div id=\"input-email\" class=\"col-md-12\">\n\t\t\t<p><span class=\"wpcf7-form-control-wrap\" data-name=\"tel-449\"><input size=\"40\" maxlength=\"400\" class=\"wpcf7-form-control wpcf7-tel wpcf7-validates-as-required wpcf7-text wpcf7-validates-as-tel form-control email\" aria-required=\"true\" aria-invalid=\"false\" placeholder=\"Tw\u00f3j numer telefonu\" value=\"\" type=\"tel\" name=\"tel-449\" \/><\/span>\n\t\t\t<\/p>\n\t\t<\/div>\n\t\t<div id=\"input-visa\" class=\"col-md-12 input-visa\">\n\t\t\t<p><span class=\"wpcf7-form-control-wrap visa\"><select class=\"wpcf7-form-control wpcf7-select wpcf7-validates-as-required custom-select visa\" name=\"visa\"><option value=\"W\u0119gry\">W\u0119gry<\/option><option value=\"Australia\">Australia<\/option><option value=\"Kanada\">Kanada<\/option><option value=\"Wielka Brytania\">Wielka Brytania<\/option><option value=\"USA\">USA<\/option><option value=\"Niemcy\">Niemcy<\/option><option value=\"Grecja\">Grecja<\/option><option value=\"Litwa\">Litwa<\/option><option value=\"S\u0142owacja\">S\u0142owacja<\/option><option value=\"W\u0142ochy\">W\u0142ochy<\/option><option value=\"Polska\">Polska<\/option><option value=\"Estonia\">Estonia<\/option><option value=\"Czechy\">Czechy<\/option><option value=\"Hiszpania\">Hiszpania<\/option><option value=\"Francja\">Francja<\/option><option value=\"Meksyk\">Meksyk<\/option><option value=\"Japonia\">Japonia<\/option><option value=\"Chiny\">Chiny<\/option><option value=\"RPA\">RPA<\/option><option value=\"Nowa Zelandia\">Nowa Zelandia<\/option><option value=\"Indonezja\">Indonezja<\/option><option value=\"Rumunia\">Rumunia<\/option><option value=\"Bu\u0142garia\">Bu\u0142garia<\/option><option value=\"Holandia\">Holandia<\/option><\/select><\/span>\n\t\t\t<\/p>\n\t\t<\/div>\n\t\t<div class=\"col-md-12 form-btn\">\n\t\t\t<p><input class=\"wpcf7-form-control wpcf7-submit has-spinner btn btn-primary tra-white-hover submit\" type=\"submit\" value=\"Wy\u015blij zapytanie\" \/>\n\t\t\t<\/p>\n\t\t\t<div class=\"white-color\">\n\t\t\t<div class=\"wpcf7-response-output\" aria-hidden=\"true\"><\/div>\n\t\t\t<\/div>\n\t\t<\/div>\n\t<\/div>\n<\/div>\n<\/form>\n<\/div>\n[\/vc_column][\/vc_row][\/vc_section][vc_section parallax_image_attachment=&#8221;inherit&#8221; padding_class=&#8221;wide-10&#8243;][vc_row parallax_image_attachment=&#8221;inherit&#8221;][vc_column][vc_column_text]<\/p>\n<h1 style=\"text-align: center;\"><span style=\"color: #1d437b;\"><strong><b>Koszt rejestracji wizy<\/b><\/strong><\/span><\/h1>\n<p>[\/vc_column_text][\/vc_column][\/vc_row][vc_row][vc_column width=&#8221;1\/2&#8243;][vc_column_text]<\/p>\n<table>\n<tbody>\n<tr>\n<td width=\"219\"><strong>D\u0142ugo\u015b\u0107 pobytu<\/strong><\/td>\n<td width=\"219\"><strong>Cena<\/strong><\/td>\n<td width=\"219\"><strong>Czas produkcji<\/strong><\/td>\n<\/tr>\n<tr>\n<td width=\"219\">30\/30<\/td>\n<td width=\"219\">od 200 $<\/td>\n<td width=\"219\">10-14 dni<\/td>\n<\/tr>\n<tr>\n<td width=\"219\">90\/90<\/td>\n<td width=\"219\">od 300 $<\/td>\n<td width=\"219\">10-14 dni<\/td>\n<\/tr>\n<tr>\n<td width=\"219\">180\/180<\/td>\n<td width=\"219\">od 400 $<\/td>\n<td width=\"219\">14-21 dni<\/td>\n<\/tr>\n<\/tbody>\n<\/table>\n<p>[\/vc_column_text][\/vc_column][vc_column width=&#8221;1\/2&#8243;][\/vc_column][\/vc_row][\/vc_section][vc_section parallax_image_attachment=&#8221;inherit&#8221; padding_class=&#8221;wide-10&#8243;][vc_row parallax_image_attachment=&#8221;inherit&#8221;][vc_column][vc_column_text]<\/p>\n<h1 style=\"text-align: center;\"><span style=\"color: #1d437b;\"><strong>Ubieganie si\u0119 o wiz\u0119 do Nowej Zelandii<\/strong><\/span><\/h1>\n<p>Nowa Zelandia jest jednym z najbardziej wyspiarskich kraj\u00f3w. Kraj, w kt\u00f3rym jest wszystko: g\u00f3ry, jeziora, gejzery, lodowce, pla\u017ce, lasy, a wcze\u015bniej ze wszystkich stron obmywany jest przez morza i oceany. W oryginalnej formie zachowa\u0142o si\u0119 sporo pomnik\u00f3w przyrody.<\/p>\n<p>Nowa Zelandia ma dla turyst\u00f3w wyj\u0105tkow\u0105, znacz\u0105c\u0105 przewag\u0119 \u2013 tutaj najbardziej rozwini\u0119ta jest nie tylko turystyka aktywna, ale i ekstremalna. Najcz\u0119stsze z nich: skoki spadochronowe, skoki rapowe, zorbing, szybownictwo, airsurfing, skoki na bungee. Go\u015bcie z kraju podziwiaj\u0105 wieloryby i pot\u0119\u017cne fiordy. Tysi\u0105cletnie lodowce nie pozostaj\u0105 tu niezauwa\u017cone.<\/p>\n<p>Kibice fantastyki s\u0105 po prostu zachwyceni tym krajem, bo to w\u0142a\u015bnie tam kr\u0119cono trylogi\u0119 \u201eW\u0142adca Pier\u015bcieni\u201d, kt\u00f3ra zyska\u0142a \u015bwiatow\u0105 popularno\u015b\u0107. S\u0105 jeszcze obszary z filmu.<\/p>\n<p>Tylko do odwiedzenia wyj\u0105tkowej Nowej Zelandii potrzebna jest wiza, kt\u00f3ra pozwala przekroczy\u0107 granic\u0119 nie tylko jako turysta, ale tak\u017ce jako go\u015b\u0107 w celu odwiedzenia rodziny, studenta czy pracownika. Proces przygotowania dokument\u00f3w jest do\u015b\u0107 trudny i bardzo trudno jest ubiega\u0107 si\u0119 o wiz\u0119 do Nowej Zelandii, poniewa\u017c najbli\u017csza ambasada znajduje si\u0119 w Federacji Rosyjskiej lub Wielkiej Brytanii.<\/p>\n<p>Dlatego zalecamy skontaktowanie si\u0119 z nasz\u0105 agencj\u0105 wizow\u0105, aby zapobiec nie tylko barierze j\u0119zykowej, ale tak\u017ce niepotrzebnym b\u0142\u0119dom w ubieganiu si\u0119 o wiz\u0119.[\/vc_column_text][\/vc_column][\/vc_row][\/vc_section]<\/p>\n","protected":false},"excerpt":{"rendered":"<p>[vc_section enable_inner=&#8221;yes&#8221; parallax_image=&#8221;&#8221; section_type=&#8221;hero&#8221; parallax=&#8221;content-moving-fade&#8221; content_placement=&#8221;top&#8221; bg_class=&#8221;bg-tra&#8221; parallax_image_attachment=&#8221;inherit&#8221; padding_class=&#8221;&#8221; parallax_image_repeat=&#8221;&#8221; parallax_image_position=&#8221;50% 0&#8243; css=&#8221;.vc_custom_1628277045393{background-image: url(http:\/\/visapro.com.pl\/wp-content\/uploads\/2021\/08\/lyttleton-at-dusk-panorama_wallpaper-scaled.jpg?id=3331) !important;}&#8221;][vc_row parallax_image_attachment=&#8221;inherit&#8221;][vc_column width=&#8221;7\/12&#8243;][\/vc_column][vc_column width=&#8221;5\/12&#8243;][\/vc_column][\/vc_row][\/vc_section][vc_section parallax_image_attachment=&#8221;inherit&#8221; padding_class=&#8221;wide-10&#8243;][vc_row parallax_image_attachment=&#8221;inherit&#8221;][vc_column][vc_column_text] Koszt rejestracji wizy [\/vc_column_text][\/vc_column][\/vc_row][vc_row][vc_column width=&#8221;1\/2&#8243;][vc_column_text] D\u0142ugo\u015b\u0107 pobytu Cena Czas produkcji 30\/30 od 200 $ 10-14 dni 90\/90 od 300&#8230;<\/p>\n","protected":false},"author":1,"featured_media":0,"parent":0,"menu_order":0,"comment_status":"closed","ping_status":"closed","template":"","meta":{"footnotes":""},"class_list":["post-3328","page","type-page","status-publish","hentry","no-post-thumbnail"],"post_mailing_queue_ids":[],"_links":{"self":[{"href":"https:\/\/visapro.com.pl\/pl\/wp-json\/wp\/v2\/pages\/3328","targetHints":{"allow":["GET"]}}],"collection":[{"href":"https:\/\/visapro.com.pl\/pl\/wp-json\/wp\/v2\/pages"}],"about":[{"href":"https:\/\/visapro.com.pl\/pl\/wp-json\/wp\/v2\/types\/page"}],"author":[{"embeddable":true,"href":"https:\/\/visapro.com.pl\/pl\/wp-json\/wp\/v2\/users\/1"}],"replies":[{"embeddable":true,"href":"https:\/\/visapro.com.pl\/pl\/wp-json\/wp\/v2\/comments?post=3328"}],"version-history":[{"count":41,"href":"https:\/\/visapro.com.pl\/pl\/wp-json\/wp\/v2\/pages\/3328\/revisions"}],"predecessor-version":[{"id":5982,"href":"https:\/\/visapro.com.pl\/pl\/wp-json\/wp\/v2\/pages\/3328\/revisions\/5982"}],"wp:attachment":[{"href":"https:\/\/visapro.com.pl\/pl\/wp-json\/wp\/v2\/media?parent=3328"}],"curies":[{"name":"wp","href":"https:\/\/api.w.org\/{rel}","templated":true}]}}