{"id":3340,"date":"2021-08-06T22:16:20","date_gmt":"2021-08-06T19:16:20","guid":{"rendered":"http:\/\/visa.hqd-cuive.ru\/?page_id=3340"},"modified":"2022-11-04T11:11:26","modified_gmt":"2022-11-04T09:11:26","slug":"medeczinskaya-strahovka","status":"publish","type":"page","link":"https:\/\/visapro.com.pl\/pl\/medeczinskaya-strahovka\/","title":{"rendered":"Ubezpieczenie medyczne"},"content":{"rendered":"<p>[vc_section enable_inner=&#8221;yes&#8221; parallax_image=&#8221;&#8221; section_type=&#8221;hero&#8221; parallax=&#8221;content-moving-fade&#8221; content_placement=&#8221;top&#8221; bg_class=&#8221;bg-tra&#8221; parallax_image_attachment=&#8221;inherit&#8221; padding_class=&#8221;&#8221; parallax_image_repeat=&#8221;&#8221; parallax_image_position=&#8221;50% 0&#8243; css=&#8221;.vc_custom_1628690043512{background-image: url(http:\/\/visapro.com.pl\/wp-content\/uploads\/2021\/08\/2652003936_2652003936-01.jpeg?id=3474) !important;background-position: center !important;background-repeat: no-repeat !important;background-size: cover !important;}&#8221;][vc_row parallax_image_attachment=&#8221;inherit&#8221;][vc_column width=&#8221;7\/12&#8243;]\n        <div > \n        \t\n                     \n            <h3 class=\"white-color h3-xl none\">Polisa ubezpieczenia medycznego<\/h3>\n            <p class=\"white-color p-lg none\">Zapewniamy pomoc w uzyskaniu ubezpieczenia zdrowotnego we wszystkich krajach \u015bwiata<\/p> \n             \n            \n                        \n                        \n            \n             \n                       \n                        \n                  \n        <\/div>[\/vc_column][vc_column width=&#8221;5\/12&#8243;]\n<div class=\"wpcf7 no-js\" id=\"wpcf7-f3679-o1\" lang=\"en-US\" dir=\"ltr\" data-wpcf7-id=\"3679\">\n<div class=\"screen-reader-response\"><p role=\"status\" aria-live=\"polite\" aria-atomic=\"true\"><\/p> <ul><\/ul><\/div>\n<form action=\"\/pl\/wp-json\/wp\/v2\/pages\/3340#wpcf7-f3679-o1\" method=\"post\" class=\"wpcf7-form init\" aria-label=\"Contact form\" novalidate=\"novalidate\" data-status=\"init\">\n<fieldset class=\"hidden-fields-container\"><input type=\"hidden\" name=\"_wpcf7\" value=\"3679\" \/><input type=\"hidden\" name=\"_wpcf7_version\" value=\"6.1.4\" \/><input type=\"hidden\" name=\"_wpcf7_locale\" value=\"en_US\" \/><input type=\"hidden\" name=\"_wpcf7_unit_tag\" value=\"wpcf7-f3679-o1\" \/><input type=\"hidden\" name=\"_wpcf7_container_post\" value=\"0\" \/><input type=\"hidden\" name=\"_wpcf7_posted_data_hash\" value=\"\" \/><input type=\"hidden\" name=\"lang\" value=\"pl\" \/>\n<\/fieldset>\n<div id=\"hero-form\" class=\"text-center mb-40\">\n\t<div class=\"row hero-request-form bg-darkblue\">\n\t\t<div class=\"col-md-12 white-color\">\n\t\t\t<h5 class=\"h5-lg\">Popro\u015b o telefon\n\t\t\t<\/h5>\n\t\t<\/div>\n\t\t<div id=\"input-name\" class=\"col-md-12\">\n\t\t\t<p><span class=\"wpcf7-form-control-wrap\" data-name=\"your-name\"><input size=\"40\" maxlength=\"400\" class=\"wpcf7-form-control wpcf7-text wpcf7-validates-as-required form-control name\" aria-required=\"true\" aria-invalid=\"false\" placeholder=\"Twoje imi\u0119\" value=\"\" type=\"text\" name=\"your-name\" \/><\/span>\n\t\t\t<\/p>\n\t\t<\/div>\n\t\t<div id=\"input-email\" class=\"col-md-12\">\n\t\t\t<p><span class=\"wpcf7-form-control-wrap\" data-name=\"your-email\"><input size=\"40\" maxlength=\"400\" class=\"wpcf7-form-control wpcf7-email wpcf7-validates-as-required wpcf7-text wpcf7-validates-as-email form-control email\" aria-required=\"true\" aria-invalid=\"false\" placeholder=\"Tw\u00f3j email\" value=\"\" type=\"email\" name=\"your-email\" \/><\/span>\n\t\t\t<\/p>\n\t\t<\/div>\n\t\t<div id=\"input-email\" class=\"col-md-12\">\n\t\t\t<p><span class=\"wpcf7-form-control-wrap\" data-name=\"tel-449\"><input size=\"40\" maxlength=\"400\" class=\"wpcf7-form-control wpcf7-tel wpcf7-validates-as-required wpcf7-text wpcf7-validates-as-tel form-control email\" aria-required=\"true\" aria-invalid=\"false\" placeholder=\"Tw\u00f3j numer telefonu\" value=\"\" type=\"tel\" name=\"tel-449\" \/><\/span>\n\t\t\t<\/p>\n\t\t<\/div>\n\t\t<div id=\"input-visa\" class=\"col-md-12 input-visa\">\n\t\t\t<p><span class=\"wpcf7-form-control-wrap visa\"><select class=\"wpcf7-form-control wpcf7-select wpcf7-validates-as-required custom-select visa\" name=\"visa\"><option value=\"W\u0119gry\">W\u0119gry<\/option><option value=\"Australia\">Australia<\/option><option value=\"Kanada\">Kanada<\/option><option value=\"Wielka Brytania\">Wielka Brytania<\/option><option value=\"USA\">USA<\/option><option value=\"Niemcy\">Niemcy<\/option><option value=\"Grecja\">Grecja<\/option><option value=\"Litwa\">Litwa<\/option><option value=\"S\u0142owacja\">S\u0142owacja<\/option><option value=\"W\u0142ochy\">W\u0142ochy<\/option><option value=\"Polska\">Polska<\/option><option value=\"Estonia\">Estonia<\/option><option value=\"Czechy\">Czechy<\/option><option value=\"Hiszpania\">Hiszpania<\/option><option value=\"Francja\">Francja<\/option><option value=\"Meksyk\">Meksyk<\/option><option value=\"Japonia\">Japonia<\/option><option value=\"Chiny\">Chiny<\/option><option value=\"RPA\">RPA<\/option><option value=\"Nowa Zelandia\">Nowa Zelandia<\/option><option value=\"Indonezja\">Indonezja<\/option><option value=\"Rumunia\">Rumunia<\/option><option value=\"Bu\u0142garia\">Bu\u0142garia<\/option><option value=\"Holandia\">Holandia<\/option><\/select><\/span>\n\t\t\t<\/p>\n\t\t<\/div>\n\t\t<div class=\"col-md-12 form-btn\">\n\t\t\t<p><input class=\"wpcf7-form-control wpcf7-submit has-spinner btn btn-primary tra-white-hover submit\" type=\"submit\" value=\"Wy\u015blij zapytanie\" \/>\n\t\t\t<\/p>\n\t\t\t<div class=\"white-color\">\n\t\t\t<div class=\"wpcf7-response-output\" aria-hidden=\"true\"><\/div>\n\t\t\t<\/div>\n\t\t<\/div>\n\t<\/div>\n<\/div>\n<\/form>\n<\/div>\n[\/vc_column][\/vc_row][\/vc_section][vc_section parallax_image_attachment=&#8221;inherit&#8221; padding_class=&#8221;wide-10&#8243;][vc_row parallax_image_attachment=&#8221;inherit&#8221;][vc_column][vc_column_text]<\/p>\n<h1 class=\"page_title\" style=\"text-align: center;\"><strong><span style=\"color: #1d437b;\">Ubezpieczenie wizy<\/span><\/strong><\/h1>\n<p>Je\u015bli planujesz podr\u00f3\u017c do obcego kraju, musisz wykupi\u0107 polis\u0119 ubezpieczeniow\u0105. Nale\u017cy mie\u0107 \u015bwiadomo\u015b\u0107, \u017ce tylko dost\u0119pno\u015b\u0107 ubezpieczenia medycznego gwarantuje wykonanie bezp\u0142atnych us\u0142ug medycznych za granic\u0105 oraz powr\u00f3t turysty do ojczyzny w przypadku powa\u017cnej choroby lub urazu.<\/p>\n<h1 style=\"text-align: center;\"><strong><span style=\"color: #1d437b;\">Korzy\u015bci z ubezpieczenia wizowego<\/span><\/strong><\/h1>\n<p>Wszyscy wiemy, \u017ce nawet w najbardziej cywilizowanych krajach \u015bwiata mog\u0105 nas spotka\u0107 k\u0142opoty. Ci\u0119\u017ckie zatrucie, grypa, uraz, b\u00f3l z\u0119ba &#8211; kto jest przed tym wszystkim bezpieczny? Zgadza si\u0119, \u017ce nikt! Choroba mo\u017ce wyst\u0105pi\u0107 w dowolnym momencie i nie zapyta, gdzie teraz jeste\u015b. Je\u015bli nie zawsze mo\u017cesz zapobiec chorobie, to przynajmniej mo\u017cesz zapobiec k\u0142opotom, kt\u00f3re czekaj\u0105 na Ciebie w przypadku choroby. A takie k\u0142opoty to przede wszystkim wysokie koszty leczenia w obcym kraju. Tylko ubezpieczenie medyczne na wiz\u0119 Schengen mo\u017ce zagwarantowa\u0107 Ci bezp\u0142atne leczenie, bez kt\u00f3rego notabene wizy nie otrzymasz. W ka\u017cdym razie b\u0119dziesz musia\u0142 to wyda\u0107.<\/p>\n<h1 style=\"text-align: center;\"><strong><span style=\"color: #1d437b;\">Jak uzyska\u0107 ubezpieczenie wizowe<\/span><\/strong><\/h1>\n<p>Wiele os\u00f3b, kt\u00f3re odwiedzaj\u0105 strony internetowe ambasad, aby zapozna\u0107 si\u0119 z dokumentami w celu uzyskania zawiadomienia o wizie, \u017ce ubezpieczenie wizowe jest warunkiem koniecznym. Ale strony zazwyczaj nie pisz\u0105, gdzie i jak mo\u017cna uzyska\u0107 to ubezpieczenie.<\/p>\n<p>Na pocz\u0105tek polisa musi obowi\u0105zywa\u0107 we wszystkich krajach, a minimalna suma ubezpieczenia musi wynosi\u0107 30 tys. euro. Zazwyczaj tury\u015bci otrzymuj\u0105 wiz\u0119 z okresem wa\u017cno\u015bci przekraczaj\u0105cym okres pobytu w obcym kraju. W przypadku wiz wielokrotnego wjazdu wa\u017cno\u015b\u0107 ubezpieczenia musi obejmowa\u0107 przynajmniej jeden okres wjazdu do innego kraju.<\/p>\n<p>Musisz wykupi\u0107 ubezpieczenie dla obcego kraju w swoim kraju ojczystym. Konsulaty przyjm\u0105 ubezpieczenie od firm wskazanych w wykazie, czyli firma ubezpieczeniowa, kt\u00f3ra twierdzi, \u017ce wystawia Ci ubezpieczenie, musi mie\u0107 umow\u0119 z mi\u0119dzynarodowym towarzystwem ubezpieczeniowym z konkretnym krajem, do kt\u00f3rego planowany jest wyjazd. Ubiegaj\u0105c si\u0119 o wiz\u0119, musisz mie\u0107 przy sobie nie tylko orygina\u0142, ale tak\u017ce kopi\u0119 ubezpieczenia. Je\u015bli przy sk\u0142adaniu dokument\u00f3w nie masz pod r\u0119k\u0105 ubezpieczenia, dokumenty po prostu nie zostan\u0105 od Ciebie przyj\u0119te. Nale\u017cy zauwa\u017cy\u0107, \u017ce je\u015bli wniosek wizowy zostanie odrzucony, firma ubezpieczeniowa jest zobowi\u0105zana do zwrotu pieni\u0119dzy. A je\u015bli otrzyma\u0142e\u015b wiz\u0119 na okres kr\u00f3tszy ni\u017c by\u015b chcia\u0142, masz prawo do zwrotu cz\u0119\u015bci pieni\u0119dzy wydanych na ubezpieczenie.<\/p>\n<p>Koszt ubezpieczenia zdrowotnego jest zwykle uzale\u017cniony od d\u0142ugo\u015bci pobytu w innym kraju. Tutaj obowi\u0105zuje jedna zasada: im wi\u0119cej dni sp\u0119dzisz za granic\u0105, tym taniej b\u0119dzie Ci\u0119 kosztowa\u0107 ubezpieczenie. Wa\u017cne jest r\u00f3wnie\u017c to, ile si\u0119 ubezpieczasz. Zwykle ubezpieczenie mo\u017cna uzyska\u0107 na kwot\u0119 30, 50 i 75 tysi\u0119cy euro.[\/vc_column_text][\/vc_column][\/vc_row][\/vc_section]<\/p>\n","protected":false},"excerpt":{"rendered":"<p>[vc_section enable_inner=&#8221;yes&#8221; parallax_image=&#8221;&#8221; section_type=&#8221;hero&#8221; parallax=&#8221;content-moving-fade&#8221; content_placement=&#8221;top&#8221; bg_class=&#8221;bg-tra&#8221; parallax_image_attachment=&#8221;inherit&#8221; padding_class=&#8221;&#8221; parallax_image_repeat=&#8221;&#8221; parallax_image_position=&#8221;50% 0&#8243; css=&#8221;.vc_custom_1628690043512{background-image: url(http:\/\/visapro.com.pl\/wp-content\/uploads\/2021\/08\/2652003936_2652003936-01.jpeg?id=3474) !important;background-position: center !important;background-repeat: no-repeat !important;background-size: cover !important;}&#8221;][vc_row parallax_image_attachment=&#8221;inherit&#8221;][vc_column width=&#8221;7\/12&#8243;][\/vc_column][vc_column width=&#8221;5\/12&#8243;][\/vc_column][\/vc_row][\/vc_section][vc_section parallax_image_attachment=&#8221;inherit&#8221; padding_class=&#8221;wide-10&#8243;][vc_row parallax_image_attachment=&#8221;inherit&#8221;][vc_column][vc_column_text] Ubezpieczenie wizy Je\u015bli planujesz podr\u00f3\u017c do obcego kraju, musisz wykupi\u0107 polis\u0119 ubezpieczeniow\u0105. Nale\u017cy&#8230;<\/p>\n","protected":false},"author":1,"featured_media":0,"parent":0,"menu_order":0,"comment_status":"closed","ping_status":"closed","template":"","meta":{"footnotes":""},"class_list":["post-3340","page","type-page","status-publish","hentry","no-post-thumbnail"],"post_mailing_queue_ids":[],"_links":{"self":[{"href":"https:\/\/visapro.com.pl\/pl\/wp-json\/wp\/v2\/pages\/3340","targetHints":{"allow":["GET"]}}],"collection":[{"href":"https:\/\/visapro.com.pl\/pl\/wp-json\/wp\/v2\/pages"}],"about":[{"href":"https:\/\/visapro.com.pl\/pl\/wp-json\/wp\/v2\/types\/page"}],"author":[{"embeddable":true,"href":"https:\/\/visapro.com.pl\/pl\/wp-json\/wp\/v2\/users\/1"}],"replies":[{"embeddable":true,"href":"https:\/\/visapro.com.pl\/pl\/wp-json\/wp\/v2\/comments?post=3340"}],"version-history":[{"count":33,"href":"https:\/\/visapro.com.pl\/pl\/wp-json\/wp\/v2\/pages\/3340\/revisions"}],"predecessor-version":[{"id":6022,"href":"https:\/\/visapro.com.pl\/pl\/wp-json\/wp\/v2\/pages\/3340\/revisions\/6022"}],"wp:attachment":[{"href":"https:\/\/visapro.com.pl\/pl\/wp-json\/wp\/v2\/media?parent=3340"}],"curies":[{"name":"wp","href":"https:\/\/api.w.org\/{rel}","templated":true}]}}