{"id":3345,"date":"2021-08-06T22:18:59","date_gmt":"2021-08-06T19:18:59","guid":{"rendered":"http:\/\/visa.hqd-cuive.ru\/?page_id=3345"},"modified":"2022-11-04T10:41:25","modified_gmt":"2022-11-04T08:41:25","slug":"zapolneniya-ankety","status":"publish","type":"page","link":"https:\/\/visapro.com.pl\/pl\/zapolneniya-ankety\/","title":{"rendered":"Wype\u0142nianie wniosk\u00f3w \/ anket"},"content":{"rendered":"<p>[vc_section enable_inner=&#8221;yes&#8221; parallax_image=&#8221;&#8221; section_type=&#8221;hero&#8221; parallax=&#8221;content-moving-fade&#8221; content_placement=&#8221;top&#8221; bg_class=&#8221;bg-tra&#8221; parallax_image_attachment=&#8221;inherit&#8221; padding_class=&#8221;&#8221; parallax_image_repeat=&#8221;&#8221; parallax_image_position=&#8221;50% 0&#8243; css=&#8221;.vc_custom_1628692738519{background-image: url(http:\/\/visapro.com.pl\/wp-content\/uploads\/2021\/08\/image_0-01.jpeg?id=3481) !important;}&#8221;][vc_row][vc_column width=&#8221;7\/12&#8243;]\n        <div > \n        \t\n                     \n            <h3 class=\"white-color h3-xl none\">Wype\u0142nianie wniosk\u00f3w \/ anket<\/h3>\n            <p class=\"white-color p-lg none\">Pomagamy w wype\u0142nieniu wniosku wizowego<\/p> \n             \n            \n                        \n                        \n            \n             \n                       \n                        \n                  \n        <\/div>[\/vc_column][vc_column width=&#8221;5\/12&#8243;]\n<div class=\"wpcf7 no-js\" id=\"wpcf7-f3679-o1\" lang=\"en-US\" dir=\"ltr\" data-wpcf7-id=\"3679\">\n<div class=\"screen-reader-response\"><p role=\"status\" aria-live=\"polite\" aria-atomic=\"true\"><\/p> <ul><\/ul><\/div>\n<form action=\"\/pl\/wp-json\/wp\/v2\/pages\/3345#wpcf7-f3679-o1\" method=\"post\" class=\"wpcf7-form init\" aria-label=\"Contact form\" novalidate=\"novalidate\" data-status=\"init\">\n<fieldset class=\"hidden-fields-container\"><input type=\"hidden\" name=\"_wpcf7\" value=\"3679\" \/><input type=\"hidden\" name=\"_wpcf7_version\" value=\"6.1.4\" \/><input type=\"hidden\" name=\"_wpcf7_locale\" value=\"en_US\" \/><input type=\"hidden\" name=\"_wpcf7_unit_tag\" value=\"wpcf7-f3679-o1\" \/><input type=\"hidden\" name=\"_wpcf7_container_post\" value=\"0\" \/><input type=\"hidden\" name=\"_wpcf7_posted_data_hash\" value=\"\" \/><input type=\"hidden\" name=\"lang\" value=\"pl\" \/>\n<\/fieldset>\n<div id=\"hero-form\" class=\"text-center mb-40\">\n\t<div class=\"row hero-request-form bg-darkblue\">\n\t\t<div class=\"col-md-12 white-color\">\n\t\t\t<h5 class=\"h5-lg\">Popro\u015b o telefon\n\t\t\t<\/h5>\n\t\t<\/div>\n\t\t<div id=\"input-name\" class=\"col-md-12\">\n\t\t\t<p><span class=\"wpcf7-form-control-wrap\" data-name=\"your-name\"><input size=\"40\" maxlength=\"400\" class=\"wpcf7-form-control wpcf7-text wpcf7-validates-as-required form-control name\" aria-required=\"true\" aria-invalid=\"false\" placeholder=\"Twoje imi\u0119\" value=\"\" type=\"text\" name=\"your-name\" \/><\/span>\n\t\t\t<\/p>\n\t\t<\/div>\n\t\t<div id=\"input-email\" class=\"col-md-12\">\n\t\t\t<p><span class=\"wpcf7-form-control-wrap\" data-name=\"your-email\"><input size=\"40\" maxlength=\"400\" class=\"wpcf7-form-control wpcf7-email wpcf7-validates-as-required wpcf7-text wpcf7-validates-as-email form-control email\" aria-required=\"true\" aria-invalid=\"false\" placeholder=\"Tw\u00f3j email\" value=\"\" type=\"email\" name=\"your-email\" \/><\/span>\n\t\t\t<\/p>\n\t\t<\/div>\n\t\t<div id=\"input-email\" class=\"col-md-12\">\n\t\t\t<p><span class=\"wpcf7-form-control-wrap\" data-name=\"tel-449\"><input size=\"40\" maxlength=\"400\" class=\"wpcf7-form-control wpcf7-tel wpcf7-validates-as-required wpcf7-text wpcf7-validates-as-tel form-control email\" aria-required=\"true\" aria-invalid=\"false\" placeholder=\"Tw\u00f3j numer telefonu\" value=\"\" type=\"tel\" name=\"tel-449\" \/><\/span>\n\t\t\t<\/p>\n\t\t<\/div>\n\t\t<div id=\"input-visa\" class=\"col-md-12 input-visa\">\n\t\t\t<p><span class=\"wpcf7-form-control-wrap visa\"><select class=\"wpcf7-form-control wpcf7-select wpcf7-validates-as-required custom-select visa\" name=\"visa\"><option value=\"W\u0119gry\">W\u0119gry<\/option><option value=\"Australia\">Australia<\/option><option value=\"Kanada\">Kanada<\/option><option value=\"Wielka Brytania\">Wielka Brytania<\/option><option value=\"USA\">USA<\/option><option value=\"Niemcy\">Niemcy<\/option><option value=\"Grecja\">Grecja<\/option><option value=\"Litwa\">Litwa<\/option><option value=\"S\u0142owacja\">S\u0142owacja<\/option><option value=\"W\u0142ochy\">W\u0142ochy<\/option><option value=\"Polska\">Polska<\/option><option value=\"Estonia\">Estonia<\/option><option value=\"Czechy\">Czechy<\/option><option value=\"Hiszpania\">Hiszpania<\/option><option value=\"Francja\">Francja<\/option><option value=\"Meksyk\">Meksyk<\/option><option value=\"Japonia\">Japonia<\/option><option value=\"Chiny\">Chiny<\/option><option value=\"RPA\">RPA<\/option><option value=\"Nowa Zelandia\">Nowa Zelandia<\/option><option value=\"Indonezja\">Indonezja<\/option><option value=\"Rumunia\">Rumunia<\/option><option value=\"Bu\u0142garia\">Bu\u0142garia<\/option><option value=\"Holandia\">Holandia<\/option><\/select><\/span>\n\t\t\t<\/p>\n\t\t<\/div>\n\t\t<div class=\"col-md-12 form-btn\">\n\t\t\t<p><input class=\"wpcf7-form-control wpcf7-submit has-spinner btn btn-primary tra-white-hover submit\" type=\"submit\" value=\"Wy\u015blij zapytanie\" \/>\n\t\t\t<\/p>\n\t\t\t<div class=\"white-color\">\n\t\t\t<div class=\"wpcf7-response-output\" aria-hidden=\"true\"><\/div>\n\t\t\t<\/div>\n\t\t<\/div>\n\t<\/div>\n<\/div>\n<\/form>\n<\/div>\n[\/vc_column][\/vc_row][\/vc_section][vc_section parallax_image_attachment=&#8221;inherit&#8221; padding_class=&#8221;wide-10&#8243;][vc_row parallax_image_attachment=&#8221;inherit&#8221;][vc_column][vc_column_text]<\/p>\n<h1 class=\"page_title\" style=\"text-align: center;\"><strong><span style=\"color: #1d437b;\">Formularz zg\u0142oszeniowy i rejestracja<\/span><\/strong><\/h1>\n<p>Do uzyskania wizy potrzebne s\u0105 nie tylko paszporty i kod identyfikacyjny, ale tak\u017ce specjalny formularz wniosku wizowego.<\/p>\n<p>Co to jest? Formularz wniosku wizowego jest bardzo wa\u017cnym dokumentem. \u0179le wype\u0142niony wniosek bardzo cz\u0119sto staje si\u0119 powodem odmowy wydania wizy. Tak wi\u0119c ten dokument nale\u017cy traktowa\u0107 bardzo powa\u017cnie i odpowiedzialnie. Ca\u0142y pakiet dokument\u00f3w zg\u0142oszonych do wizy zaczyna by\u0107 rozpatrywany dopiero po wype\u0142nieniu i podpisaniu wniosku, kt\u00f3ry wraz ze wszystkimi innymi dokumentami jest sk\u0142adany w PPWW. Lista dokument\u00f3w zale\u017cy od celu Twojej podr\u00f3\u017cy.<\/p>\n<p>Formularz zg\u0142oszeniowy wype\u0142niany jest w j\u0119zyku kraju, do kt\u00f3rego ambasady sk\u0142adasz dokumenty lub w j\u0119zyku angielskim. W ankiecie w polu 37 musi znajdowa\u0107 si\u0119 w\u0142asnor\u0119czny podpis wnioskodawcy (w przypadku osoby niepe\u0142noletniej ankiet\u0119 mog\u0105 podpisa\u0107 rodzice lub opiekunowie). Imi\u0119 i nazwisko nale\u017cy wpisa\u0107 dok\u0142adnie tak, jak w paszporcie, czyli alfabetem \u0142aci\u0144skim.<\/p>\n<p>Gdzie mog\u0119 otrzyma\u0107 formularze ankiet? Formularze wniosk\u00f3w mo\u017cna uzyska\u0107 w naszym centrum wizowym. S\u0105 wolne. Ponadto nasi pracownicy pomog\u0105 Ci wype\u0142ni\u0107 ankiet\u0119, co b\u0119dzie najlepsz\u0105 opcj\u0105, poniewa\u017c nie b\u0119dziesz musia\u0142 martwi\u0107 si\u0119 o \u017cadne b\u0142\u0119dy.[\/vc_column_text][\/vc_column][\/vc_row][\/vc_section]<\/p>\n","protected":false},"excerpt":{"rendered":"<p>[vc_section enable_inner=&#8221;yes&#8221; parallax_image=&#8221;&#8221; section_type=&#8221;hero&#8221; parallax=&#8221;content-moving-fade&#8221; content_placement=&#8221;top&#8221; bg_class=&#8221;bg-tra&#8221; parallax_image_attachment=&#8221;inherit&#8221; padding_class=&#8221;&#8221; parallax_image_repeat=&#8221;&#8221; parallax_image_position=&#8221;50% 0&#8243; css=&#8221;.vc_custom_1628692738519{background-image: url(http:\/\/visapro.com.pl\/wp-content\/uploads\/2021\/08\/image_0-01.jpeg?id=3481) !important;}&#8221;][vc_row][vc_column width=&#8221;7\/12&#8243;][\/vc_column][vc_column width=&#8221;5\/12&#8243;][\/vc_column][\/vc_row][\/vc_section][vc_section parallax_image_attachment=&#8221;inherit&#8221; padding_class=&#8221;wide-10&#8243;][vc_row parallax_image_attachment=&#8221;inherit&#8221;][vc_column][vc_column_text] Formularz zg\u0142oszeniowy i rejestracja Do uzyskania wizy potrzebne s\u0105 nie tylko paszporty i kod identyfikacyjny, ale tak\u017ce specjalny formularz wniosku&#8230;<\/p>\n","protected":false},"author":1,"featured_media":0,"parent":0,"menu_order":0,"comment_status":"closed","ping_status":"closed","template":"","meta":{"footnotes":""},"class_list":["post-3345","page","type-page","status-publish","hentry","no-post-thumbnail"],"post_mailing_queue_ids":[],"_links":{"self":[{"href":"https:\/\/visapro.com.pl\/pl\/wp-json\/wp\/v2\/pages\/3345","targetHints":{"allow":["GET"]}}],"collection":[{"href":"https:\/\/visapro.com.pl\/pl\/wp-json\/wp\/v2\/pages"}],"about":[{"href":"https:\/\/visapro.com.pl\/pl\/wp-json\/wp\/v2\/types\/page"}],"author":[{"embeddable":true,"href":"https:\/\/visapro.com.pl\/pl\/wp-json\/wp\/v2\/users\/1"}],"replies":[{"embeddable":true,"href":"https:\/\/visapro.com.pl\/pl\/wp-json\/wp\/v2\/comments?post=3345"}],"version-history":[{"count":22,"href":"https:\/\/visapro.com.pl\/pl\/wp-json\/wp\/v2\/pages\/3345\/revisions"}],"predecessor-version":[{"id":5910,"href":"https:\/\/visapro.com.pl\/pl\/wp-json\/wp\/v2\/pages\/3345\/revisions\/5910"}],"wp:attachment":[{"href":"https:\/\/visapro.com.pl\/pl\/wp-json\/wp\/v2\/media?parent=3345"}],"curies":[{"name":"wp","href":"https:\/\/api.w.org\/{rel}","templated":true}]}}