{"id":3352,"date":"2021-08-06T22:24:24","date_gmt":"2021-08-06T19:24:24","guid":{"rendered":"http:\/\/visa.hqd-cuive.ru\/?page_id=3352"},"modified":"2022-11-04T10:33:24","modified_gmt":"2022-11-04T08:33:24","slug":"spravka-o-nesudimosti","status":"publish","type":"page","link":"https:\/\/visapro.com.pl\/pl\/spravka-o-nesudimosti\/","title":{"rendered":"Za\u015bwiadczenie o niekaralno\u015bci"},"content":{"rendered":"<p>[vc_section parallax_image_attachment=&#8221;inherit&#8221;][vc_row parallax_image_attachment=&#8221;inherit&#8221;][vc_column width=&#8221;1\/2&#8243;][vc_column_text]<\/p>\n<div class=\"t396__elem tn-elem tn-elem__3422259251536161772606\" data-elem-id=\"1536161772606\" data-elem-type=\"text\" data-field-top-value=\"150\" data-field-top-res-960-value=\"123\" data-field-top-res-640-value=\"90\" data-field-top-res-480-value=\"77\" data-field-top-res-320-value=\"70\" data-field-left-value=\"21\" data-field-left-res-960-value=\"11\" data-field-left-res-640-value=\"91\" data-field-left-res-480-value=\"31\" data-field-left-res-320-value=\"11\" data-field-width-value=\"490\" data-field-width-res-960-value=\"390\" data-field-width-res-640-value=\"460\" data-field-width-res-480-value=\"420\" data-field-width-res-320-value=\"300\" data-field-axisy-value=\"top\" data-field-axisx-value=\"left\" data-field-container-value=\"grid\" data-field-topunits-value=\"px\" data-field-leftunits-value=\"px\" data-field-heightunits-value=\"\" data-field-widthunits-value=\"px\" data-fields=\"top,left,width,container,axisx,axisy,widthunits,leftunits,topunits\">\n<h1 class=\"tn-atom\"><span style=\"color: #1d437b;\">Za\u015bwiadczenie o niekaralno\u015bci<\/span><\/h1>\n<p class=\"tn-atom\">Dokument urz\u0119dowy potwierdzaj\u0105cy, \u017ce obywatel Ukrainy lub cudzoziemiec w dniu wydania za\u015bwiadczenia nie jest karany, nie zosta\u0142 poci\u0105gni\u0119ty do odpowiedzialno\u015bci karnej i nie jest poszukiwany przez Ministerstwo Spraw Wewn\u0119trznych.<\/p>\n<\/div>\n<p>[\/vc_column_text][\/vc_column][vc_column width=&#8221;1\/2&#8243;][vc_single_image custom_src=&#8221;http:\/\/visapro.com.pl\/wp-content\/uploads\/2021\/08\/pas_sn1.jpg&#8221;][\/vc_column][\/vc_row][\/vc_section]<\/p>\n","protected":false},"excerpt":{"rendered":"<p>[vc_section parallax_image_attachment=&#8221;inherit&#8221;][vc_row parallax_image_attachment=&#8221;inherit&#8221;][vc_column width=&#8221;1\/2&#8243;][vc_column_text] Za\u015bwiadczenie o niekaralno\u015bci Dokument urz\u0119dowy potwierdzaj\u0105cy, \u017ce obywatel Ukrainy lub cudzoziemiec w dniu wydania za\u015bwiadczenia nie jest karany, nie zosta\u0142 poci\u0105gni\u0119ty do odpowiedzialno\u015bci karnej i nie jest poszukiwany przez Ministerstwo Spraw Wewn\u0119trznych. [\/vc_column_text][\/vc_column][vc_column width=&#8221;1\/2&#8243;][vc_single_image custom_src=&#8221;http:\/\/visapro.com.pl\/wp-content\/uploads\/2021\/08\/pas_sn1.jpg&#8221;][\/vc_column][\/vc_row][\/vc_section]<\/p>\n","protected":false},"author":1,"featured_media":0,"parent":0,"menu_order":0,"comment_status":"closed","ping_status":"closed","template":"","meta":{"footnotes":""},"class_list":["post-3352","page","type-page","status-publish","hentry","no-post-thumbnail"],"post_mailing_queue_ids":[],"_links":{"self":[{"href":"https:\/\/visapro.com.pl\/pl\/wp-json\/wp\/v2\/pages\/3352","targetHints":{"allow":["GET"]}}],"collection":[{"href":"https:\/\/visapro.com.pl\/pl\/wp-json\/wp\/v2\/pages"}],"about":[{"href":"https:\/\/visapro.com.pl\/pl\/wp-json\/wp\/v2\/types\/page"}],"author":[{"embeddable":true,"href":"https:\/\/visapro.com.pl\/pl\/wp-json\/wp\/v2\/users\/1"}],"replies":[{"embeddable":true,"href":"https:\/\/visapro.com.pl\/pl\/wp-json\/wp\/v2\/comments?post=3352"}],"version-history":[{"count":49,"href":"https:\/\/visapro.com.pl\/pl\/wp-json\/wp\/v2\/pages\/3352\/revisions"}],"predecessor-version":[{"id":5915,"href":"https:\/\/visapro.com.pl\/pl\/wp-json\/wp\/v2\/pages\/3352\/revisions\/5915"}],"wp:attachment":[{"href":"https:\/\/visapro.com.pl\/pl\/wp-json\/wp\/v2\/media?parent=3352"}],"curies":[{"name":"wp","href":"https:\/\/api.w.org\/{rel}","templated":true}]}}