{"id":5132,"date":"2021-10-15T16:25:51","date_gmt":"2021-10-15T13:25:51","guid":{"rendered":"http:\/\/visapro.com.pl\/uk\/?page_id=5132"},"modified":"2022-11-04T10:23:27","modified_gmt":"2022-11-04T08:23:27","slug":"apostil","status":"publish","type":"page","link":"https:\/\/visapro.com.pl\/pl\/apostil\/","title":{"rendered":"Apostille"},"content":{"rendered":"<p>[vc_section parallax_image_attachment=&#8221;inherit&#8221;][vc_row parallax_image_attachment=&#8221;inherit&#8221;][vc_column][vc_column_text]<\/p>\n<h1 style=\"text-align: center;\"><span style=\"color: #1d437b;\"><strong>Apostille, co to jest?<\/strong><\/span><\/h1>\n<p>Apostille jest wymagane do uznania wa\u017cno\u015bci dokument\u00f3w, kt\u00f3re maj\u0105 by\u0107 u\u017cywane za granic\u0105. Procedura ta po\u015bwiadcza wa\u017cno\u015b\u0107 podpis\u00f3w, piecz\u0119ci, statusu os\u00f3b. Dokumenty urz\u0119dowe z certyfikatem apostille zachowuj\u0105 wa\u017cno\u015b\u0107 we wszystkich krajach b\u0119d\u0105cych stronami konwencji haskiej.<\/p>\n<p>Pa\u0144stwa-Strony Konwencji zrezygnowa\u0142y z wymogu pe\u0142nej legalizacji konsularnej dokument\u00f3w urz\u0119dowych i przesz\u0142y na uproszczon\u0105 procedur\u0119 apostille.<\/p>\n<p>Istniej\u0105 podstawy prawne, kt\u00f3re upraszczaj\u0105 lub anuluj\u0105 legalizacj\u0119 dokumentu, w wyniku czego apostille nie mo\u017ce by\u0107 stosowane.<\/p>\n<p>Apostille jest umieszczany:<br \/>\n&#8211; na dokumentach administracyjnych.<br \/>\n&#8211; na dokumentach dotycz\u0105cych wykszta\u0142cenia i tytu\u0142\u00f3w naukowych.<br \/>\n&#8211; na dokumentach s\u0105downictwa Ukrainy.<br \/>\n&#8211; na dokumentach organ\u00f3w prokuratury Ukrainy, organ\u00f3w wymiaru sprawiedliwo\u015bci.<br \/>\n&#8211; na dokumentach wystawionych przez notariuszy publicznych i prywatnych.<br \/>\n&#8211; na urz\u0119dowych za\u015bwiadczeniach podpisanych przez osoby prywatne, takich jak urz\u0119dowe za\u015bwiadczenia o rejestracji dokumentu oraz podpisy urz\u0119dowe i po\u015bwiadczone notarialnie.<\/p>\n<p>Apostille umieszcza si\u0119 na wniosek okaziciela dokumentu lub osoby podpisuj\u0105cej dokument. Zgodnie z konwencj\u0105 hask\u0105 z 1961 r. apostille musi by\u0107 zgodne ze wzorem za\u0142\u0105czonym do konwencji. Apostille sporz\u0105dza si\u0119 w jednym z j\u0119zyk\u00f3w urz\u0119dowych Konwencji lub w j\u0119zyku narodowym pa\u0144stwa.[\/vc_column_text][\/vc_column][\/vc_row][\/vc_section]<\/p>\n","protected":false},"excerpt":{"rendered":"<p>[vc_section parallax_image_attachment=&#8221;inherit&#8221;][vc_row parallax_image_attachment=&#8221;inherit&#8221;][vc_column][vc_column_text] Apostille, co to jest? Apostille jest wymagane do uznania wa\u017cno\u015bci dokument\u00f3w, kt\u00f3re maj\u0105 by\u0107 u\u017cywane za granic\u0105. Procedura ta po\u015bwiadcza wa\u017cno\u015b\u0107 podpis\u00f3w, piecz\u0119ci, statusu os\u00f3b. Dokumenty urz\u0119dowe z certyfikatem apostille zachowuj\u0105 wa\u017cno\u015b\u0107 we wszystkich krajach b\u0119d\u0105cych stronami&#8230;<\/p>\n","protected":false},"author":1,"featured_media":0,"parent":0,"menu_order":0,"comment_status":"closed","ping_status":"closed","template":"","meta":{"footnotes":""},"class_list":["post-5132","page","type-page","status-publish","hentry","no-post-thumbnail"],"post_mailing_queue_ids":[],"_links":{"self":[{"href":"https:\/\/visapro.com.pl\/pl\/wp-json\/wp\/v2\/pages\/5132","targetHints":{"allow":["GET"]}}],"collection":[{"href":"https:\/\/visapro.com.pl\/pl\/wp-json\/wp\/v2\/pages"}],"about":[{"href":"https:\/\/visapro.com.pl\/pl\/wp-json\/wp\/v2\/types\/page"}],"author":[{"embeddable":true,"href":"https:\/\/visapro.com.pl\/pl\/wp-json\/wp\/v2\/users\/1"}],"replies":[{"embeddable":true,"href":"https:\/\/visapro.com.pl\/pl\/wp-json\/wp\/v2\/comments?post=5132"}],"version-history":[{"count":25,"href":"https:\/\/visapro.com.pl\/pl\/wp-json\/wp\/v2\/pages\/5132\/revisions"}],"predecessor-version":[{"id":5917,"href":"https:\/\/visapro.com.pl\/pl\/wp-json\/wp\/v2\/pages\/5132\/revisions\/5917"}],"wp:attachment":[{"href":"https:\/\/visapro.com.pl\/pl\/wp-json\/wp\/v2\/media?parent=5132"}],"curies":[{"name":"wp","href":"https:\/\/api.w.org\/{rel}","templated":true}]}}